{"id":252470,"date":"2019-01-19T12:52:43","date_gmt":"2019-01-19T10:52:43","guid":{"rendered":"http:\/\/www.foxone.de\/?page_id=252470"},"modified":"2025-11-06T14:58:06","modified_gmt":"2025-11-06T12:58:06","slug":"aktuelle-kitten-bilder-2019","status":"publish","type":"page","link":"https:\/\/www.foxone.de\/?page_id=252470","title":{"rendered":"Bilder 2019"},"content":{"rendered":"\n<p><em>(<strong>Wir haben Kitten Stand: <em><strong><em>16.01.2021<\/em><\/strong><\/em><\/strong>)<\/em><\/p>\n\n\n\n<p><em>(<strong>Wir haben Kitten Stand:&nbsp;<em><strong><em>14.03.2021<\/em><\/strong><\/em><\/strong>)<\/em><\/p>\n\n\n\n<p><em><strong>(Wir haben Kitten von<\/strong>&nbsp;von&nbsp;<strong>Carina Fortuna Larissa Wayne<\/strong>&nbsp;&amp;&nbsp;<strong>Blueberry<\/strong>&nbsp;<strong>geboren<\/strong><\/em><em>am&nbsp;<strong>11.01.2021<\/strong><\/em>&nbsp;\u2013&nbsp;<em><strong>5 M\u00e4dchen<\/strong><\/em><em><strong>(<\/strong>vergeben<strong>) \u2013&nbsp;<em><strong>Stand d. Seite:&nbsp;<\/strong><\/em><em><strong><em><strong><em>14<\/em><\/strong><\/em><\/strong><\/em><em><strong><em><strong><em>.03.2021<\/em><\/strong><\/em><\/strong><\/em><\/strong><\/em><\/p>\n\n\n\n<p><strong><em><strong>(Wir haben Kitten von<\/strong>&nbsp;von&nbsp;<strong>Scarlett o\u00b4Hara<\/strong>&nbsp;&amp;&nbsp;<strong>Clint Eastwood<\/strong>&nbsp;<strong>geboren<\/strong><\/em>&nbsp;<em>am&nbsp;<strong>03.03.2021<\/strong><\/em>&nbsp;\u2013 2 <em><strong>M\u00e4dchen<\/strong><\/em> &amp; 2 <em>Jungs<\/em>&nbsp;&nbsp;<em><strong>(<\/strong><\/em><\/strong><em>vergeben<\/em><strong><em><strong>) \u2013&nbsp;Stand d. Seite:&nbsp;<\/strong><\/em><strong><em><strong><em><strong><em>14<\/em><\/strong><\/em><\/strong><\/em><\/strong><strong><em><strong><em><strong><em>.03.2021<\/em><\/strong><\/em><\/strong><\/em><\/strong><\/strong><\/p>\n\n\n\n<p><strong><em><strong>(Wir haben Kitten von<\/strong>&nbsp;von&nbsp;<strong>Shirley McLaine Lee<\/strong>&nbsp;&amp;&nbsp;<strong>Clint Eastwood<\/strong>&nbsp;<strong>geboren<\/strong><\/em>&nbsp;<em>am&nbsp;<strong>24.02.2021<\/strong><\/em>&nbsp;\u2013 3 <em><strong>M\u00e4dchen<\/strong><\/em> &amp; 3 <em>Jungs<\/em>&nbsp;&nbsp;<em><strong>(<\/strong><\/em><\/strong><em>vergeben<\/em><strong><em><strong>) \u2013Stand d. Seite:&nbsp;<\/strong><\/em><strong><em><strong><em><strong><em>14<\/em><\/strong><\/em><\/strong><\/em><\/strong><strong><em><strong><em><strong><em>.03.2021<\/em><\/strong><\/em><\/strong><\/em><\/strong><\/strong><\/p>\n\n\n\n<p><em><strong>Bei Interesse k\u00f6nnt ihr uns immer besuchen!<\/strong>&nbsp;Man kann sich gerne auch f\u00fcr die n\u00e4chsten W\u00fcrfe gerne vormerken lassen, mehr dazu gerne am Telefon oder bei einem pers\u00f6nlichen Besuch bei uns.<\/em>&nbsp;<em>Die Bilder werden dann hier erscheinen und in den News.<\/em><\/p>\n\n\n\n<p><\/p>\n\n\n\n<figure class=\"wp-block-image\"><img loading=\"lazy\" decoding=\"async\" width=\"5472\" height=\"3648\" src=\"https:\/\/i2.wp.com\/www.foxone.de\/wp-content\/uploads\/4X7A3054-2.jpg?fit=1000%2C667&amp;ssl=1\" alt=\"\" class=\"wp-image-252536\" srcset=\"https:\/\/i0.wp.com\/www.foxone.de\/wp-content\/uploads\/4X7A3054-2.jpg?w=5472&amp;ssl=1 5472w, https:\/\/i0.wp.com\/www.foxone.de\/wp-content\/uploads\/4X7A3054-2.jpg?resize=632%2C421&amp;ssl=1 632w, https:\/\/i0.wp.com\/www.foxone.de\/wp-content\/uploads\/4X7A3054-2.jpg?resize=768%2C512&amp;ssl=1 768w, https:\/\/i0.wp.com\/www.foxone.de\/wp-content\/uploads\/4X7A3054-2.jpg?resize=1020%2C680&amp;ssl=1 1020w, https:\/\/i0.wp.com\/www.foxone.de\/wp-content\/uploads\/4X7A3054-2.jpg?w=2000&amp;ssl=1 2000w, https:\/\/i0.wp.com\/www.foxone.de\/wp-content\/uploads\/4X7A3054-2.jpg?w=3000&amp;ssl=1 3000w\" sizes=\"auto, (max-width: 1000px) 100vw, 1000px\" \/><\/figure>\n\n\n<h4>Kittenbilder von <a href=\"https:\/\/www.foxone.de\/?page_id=1836\">Bloody Mary<\/a> und <a href=\"https:\/\/www.foxone.de\/?page_id=29\">John Wayne<\/a> geboren am <strong>22.01.2019<\/strong> <p><\/p>\n<p><\/p>\n<p><strong>3 &#8211; 4. Woche<\/strong><\/p>\n<\/h4>\n<p><iframe loading=\"lazy\" src=\"https:\/\/onedrive.live.com\/embed?cid=46CE6FD65E90372A&amp;resid=46CE6FD65E90372A%21216513&amp;authkey=APZAsc9cjeOMkOc\" width=\"165\" height=\"128\" frameborder=\"0\" scrolling=\"no\"><\/iframe> <iframe loading=\"lazy\" src=\"https:\/\/onedrive.live.com\/embed?cid=46CE6FD65E90372A&amp;resid=46CE6FD65E90372A%21216515&amp;authkey=AAVrmispquZMs7o\" width=\"165\" height=\"128\" frameborder=\"0\" scrolling=\"no\"><\/iframe> <iframe loading=\"lazy\" src=\"https:\/\/onedrive.live.com\/embed?cid=46CE6FD65E90372A&amp;resid=46CE6FD65E90372A%21216514&amp;authkey=AMhr6ABOz_Sw7a8\" width=\"165\" height=\"128\" frameborder=\"0\" scrolling=\"no\"><\/iframe><\/p>\n\n\n<p><\/p>\n\n\n<p><strong>5 &#8211; 6. Woche<\/strong><\/p>\n<p><iframe loading=\"lazy\" src=\"https:\/\/onedrive.live.com\/embed?cid=46CE6FD65E90372A&amp;resid=46CE6FD65E90372A%21217127&amp;authkey=AJcnvOaSad8wdUo\" width=\"165\" height=\"128\" frameborder=\"0\" scrolling=\"no\"><\/iframe><\/p>\n\n\n<p><\/p>\n\n\n<p><strong>8 &#8211; 9. Woche<\/strong><\/p>\n<p><iframe loading=\"lazy\" src=\"https:\/\/onedrive.live.com\/embed?cid=46CE6FD65E90372A&amp;resid=46CE6FD65E90372A%21222260&amp;authkey=AIlS1dvOI02GLH4\" width=\"165\" height=\"128\" frameborder=\"0\" scrolling=\"no\"><\/iframe> <iframe loading=\"lazy\" src=\"https:\/\/onedrive.live.com\/embed?cid=46CE6FD65E90372A&amp;resid=46CE6FD65E90372A%21222253&amp;authkey=AMxlfpZ-weIVhZU\" width=\"165\" height=\"128\" frameborder=\"0\" scrolling=\"no\"><\/iframe> <iframe loading=\"lazy\" src=\"https:\/\/onedrive.live.com\/embed?cid=46CE6FD65E90372A&amp;resid=46CE6FD65E90372A%21222249&amp;authkey=ADCAKADVXztHhc4\" width=\"165\" height=\"128\" frameborder=\"0\" scrolling=\"no\"><\/iframe><\/p>\n<p><strong>10 &#8211; 11. Woche<\/strong><\/p>\n<p><iframe loading=\"lazy\" src=\"https:\/\/onedrive.live.com\/embed?cid=46CE6FD65E90372A&amp;resid=46CE6FD65E90372A%21224292&amp;authkey=ACGMOASJCpANdtg\" width=\"165\" height=\"128\" frameborder=\"0\" scrolling=\"no\"><\/iframe> <iframe loading=\"lazy\" src=\"https:\/\/onedrive.live.com\/embed?cid=46CE6FD65E90372A&amp;resid=46CE6FD65E90372A%21224303&amp;authkey=AO91hLHn5EILXDM\" width=\"165\" height=\"128\" frameborder=\"0\" scrolling=\"no\"> <\/iframe> <iframe loading=\"lazy\" src=\"https:\/\/onedrive.live.com\/embed?cid=46CE6FD65E90372A&amp;resid=46CE6FD65E90372A%21224716&amp;authkey=AOH20RYrWwXvxMQ\" width=\"165\" height=\"128\" frameborder=\"0\" scrolling=\"no\"><\/iframe><\/p>\n<p><strong>Kitten von Melissa, Scarlett und Carina 1-3. Woche viel Spass beim ansehen!<\/strong><\/p>\n<p><iframe loading=\"lazy\" src=\"https:\/\/onedrive.live.com\/embed?cid=46CE6FD65E90372A&amp;resid=46CE6FD65E90372A%21226177&amp;authkey=AGIqsHKP9pGHjd4\" width=\"165\" height=\"128\" frameborder=\"0\" scrolling=\"no\"><\/iframe> <iframe loading=\"lazy\" src=\"https:\/\/onedrive.live.com\/embed?cid=46CE6FD65E90372A&amp;resid=46CE6FD65E90372A%21226121&amp;authkey=AAXIhNivJlCTIVQ\" width=\"165\" height=\"128\" frameborder=\"0\" scrolling=\"no\"><\/iframe> <iframe loading=\"lazy\" src=\"https:\/\/onedrive.live.com\/embed?cid=46CE6FD65E90372A&amp;resid=46CE6FD65E90372A%21226168&amp;authkey=ACo7Zksvf1g7oU0\" width=\"165\" height=\"128\" frameborder=\"0\" scrolling=\"no\"><\/iframe><\/p>","protected":false},"excerpt":{"rendered":"<p>(Wir haben Kitten Stand: 16.01.2021) (Wir haben Kitten Stand:&nbsp;14.03.2021) (Wir haben Kitten von&nbsp;von&nbsp;Carina Fortuna Larissa Wayne&nbsp;&amp;&nbsp;Blueberry&nbsp;geborenam&nbsp;11.01.2021&nbsp;\u2013&nbsp;5 M\u00e4dchen(vergeben) \u2013&nbsp;Stand d. Seite:&nbsp;14.03.2021 (Wir haben Kitten von&nbsp;von&nbsp;Scarlett o\u00b4Hara&nbsp;&amp;&nbsp;Clint Eastwood&nbsp;geboren&nbsp;am&nbsp;03.03.2021&nbsp;\u2013 2 M\u00e4dchen &amp; 2&#8230; <span class=\"more-link\"><a href=\"https:\/\/www.foxone.de\/?page_id=252470\">Read More<\/a><\/span><\/p>\n","protected":false},"author":1,"featured_media":250974,"parent":296261,"menu_order":240,"comment_status":"closed","ping_status":"closed","template":"","meta":{"footnotes":""},"class_list":["post-252470","page","type-page","status-publish","has-post-thumbnail","hentry"],"_links":{"self":[{"href":"https:\/\/www.foxone.de\/index.php?rest_route=\/wp\/v2\/pages\/252470","targetHints":{"allow":["GET"]}}],"collection":[{"href":"https:\/\/www.foxone.de\/index.php?rest_route=\/wp\/v2\/pages"}],"about":[{"href":"https:\/\/www.foxone.de\/index.php?rest_route=\/wp\/v2\/types\/page"}],"author":[{"embeddable":true,"href":"https:\/\/www.foxone.de\/index.php?rest_route=\/wp\/v2\/users\/1"}],"replies":[{"embeddable":true,"href":"https:\/\/www.foxone.de\/index.php?rest_route=%2Fwp%2Fv2%2Fcomments&post=252470"}],"version-history":[{"count":27,"href":"https:\/\/www.foxone.de\/index.php?rest_route=\/wp\/v2\/pages\/252470\/revisions"}],"predecessor-version":[{"id":286006,"href":"https:\/\/www.foxone.de\/index.php?rest_route=\/wp\/v2\/pages\/252470\/revisions\/286006"}],"up":[{"embeddable":true,"href":"https:\/\/www.foxone.de\/index.php?rest_route=\/wp\/v2\/pages\/296261"}],"wp:featuredmedia":[{"embeddable":true,"href":"https:\/\/www.foxone.de\/index.php?rest_route=\/wp\/v2\/media\/250974"}],"wp:attachment":[{"href":"https:\/\/www.foxone.de\/index.php?rest_route=%2Fwp%2Fv2%2Fmedia&parent=252470"}],"curies":[{"name":"wp","href":"https:\/\/api.w.org\/{rel}","templated":true}]}}