{"id":252690,"date":"2020-01-02T16:16:15","date_gmt":"2020-01-02T14:16:15","guid":{"rendered":"http:\/\/www.foxone.de\/?page_id=252690"},"modified":"2025-11-06T14:59:13","modified_gmt":"2025-11-06T12:59:13","slug":"zuchtrente","status":"publish","type":"page","link":"https:\/\/www.foxone.de\/?page_id=252690","title":{"rendered":"Zuchtrente"},"content":{"rendered":"\n<p>\u201eEinige unserer geliebten Tiere haben inzwischen ihre wohlverdiente Zuchtrente angetreten. Nach Jahren voller Erfolge, wundervoller Nachkommen und unvergesslicher Momente genie\u00dfen sie nun ihr Leben in vollen Z\u00fcgen. Sie haben ein liebevolles Zuhause bei unseren Kindern oder ausgew\u00e4hlten Liebhabern gefunden, wo sie als gesch\u00e4tzte Familienmitglieder verw\u00f6hnt und umsorgt werden.<\/p>\n\n\n\n<p>Ob kuschelige Sofastunden, spielerische Abenteuer oder einfach nur entspanntes D\u00f6sen in der Sonne \u2013 sie d\u00fcrfen nun ihr Leben ohne Verpflichtungen genie\u00dfen. Wir sind dankbar f\u00fcr die gemeinsame Zeit und stolz darauf, dass sie ihre wunderbaren Gene und ihr einzigartiges Wesen an die n\u00e4chste Generation weitergegeben haben. Ihr Erbe lebt in ihren Nachkommen weiter, und sie bleiben f\u00fcr immer ein wertvoller Teil unserer Zuchtgeschichte.\u201c<br><\/p>\n\n\n\n<p><strong>Eine au\u00dfergew\u00f6hnliche Liebesgeschichte \u2013 Bengal-Katzen auf Herzensreise<\/strong><\/p>\n\n\n\n<p>Als die anmutige Bengal-Dame das erste Mal den imposanten Kater traf, war es, als h\u00e4tten sich zwei Seelen erkannt. Ihre goldenen, wild gemusterten Fellzeichnungen funkelten im Sonnenlicht, w\u00e4hrend sie sich mit spielerischen Blicken umkreisten.<\/p>\n\n\n\n<p>Was als neugieriges Beschnuppern begann, wurde schnell zu einer tiefen Verbundenheit. Sie jagten gemeinsam durch den Garten, teilten sich leise geschnurrte Geheimnisse und suchten die N\u00e4he des anderen, wenn die Nacht hereinbrach.<\/p>\n\n\n\n<p>Eines Tages kam der Moment, der ihre Liebe besiegelte \u2013 die Dame brachte wundervolle, gesunde Kitten zur Welt, kleine Abbilder ihrer unzertrennlichen Verbindung. Der Kater wachte liebevoll \u00fcber seine Familie, und die Mutter zeigte sich als hingebungsvolle Erzieherin.<\/p>\n\n\n\n<p>Ihre Geschichte ist mehr als nur die eines Paares \u2013 sie ist die einer <strong>wilden, leidenschaftlichen und treuen Liebe<\/strong>, die mit jedem sanften Schnurren weiterlebt. \ud83d\udc95\ud83d\udc3e<\/p>\n","protected":false},"excerpt":{"rendered":"<p>\u201eEinige unserer geliebten Tiere haben inzwischen ihre wohlverdiente Zuchtrente angetreten. Nach Jahren voller Erfolge, wundervoller Nachkommen und unvergesslicher Momente genie\u00dfen sie nun ihr Leben in vollen Z\u00fcgen. Sie haben ein&#8230; <span class=\"more-link\"><a href=\"https:\/\/www.foxone.de\/?page_id=252690\">Read More<\/a><\/span><\/p>\n","protected":false},"author":1,"featured_media":298292,"parent":0,"menu_order":104,"comment_status":"closed","ping_status":"closed","template":"","meta":{"footnotes":""},"class_list":["post-252690","page","type-page","status-publish","has-post-thumbnail","hentry"],"_links":{"self":[{"href":"https:\/\/www.foxone.de\/index.php?rest_route=\/wp\/v2\/pages\/252690","targetHints":{"allow":["GET"]}}],"collection":[{"href":"https:\/\/www.foxone.de\/index.php?rest_route=\/wp\/v2\/pages"}],"about":[{"href":"https:\/\/www.foxone.de\/index.php?rest_route=\/wp\/v2\/types\/page"}],"author":[{"embeddable":true,"href":"https:\/\/www.foxone.de\/index.php?rest_route=\/wp\/v2\/users\/1"}],"replies":[{"embeddable":true,"href":"https:\/\/www.foxone.de\/index.php?rest_route=%2Fwp%2Fv2%2Fcomments&post=252690"}],"version-history":[{"count":7,"href":"https:\/\/www.foxone.de\/index.php?rest_route=\/wp\/v2\/pages\/252690\/revisions"}],"predecessor-version":[{"id":298291,"href":"https:\/\/www.foxone.de\/index.php?rest_route=\/wp\/v2\/pages\/252690\/revisions\/298291"}],"wp:featuredmedia":[{"embeddable":true,"href":"https:\/\/www.foxone.de\/index.php?rest_route=\/wp\/v2\/media\/298292"}],"wp:attachment":[{"href":"https:\/\/www.foxone.de\/index.php?rest_route=%2Fwp%2Fv2%2Fmedia&parent=252690"}],"curies":[{"name":"wp","href":"https:\/\/api.w.org\/{rel}","templated":true}]}}