{"id":253374,"date":"2020-05-30T17:53:52","date_gmt":"2020-05-30T15:53:52","guid":{"rendered":"http:\/\/www.foxone.de\/?page_id=253374"},"modified":"2026-02-11T17:53:04","modified_gmt":"2026-02-11T15:53:04","slug":"shirley-mclaine-lee","status":"publish","type":"page","link":"https:\/\/www.foxone.de\/?page_id=253374","title":{"rendered":"Shirley McLaine Lee"},"content":{"rendered":"\n<p><strong>Shirley McLaine Lee<\/strong><br>Eleganz, Ausdruck und Herz in perfekter Harmonie<\/p>\n\n\n\n<p><strong>Shirley McLaine Lee<\/strong> wurde am <strong>14.06.2019<\/strong> bei uns geboren und ist eine Bengal Lady aus eigener Nachzucht. Schon von Beginn an war klar, dass sie etwas Besonderes ist. In der seltenen Farbe Seal Sepia pr\u00e4sentiert sie sich mit einem Look, der ihresgleichen sucht \u2013 edel, ausdrucksstark und lebendig. Ihr Fell gl\u00e4nzt mit einem traumhaften goldenen Glitter, der das Licht einf\u00e4ngt und ihr eine fast magische Ausstrahlung verleiht. Jede Bewegung von Shirley wirkt harmonisch und kraftvoll zugleich. Sie ist eine Katze, die man einfach lieben muss.<\/p>\n\n\n\n<p>Charakterlich ist Shirley ein Traum. Sie ist liebevoll, <strong>aufmerksam<\/strong> und <strong>menschenbezogen<\/strong>, zeigt aber gleichzeitig Eigenst\u00e4ndigkeit und einen starken Willen \u2013 eine Kombination, die sie zu einem besonderen Mitglied unserer Bengal Familie macht. Ihr Wesen ist sanft, klar und stabil; sie schenkt Vertrauen und Bindung, beobachtet aufmerksam und bewegt sich elegant durch ihren Alltag.<\/p>\n\n\n\n<p><strong>Shirley<\/strong> stammt aus au\u00dfergew\u00f6hnlichen Linien. Ihr Vater ist <strong>General Lee of Foxone,<\/strong> ihre Mutter die legend\u00e4re <strong>Bonnie Madison Wayne<\/strong>. Beide Eltern genie\u00dfen inzwischen ihren wohlverdienten Ruhestand bei <strong>Stefan, Michelle<\/strong> und befreundeten Familien. <strong>Shirley<\/strong> vereint all die St\u00e4rken dieser Linien \u2013 Ausdruck, Charakter, Typst\u00e4rke und h\u00f6chste Qualit\u00e4t \u2013 in sich. Sie tr\u00e4gt die besten Eigenschaften ihrer Eltern in sich und ist eine w\u00fcrdige Vertreterin unserer Zucht.<\/p>\n\n\n\n<p>F\u00fcr <strong>Shirley<\/strong> fand sich der perfekte Partner in <strong>Clint Eastwood,<\/strong> der selbst aus der legend\u00e4ren <strong>John Wayne <\/strong>Linie stammt. Diese Verpaarung vereinte zwei der herausragendsten Linien unserer Zucht und brachte Kitten hervor, die das Erbe beider Eltern in sich tragen. Wir waren \u00fcberw\u00e4ltigt von der Harmonie, dem Ausdruck und der Ausstrahlung der Kitten. Es war eine Verbindung, die wirklich perfekt zusammenpasste ein Zusammenspiel von Sch\u00f6nheit, Eleganz und Temperament.<\/p>\n\n\n\n<p>Am <strong>21.07.2022 <\/strong>trat <strong>Shirley McLaine Lee<\/strong> in den wohlverdienten <strong>Zuchtruhestand<\/strong>. Sie lebt nun gemeinsam mit Leroy Leonard Lee, ihrem Gef\u00e4hrten und Partner, bei <strong>Stephanie<\/strong> und <strong>Rene<\/strong>, die sich liebevoll um die beiden k\u00fcmmern. Es erf\u00fcllt uns mit Freude zu wissen, dass Shirley in einem Umfeld lebt, das sie verw\u00f6hnt, sch\u00fctzt und ihr jeden Wunsch erf\u00fcllt. Dass wir die beiden regelm\u00e4\u00dfig besuchen k\u00f6nnen, macht die Verbindung weiterhin stark und erm\u00f6glicht uns, ihre Entwicklung und Lebensfreude hautnah mitzuerleben.<\/p>\n\n\n\n<p><strong>Shirley McLaine Lee<\/strong> ist mehr als nur eine Zuchtkatze sie ist eine <strong>Pers\u00f6nlichkeit<\/strong>, ein <strong>Herzst\u00fcck<\/strong> unserer Familie, eine Legende in der Entstehung. Ihr Look, ihr Glitter, ihr Ausdruck und ihr Charakter machen sie zu einer Katze, die man nie vergisst. Sie vereint Sch\u00f6nheit, Intelligenz, Eleganz und Sanftmut in einer vollkommenen Einheit.<\/p>\n\n\n\n<p>L O V E \u2013 <strong>Shirley McLaine Lee<\/strong> ist ein Name, ein Ausdruck, ein Gef\u00fchl. <br>Ein wahres Juwel unserer Bengal Welt.<\/p>\n\n\n\n<figure class=\"wp-block-image size-large\"><img data-recalc-dims=\"1\" loading=\"lazy\" decoding=\"async\" width=\"1000\" height=\"667\" src=\"https:\/\/i0.wp.com\/www.foxone.de\/wp-content\/uploads\/4X7A8603.jpg?resize=1000%2C667&#038;ssl=1\" alt=\"\" class=\"wp-image-289347\" srcset=\"https:\/\/i0.wp.com\/www.foxone.de\/wp-content\/uploads\/4X7A8603.jpg?resize=1020%2C680&amp;ssl=1 1020w, https:\/\/i0.wp.com\/www.foxone.de\/wp-content\/uploads\/4X7A8603.jpg?resize=632%2C421&amp;ssl=1 632w, https:\/\/i0.wp.com\/www.foxone.de\/wp-content\/uploads\/4X7A8603.jpg?resize=768%2C512&amp;ssl=1 768w, https:\/\/i0.wp.com\/www.foxone.de\/wp-content\/uploads\/4X7A8603.jpg?resize=1536%2C1024&amp;ssl=1 1536w, https:\/\/i0.wp.com\/www.foxone.de\/wp-content\/uploads\/4X7A8603.jpg?resize=2048%2C1365&amp;ssl=1 2048w\" sizes=\"auto, (max-width: 1000px) 100vw, 1000px\" \/><figcaption class=\"wp-element-caption\"><em>Shirley McLaine 2 Jahre alt geboren am 19.04.2019<br>Eltern: Bonnie Madison Wayne &amp; General Lee of Foxone<\/em><\/figcaption><\/figure>\n\n\n\n<figure class=\"wp-block-image size-large\"><img data-recalc-dims=\"1\" loading=\"lazy\" decoding=\"async\" width=\"1000\" height=\"667\" src=\"https:\/\/i0.wp.com\/www.foxone.de\/wp-content\/uploads\/4X7A8597.jpg?resize=1000%2C667&#038;ssl=1\" alt=\"\" class=\"wp-image-289349\" srcset=\"https:\/\/i0.wp.com\/www.foxone.de\/wp-content\/uploads\/4X7A8597.jpg?resize=1020%2C680&amp;ssl=1 1020w, https:\/\/i0.wp.com\/www.foxone.de\/wp-content\/uploads\/4X7A8597.jpg?resize=632%2C421&amp;ssl=1 632w, https:\/\/i0.wp.com\/www.foxone.de\/wp-content\/uploads\/4X7A8597.jpg?resize=768%2C512&amp;ssl=1 768w, https:\/\/i0.wp.com\/www.foxone.de\/wp-content\/uploads\/4X7A8597.jpg?resize=1536%2C1024&amp;ssl=1 1536w, https:\/\/i0.wp.com\/www.foxone.de\/wp-content\/uploads\/4X7A8597.jpg?resize=2048%2C1365&amp;ssl=1 2048w\" sizes=\"auto, (max-width: 1000px) 100vw, 1000px\" \/><figcaption class=\"wp-element-caption\"><em>Shirley McLaine 2 Jahre alt geboren am 19.04.2019<br>Eltern: Bonnie Madison Wayne &amp; General Lee of Foxone<\/em><\/figcaption><\/figure>\n\n\n\n<figure class=\"wp-block-image size-large\"><img data-recalc-dims=\"1\" loading=\"lazy\" decoding=\"async\" width=\"1000\" height=\"667\" src=\"https:\/\/i0.wp.com\/www.foxone.de\/wp-content\/uploads\/4X7A5865.jpg?resize=1000%2C667&#038;ssl=1\" alt=\"\" class=\"wp-image-289345\" srcset=\"https:\/\/i0.wp.com\/www.foxone.de\/wp-content\/uploads\/4X7A5865.jpg?resize=1020%2C680&amp;ssl=1 1020w, https:\/\/i0.wp.com\/www.foxone.de\/wp-content\/uploads\/4X7A5865.jpg?resize=632%2C421&amp;ssl=1 632w, https:\/\/i0.wp.com\/www.foxone.de\/wp-content\/uploads\/4X7A5865.jpg?resize=768%2C512&amp;ssl=1 768w, https:\/\/i0.wp.com\/www.foxone.de\/wp-content\/uploads\/4X7A5865.jpg?resize=1536%2C1024&amp;ssl=1 1536w, https:\/\/i0.wp.com\/www.foxone.de\/wp-content\/uploads\/4X7A5865.jpg?resize=2048%2C1365&amp;ssl=1 2048w\" sizes=\"auto, (max-width: 1000px) 100vw, 1000px\" \/><figcaption class=\"wp-element-caption\"><em>Shirley McLaine 2 Jahre alt geboren am 19.04.2019<br>Eltern: Bonnie Madison Wayne &amp; General Lee of Foxone<\/em><\/figcaption><\/figure>\n\n\n\n<figure class=\"wp-block-image size-large\"><img data-recalc-dims=\"1\" loading=\"lazy\" decoding=\"async\" width=\"1000\" height=\"667\" src=\"https:\/\/i0.wp.com\/www.foxone.de\/wp-content\/uploads\/4X7A8653.jpg?resize=1000%2C667&#038;ssl=1\" alt=\"\" class=\"wp-image-289348\" srcset=\"https:\/\/i0.wp.com\/www.foxone.de\/wp-content\/uploads\/4X7A8653.jpg?resize=1020%2C680&amp;ssl=1 1020w, https:\/\/i0.wp.com\/www.foxone.de\/wp-content\/uploads\/4X7A8653.jpg?resize=632%2C421&amp;ssl=1 632w, https:\/\/i0.wp.com\/www.foxone.de\/wp-content\/uploads\/4X7A8653.jpg?resize=768%2C512&amp;ssl=1 768w, https:\/\/i0.wp.com\/www.foxone.de\/wp-content\/uploads\/4X7A8653.jpg?resize=1536%2C1024&amp;ssl=1 1536w, https:\/\/i0.wp.com\/www.foxone.de\/wp-content\/uploads\/4X7A8653.jpg?resize=2048%2C1365&amp;ssl=1 2048w\" sizes=\"auto, (max-width: 1000px) 100vw, 1000px\" \/><figcaption class=\"wp-element-caption\"><em>Shirley McLaine 2 Jahre alt geboren am 19.04.2019<br>Eltern: Bonnie Madison Wayne &amp; General Lee of Foxone<\/em><\/figcaption><\/figure>\n\n\n\n<figure class=\"wp-block-image size-large\"><img data-recalc-dims=\"1\" loading=\"lazy\" decoding=\"async\" width=\"1000\" height=\"667\" src=\"https:\/\/i0.wp.com\/www.foxone.de\/wp-content\/uploads\/4X7A8540.jpg?resize=1000%2C667&#038;ssl=1\" alt=\"\" class=\"wp-image-289350\" srcset=\"https:\/\/i0.wp.com\/www.foxone.de\/wp-content\/uploads\/4X7A8540.jpg?resize=1020%2C680&amp;ssl=1 1020w, https:\/\/i0.wp.com\/www.foxone.de\/wp-content\/uploads\/4X7A8540.jpg?resize=632%2C421&amp;ssl=1 632w, https:\/\/i0.wp.com\/www.foxone.de\/wp-content\/uploads\/4X7A8540.jpg?resize=768%2C512&amp;ssl=1 768w, https:\/\/i0.wp.com\/www.foxone.de\/wp-content\/uploads\/4X7A8540.jpg?resize=1536%2C1024&amp;ssl=1 1536w, https:\/\/i0.wp.com\/www.foxone.de\/wp-content\/uploads\/4X7A8540.jpg?resize=2048%2C1365&amp;ssl=1 2048w\" sizes=\"auto, (max-width: 1000px) 100vw, 1000px\" \/><figcaption class=\"wp-element-caption\"><em>Shirley McLaine 2 Jahre alt geboren am 19.04.2019<br>Eltern: Bonnie Madison Wayne &amp; General Lee of Foxone<\/em><\/figcaption><\/figure>\n\n\n\n<figure class=\"wp-block-image size-large\"><img data-recalc-dims=\"1\" loading=\"lazy\" decoding=\"async\" width=\"1000\" height=\"667\" src=\"https:\/\/i0.wp.com\/www.foxone.de\/wp-content\/uploads\/4X7A5938.jpg?resize=1000%2C667&#038;ssl=1\" alt=\"\" class=\"wp-image-289351\" srcset=\"https:\/\/i0.wp.com\/www.foxone.de\/wp-content\/uploads\/4X7A5938.jpg?resize=1020%2C680&amp;ssl=1 1020w, https:\/\/i0.wp.com\/www.foxone.de\/wp-content\/uploads\/4X7A5938.jpg?resize=632%2C421&amp;ssl=1 632w, https:\/\/i0.wp.com\/www.foxone.de\/wp-content\/uploads\/4X7A5938.jpg?resize=768%2C512&amp;ssl=1 768w, https:\/\/i0.wp.com\/www.foxone.de\/wp-content\/uploads\/4X7A5938.jpg?resize=1536%2C1024&amp;ssl=1 1536w, https:\/\/i0.wp.com\/www.foxone.de\/wp-content\/uploads\/4X7A5938.jpg?resize=2048%2C1365&amp;ssl=1 2048w\" sizes=\"auto, (max-width: 1000px) 100vw, 1000px\" \/><figcaption class=\"wp-element-caption\"><em>Shirley McLaine 2 Jahre alt geboren am 19.04.2019<br>Eltern: Bonnie Madison Wayne &amp; General Lee of Foxone<\/em><\/figcaption><\/figure>\n\n\n\n<figure class=\"wp-block-image size-large\"><img data-recalc-dims=\"1\" loading=\"lazy\" decoding=\"async\" width=\"1000\" height=\"667\" src=\"https:\/\/i0.wp.com\/www.foxone.de\/wp-content\/uploads\/4X7A5878.jpg?resize=1000%2C667&#038;ssl=1\" alt=\"\" class=\"wp-image-289352\" srcset=\"https:\/\/i0.wp.com\/www.foxone.de\/wp-content\/uploads\/4X7A5878.jpg?resize=1020%2C680&amp;ssl=1 1020w, https:\/\/i0.wp.com\/www.foxone.de\/wp-content\/uploads\/4X7A5878.jpg?resize=632%2C421&amp;ssl=1 632w, https:\/\/i0.wp.com\/www.foxone.de\/wp-content\/uploads\/4X7A5878.jpg?resize=768%2C512&amp;ssl=1 768w, https:\/\/i0.wp.com\/www.foxone.de\/wp-content\/uploads\/4X7A5878.jpg?resize=1536%2C1024&amp;ssl=1 1536w, https:\/\/i0.wp.com\/www.foxone.de\/wp-content\/uploads\/4X7A5878.jpg?resize=2048%2C1365&amp;ssl=1 2048w\" sizes=\"auto, (max-width: 1000px) 100vw, 1000px\" \/><figcaption class=\"wp-element-caption\"><em><em>Shirley McLaine 2 Jahre alt geboren am 19.04.2019<br>Eltern: Bonnie Madison Wayne &amp; General Lee of Foxone<\/em><\/em><\/figcaption><\/figure>\n\n\n\n<figure class=\"wp-block-image size-large is-style-default\"><img loading=\"lazy\" decoding=\"async\" width=\"2189\" height=\"1459\" src=\"https:\/\/i2.wp.com\/www.foxone.de\/wp-content\/uploads\/4X7A2867.jpg?fit=1000%2C667&amp;ssl=1\" alt=\"\" class=\"wp-image-253375\" srcset=\"https:\/\/i0.wp.com\/www.foxone.de\/wp-content\/uploads\/4X7A2867.jpg?w=2189&amp;ssl=1 2189w, https:\/\/i0.wp.com\/www.foxone.de\/wp-content\/uploads\/4X7A2867.jpg?resize=632%2C421&amp;ssl=1 632w, https:\/\/i0.wp.com\/www.foxone.de\/wp-content\/uploads\/4X7A2867.jpg?resize=1020%2C680&amp;ssl=1 1020w, https:\/\/i0.wp.com\/www.foxone.de\/wp-content\/uploads\/4X7A2867.jpg?resize=768%2C512&amp;ssl=1 768w, https:\/\/i0.wp.com\/www.foxone.de\/wp-content\/uploads\/4X7A2867.jpg?resize=1536%2C1024&amp;ssl=1 1536w, https:\/\/i0.wp.com\/www.foxone.de\/wp-content\/uploads\/4X7A2867.jpg?resize=2048%2C1365&amp;ssl=1 2048w\" sizes=\"auto, (max-width: 1000px) 100vw, 1000px\" \/><figcaption class=\"wp-element-caption\"> <em>Shirley McLaine 1,5 Jahre alt geboren am 19.04.2019<br>Eltern: Bonnie Madison Wayne &amp; General Lee of Foxone<\/em><\/figcaption><\/figure>\n\n\n\n<figure class=\"wp-block-image size-large is-style-default\"><img loading=\"lazy\" decoding=\"async\" width=\"2189\" height=\"1459\" src=\"https:\/\/i0.wp.com\/www.foxone.de\/wp-content\/uploads\/4X7A2895.jpg?fit=1000%2C667&amp;ssl=1\" alt=\"\" class=\"wp-image-253376\" srcset=\"https:\/\/i0.wp.com\/www.foxone.de\/wp-content\/uploads\/4X7A2895.jpg?w=2189&amp;ssl=1 2189w, https:\/\/i0.wp.com\/www.foxone.de\/wp-content\/uploads\/4X7A2895.jpg?resize=632%2C421&amp;ssl=1 632w, https:\/\/i0.wp.com\/www.foxone.de\/wp-content\/uploads\/4X7A2895.jpg?resize=1020%2C680&amp;ssl=1 1020w, https:\/\/i0.wp.com\/www.foxone.de\/wp-content\/uploads\/4X7A2895.jpg?resize=768%2C512&amp;ssl=1 768w, https:\/\/i0.wp.com\/www.foxone.de\/wp-content\/uploads\/4X7A2895.jpg?resize=1536%2C1024&amp;ssl=1 1536w, https:\/\/i0.wp.com\/www.foxone.de\/wp-content\/uploads\/4X7A2895.jpg?resize=2048%2C1365&amp;ssl=1 2048w\" sizes=\"auto, (max-width: 1000px) 100vw, 1000px\" \/><figcaption class=\"wp-element-caption\"><em>Shirley McLaine 1,5 Jahre alt geboren am 19.04.2019<br>Eltern: Bonnie Madison Wayne &amp; General Lee of Foxone<\/em><\/figcaption><\/figure>\n\n\n\n<figure class=\"wp-block-image size-large is-style-default\"><img loading=\"lazy\" decoding=\"async\" width=\"2189\" height=\"1459\" src=\"https:\/\/i0.wp.com\/www.foxone.de\/wp-content\/uploads\/4X7A2853.jpg?fit=1000%2C667&amp;ssl=1\" alt=\"\" class=\"wp-image-253377\" srcset=\"https:\/\/i0.wp.com\/www.foxone.de\/wp-content\/uploads\/4X7A2853.jpg?w=2189&amp;ssl=1 2189w, https:\/\/i0.wp.com\/www.foxone.de\/wp-content\/uploads\/4X7A2853.jpg?resize=632%2C421&amp;ssl=1 632w, https:\/\/i0.wp.com\/www.foxone.de\/wp-content\/uploads\/4X7A2853.jpg?resize=1020%2C680&amp;ssl=1 1020w, https:\/\/i0.wp.com\/www.foxone.de\/wp-content\/uploads\/4X7A2853.jpg?resize=768%2C512&amp;ssl=1 768w, https:\/\/i0.wp.com\/www.foxone.de\/wp-content\/uploads\/4X7A2853.jpg?resize=1536%2C1024&amp;ssl=1 1536w, https:\/\/i0.wp.com\/www.foxone.de\/wp-content\/uploads\/4X7A2853.jpg?resize=2048%2C1365&amp;ssl=1 2048w\" sizes=\"auto, (max-width: 1000px) 100vw, 1000px\" \/><figcaption class=\"wp-element-caption\"><em>Shirley McLaine 1,5 Jahre alt geboren am 19.04.2019<br>Eltern: Bonnie Madison Wayne &amp; General Lee of Foxone<\/em><\/figcaption><\/figure>\n\n\n\n<figure class=\"wp-block-image size-large is-style-default\"><img loading=\"lazy\" decoding=\"async\" width=\"2189\" height=\"1459\" src=\"https:\/\/i1.wp.com\/www.foxone.de\/wp-content\/uploads\/4X7A2887.jpg?fit=1000%2C667&amp;ssl=1\" alt=\"\" class=\"wp-image-253379\" srcset=\"https:\/\/i0.wp.com\/www.foxone.de\/wp-content\/uploads\/4X7A2887.jpg?w=2189&amp;ssl=1 2189w, https:\/\/i0.wp.com\/www.foxone.de\/wp-content\/uploads\/4X7A2887.jpg?resize=632%2C421&amp;ssl=1 632w, https:\/\/i0.wp.com\/www.foxone.de\/wp-content\/uploads\/4X7A2887.jpg?resize=1020%2C680&amp;ssl=1 1020w, https:\/\/i0.wp.com\/www.foxone.de\/wp-content\/uploads\/4X7A2887.jpg?resize=768%2C512&amp;ssl=1 768w, https:\/\/i0.wp.com\/www.foxone.de\/wp-content\/uploads\/4X7A2887.jpg?resize=1536%2C1024&amp;ssl=1 1536w, https:\/\/i0.wp.com\/www.foxone.de\/wp-content\/uploads\/4X7A2887.jpg?resize=2048%2C1365&amp;ssl=1 2048w\" sizes=\"auto, (max-width: 1000px) 100vw, 1000px\" \/><figcaption class=\"wp-element-caption\"><em>Shirley McLaine 1,5 Jahre alt geboren am 19.04.2019<br>Eltern: Bonnie Madison Wayne &amp; General Lee of Foxone<\/em><\/figcaption><\/figure>\n","protected":false},"excerpt":{"rendered":"<p>Shirley McLaine LeeEleganz, Ausdruck und Herz in perfekter Harmonie Shirley McLaine Lee wurde am 14.06.2019 bei uns geboren und ist eine Bengal Lady aus eigener Nachzucht. Schon von Beginn an&#8230; <span class=\"more-link\"><a href=\"https:\/\/www.foxone.de\/?page_id=253374\">Read More<\/a><\/span><\/p>\n","protected":false},"author":1,"featured_media":289350,"parent":252690,"menu_order":11,"comment_status":"closed","ping_status":"closed","template":"","meta":{"footnotes":""},"class_list":["post-253374","page","type-page","status-publish","has-post-thumbnail","hentry"],"_links":{"self":[{"href":"https:\/\/www.foxone.de\/index.php?rest_route=\/wp\/v2\/pages\/253374","targetHints":{"allow":["GET"]}}],"collection":[{"href":"https:\/\/www.foxone.de\/index.php?rest_route=\/wp\/v2\/pages"}],"about":[{"href":"https:\/\/www.foxone.de\/index.php?rest_route=\/wp\/v2\/types\/page"}],"author":[{"embeddable":true,"href":"https:\/\/www.foxone.de\/index.php?rest_route=\/wp\/v2\/users\/1"}],"replies":[{"embeddable":true,"href":"https:\/\/www.foxone.de\/index.php?rest_route=%2Fwp%2Fv2%2Fcomments&post=253374"}],"version-history":[{"count":25,"href":"https:\/\/www.foxone.de\/index.php?rest_route=\/wp\/v2\/pages\/253374\/revisions"}],"predecessor-version":[{"id":301138,"href":"https:\/\/www.foxone.de\/index.php?rest_route=\/wp\/v2\/pages\/253374\/revisions\/301138"}],"up":[{"embeddable":true,"href":"https:\/\/www.foxone.de\/index.php?rest_route=\/wp\/v2\/pages\/252690"}],"wp:featuredmedia":[{"embeddable":true,"href":"https:\/\/www.foxone.de\/index.php?rest_route=\/wp\/v2\/media\/289350"}],"wp:attachment":[{"href":"https:\/\/www.foxone.de\/index.php?rest_route=%2Fwp%2Fv2%2Fmedia&parent=253374"}],"curies":[{"name":"wp","href":"https:\/\/api.w.org\/{rel}","templated":true}]}}