{"id":253386,"date":"2020-05-31T15:33:13","date_gmt":"2020-05-31T13:33:13","guid":{"rendered":"http:\/\/www.foxone.de\/?page_id=253386"},"modified":"2026-02-11T18:17:27","modified_gmt":"2026-02-11T16:17:27","slug":"general-lee-of-foxone","status":"publish","type":"page","link":"https:\/\/www.foxone.de\/?page_id=253386","title":{"rendered":"General Lee"},"content":{"rendered":"\n<p><strong>General Lee of Foxone<\/strong><br>Ein wahrhaft majest\u00e4tischer Bengal-Kater Ausdruck, Eleganz und Herz<\/p>\n\n\n\n<p><strong>General Lee of Foxone<\/strong> wurde am <strong>18.03.2018<\/strong> geboren und ist ein wundersch\u00f6ner Bengal-Kater in der seltenen Farbe \u201e<strong>Seal Mink<\/strong>\u201c. Schon von seiner Geburt an strahlt er eine Pr\u00e4senz aus, die sofort auff\u00e4llt: kraftvoll, elegant, ausdrucksstark \u2013 ein echter Blickfang in jeder Situation. Sein Fell gl\u00e4nzt samtig, zeigt feine Musterungen und verleiht ihm einen unvergleichlichen Look, der durch sein lebendiges Wesen perfekt erg\u00e4nzt wird.<\/p>\n\n\n\n<p>Von Anfang an zeichnete sich <strong>General Lee<\/strong> durch seine <strong>Intelligenz<\/strong>, seinen <strong>liebenswerten<\/strong> <strong>Charakter<\/strong> und seine ausgeglichene Pers\u00f6nlichkeit aus. Er ist ein Kater, der N\u00e4he und Zuneigung liebt, dabei aber immer seinen eigenen Kopf beh\u00e4lt \u2013 eine perfekte Kombination aus St\u00e4rke, Eleganz und Sanftmut. Jede Bewegung, jeder Blick, jedes Schnurren zeigt seine Lebensfreude, seine Pr\u00e4senz und die Liebe zu seiner Familie.<\/p>\n\n\n\n<p><strong>2019<\/strong> trat <strong>General Lee of Foxone<\/strong> in den wohlverdienten Zuchtruhestand ein und lebt seitdem zusammen mit der wunderbaren Bonnie Madison Wayne, die ebenfalls in Zuchtrente ist, bei Stefan und Michelle. Dort genie\u00dft er sein Leben in vollen Z\u00fcgen, verw\u00f6hnt und umsorgt, aber immer noch mit der majest\u00e4tischen Ausstrahlung eines echten Bengals. Die beiden bilden ein harmonisches Paar, das Ruhe, St\u00e4rke und Sch\u00f6nheit ausstrahlt, und sie zeigen t\u00e4glich, wie viel <strong>Freude<\/strong> und <strong>Liebe<\/strong> in einer gut gepflegten Zuchtlinie liegen kann.<\/p>\n\n\n\n<p><strong>General Lee of Foxone<\/strong> ist nicht nur ein Kater mit beeindruckendem \u00c4u\u00dferen er ist ein <strong>Herzst\u00fcck<\/strong>, ein Zeichen f\u00fcr Qualit\u00e4t und Charakter, ein Tier, das Spuren hinterl\u00e4sst. Sein Wesen, seine Eleganz und seine Art, mit Menschen und Artgenossen zu interagieren, machen ihn zu einem au\u00dfergew\u00f6hnlichen Mitglied unserer Familie und unserer Zuchtgeschichte.<\/p>\n\n\n\n<p>Wir sind unglaublich dankbar, <strong>General Lee of Foxone<\/strong> bei uns gehabt zu haben und freuen uns jeden Tag, ihn in seinem wohlverdienten Ruhestand zu erleben \u2013 majest\u00e4tisch, geliebt, bewundert und unvergesslich.<\/p>\n\n\n\n<p>Ein Kater, der in jeder Hinsicht \u00fcberzeugt <strong>General Lee of Foxone<\/strong>, ein Name, ein Charakter, ein wahres Juwel unserer Bengal-Welt.<\/p>\n\n\n\n<p>L O V E \u2764\ufe0f<\/p>\n\n\n\n<figure class=\"wp-block-image size-large is-style-default\"><img loading=\"lazy\" decoding=\"async\" width=\"2189\" height=\"1459\" src=\"https:\/\/i0.wp.com\/www.foxone.de\/wp-content\/uploads\/4X7A2577.jpg?fit=1000%2C667&amp;ssl=1\" alt=\"\" class=\"wp-image-253387\" srcset=\"https:\/\/i0.wp.com\/www.foxone.de\/wp-content\/uploads\/4X7A2577.jpg?w=2189&amp;ssl=1 2189w, https:\/\/i0.wp.com\/www.foxone.de\/wp-content\/uploads\/4X7A2577.jpg?resize=632%2C421&amp;ssl=1 632w, https:\/\/i0.wp.com\/www.foxone.de\/wp-content\/uploads\/4X7A2577.jpg?resize=1020%2C680&amp;ssl=1 1020w, https:\/\/i0.wp.com\/www.foxone.de\/wp-content\/uploads\/4X7A2577.jpg?resize=768%2C512&amp;ssl=1 768w, https:\/\/i0.wp.com\/www.foxone.de\/wp-content\/uploads\/4X7A2577.jpg?resize=1536%2C1024&amp;ssl=1 1536w, https:\/\/i0.wp.com\/www.foxone.de\/wp-content\/uploads\/4X7A2577.jpg?resize=2048%2C1365&amp;ssl=1 2048w\" sizes=\"auto, (max-width: 1000px) 100vw, 1000px\" \/><figcaption class=\"wp-element-caption\">General Lee of Foxone mit 15 Wochen<\/figcaption><\/figure>\n\n\n\n<figure class=\"wp-block-image size-large is-style-default\"><img loading=\"lazy\" decoding=\"async\" width=\"2189\" height=\"1459\" src=\"https:\/\/i2.wp.com\/www.foxone.de\/wp-content\/uploads\/4X7A2747.jpg?fit=1000%2C667&amp;ssl=1\" alt=\"\" class=\"wp-image-253388\" srcset=\"https:\/\/i0.wp.com\/www.foxone.de\/wp-content\/uploads\/4X7A2747.jpg?w=2189&amp;ssl=1 2189w, https:\/\/i0.wp.com\/www.foxone.de\/wp-content\/uploads\/4X7A2747.jpg?resize=632%2C421&amp;ssl=1 632w, https:\/\/i0.wp.com\/www.foxone.de\/wp-content\/uploads\/4X7A2747.jpg?resize=1020%2C680&amp;ssl=1 1020w, https:\/\/i0.wp.com\/www.foxone.de\/wp-content\/uploads\/4X7A2747.jpg?resize=768%2C512&amp;ssl=1 768w, https:\/\/i0.wp.com\/www.foxone.de\/wp-content\/uploads\/4X7A2747.jpg?resize=1536%2C1024&amp;ssl=1 1536w, https:\/\/i0.wp.com\/www.foxone.de\/wp-content\/uploads\/4X7A2747.jpg?resize=2048%2C1365&amp;ssl=1 2048w\" sizes=\"auto, (max-width: 1000px) 100vw, 1000px\" \/><figcaption class=\"wp-element-caption\">General Lee of Foxone mit 15 Wochen<\/figcaption><\/figure>\n\n\n\n<figure class=\"wp-block-image size-large is-style-default\"><img loading=\"lazy\" decoding=\"async\" width=\"2189\" height=\"1459\" src=\"https:\/\/i0.wp.com\/www.foxone.de\/wp-content\/uploads\/4X7A2847.jpg?fit=1000%2C667&amp;ssl=1\" alt=\"\" class=\"wp-image-253389\" srcset=\"https:\/\/i0.wp.com\/www.foxone.de\/wp-content\/uploads\/4X7A2847.jpg?w=2189&amp;ssl=1 2189w, https:\/\/i0.wp.com\/www.foxone.de\/wp-content\/uploads\/4X7A2847.jpg?resize=632%2C421&amp;ssl=1 632w, https:\/\/i0.wp.com\/www.foxone.de\/wp-content\/uploads\/4X7A2847.jpg?resize=1020%2C680&amp;ssl=1 1020w, https:\/\/i0.wp.com\/www.foxone.de\/wp-content\/uploads\/4X7A2847.jpg?resize=768%2C512&amp;ssl=1 768w, https:\/\/i0.wp.com\/www.foxone.de\/wp-content\/uploads\/4X7A2847.jpg?resize=1536%2C1024&amp;ssl=1 1536w, https:\/\/i0.wp.com\/www.foxone.de\/wp-content\/uploads\/4X7A2847.jpg?resize=2048%2C1365&amp;ssl=1 2048w\" sizes=\"auto, (max-width: 1000px) 100vw, 1000px\" \/><figcaption class=\"wp-element-caption\">General Lee of Foxone mit 15 Wochen<\/figcaption><\/figure>\n\n\n\n<figure class=\"wp-block-image size-large is-style-default\"><img loading=\"lazy\" decoding=\"async\" width=\"1200\" height=\"1600\" src=\"https:\/\/i1.wp.com\/www.foxone.de\/wp-content\/uploads\/1.jpeg?fit=1000%2C1333&amp;ssl=1\" alt=\"\" class=\"wp-image-253392\" srcset=\"https:\/\/i0.wp.com\/www.foxone.de\/wp-content\/uploads\/1.jpeg?w=1200&amp;ssl=1 1200w, https:\/\/i0.wp.com\/www.foxone.de\/wp-content\/uploads\/1.jpeg?resize=632%2C843&amp;ssl=1 632w, https:\/\/i0.wp.com\/www.foxone.de\/wp-content\/uploads\/1.jpeg?resize=1020%2C1360&amp;ssl=1 1020w, https:\/\/i0.wp.com\/www.foxone.de\/wp-content\/uploads\/1.jpeg?resize=768%2C1024&amp;ssl=1 768w, https:\/\/i0.wp.com\/www.foxone.de\/wp-content\/uploads\/1.jpeg?resize=1152%2C1536&amp;ssl=1 1152w\" sizes=\"auto, (max-width: 1000px) 100vw, 1000px\" \/><figcaption class=\"wp-element-caption\">General Lee of Foxone mit 15 Wochen<\/figcaption><\/figure>\n\n\n\n<figure class=\"wp-block-image size-large is-style-default\"><img loading=\"lazy\" decoding=\"async\" width=\"1200\" height=\"1600\" src=\"https:\/\/i1.wp.com\/www.foxone.de\/wp-content\/uploads\/2-1.jpeg?fit=1000%2C1333&amp;ssl=1\" alt=\"\" class=\"wp-image-253393\" srcset=\"https:\/\/i0.wp.com\/www.foxone.de\/wp-content\/uploads\/2-1.jpeg?w=1200&amp;ssl=1 1200w, https:\/\/i0.wp.com\/www.foxone.de\/wp-content\/uploads\/2-1.jpeg?resize=632%2C843&amp;ssl=1 632w, https:\/\/i0.wp.com\/www.foxone.de\/wp-content\/uploads\/2-1.jpeg?resize=1020%2C1360&amp;ssl=1 1020w, https:\/\/i0.wp.com\/www.foxone.de\/wp-content\/uploads\/2-1.jpeg?resize=768%2C1024&amp;ssl=1 768w, https:\/\/i0.wp.com\/www.foxone.de\/wp-content\/uploads\/2-1.jpeg?resize=1152%2C1536&amp;ssl=1 1152w\" sizes=\"auto, (max-width: 1000px) 100vw, 1000px\" \/><figcaption class=\"wp-element-caption\">General Lee of Foxone mit 15 Wochen<\/figcaption><\/figure>\n\n\n\n<figure class=\"wp-block-image size-large is-style-default\"><img loading=\"lazy\" decoding=\"async\" width=\"1200\" height=\"1600\" src=\"https:\/\/i2.wp.com\/www.foxone.de\/wp-content\/uploads\/3-2.jpeg?fit=1000%2C1333&amp;ssl=1\" alt=\"\" class=\"wp-image-253394\" srcset=\"https:\/\/i0.wp.com\/www.foxone.de\/wp-content\/uploads\/3-2.jpeg?w=1200&amp;ssl=1 1200w, https:\/\/i0.wp.com\/www.foxone.de\/wp-content\/uploads\/3-2.jpeg?resize=632%2C843&amp;ssl=1 632w, https:\/\/i0.wp.com\/www.foxone.de\/wp-content\/uploads\/3-2.jpeg?resize=1020%2C1360&amp;ssl=1 1020w, https:\/\/i0.wp.com\/www.foxone.de\/wp-content\/uploads\/3-2.jpeg?resize=768%2C1024&amp;ssl=1 768w, https:\/\/i0.wp.com\/www.foxone.de\/wp-content\/uploads\/3-2.jpeg?resize=1152%2C1536&amp;ssl=1 1152w\" sizes=\"auto, (max-width: 1000px) 100vw, 1000px\" \/><figcaption class=\"wp-element-caption\">General Lee of Foxone mit 1 Jahr<\/figcaption><\/figure>\n\n\n\n<figure class=\"wp-block-image size-large is-style-default\"><img loading=\"lazy\" decoding=\"async\" width=\"1200\" height=\"1600\" src=\"https:\/\/i2.wp.com\/www.foxone.de\/wp-content\/uploads\/4-1.jpeg?fit=1000%2C1333&amp;ssl=1\" alt=\"\" class=\"wp-image-253395\" srcset=\"https:\/\/i0.wp.com\/www.foxone.de\/wp-content\/uploads\/4-1.jpeg?w=1200&amp;ssl=1 1200w, https:\/\/i0.wp.com\/www.foxone.de\/wp-content\/uploads\/4-1.jpeg?resize=632%2C843&amp;ssl=1 632w, https:\/\/i0.wp.com\/www.foxone.de\/wp-content\/uploads\/4-1.jpeg?resize=1020%2C1360&amp;ssl=1 1020w, https:\/\/i0.wp.com\/www.foxone.de\/wp-content\/uploads\/4-1.jpeg?resize=768%2C1024&amp;ssl=1 768w, https:\/\/i0.wp.com\/www.foxone.de\/wp-content\/uploads\/4-1.jpeg?resize=1152%2C1536&amp;ssl=1 1152w\" sizes=\"auto, (max-width: 1000px) 100vw, 1000px\" \/><figcaption class=\"wp-element-caption\">General Lee of Foxone mit 1 Jahr<\/figcaption><\/figure>\n\n\n\n<figure class=\"wp-block-image size-large is-style-default\"><img loading=\"lazy\" decoding=\"async\" width=\"1600\" height=\"1200\" src=\"https:\/\/i0.wp.com\/www.foxone.de\/wp-content\/uploads\/11-1.jpeg?fit=1000%2C750&amp;ssl=1\" alt=\"\" class=\"wp-image-253396\" srcset=\"https:\/\/i0.wp.com\/www.foxone.de\/wp-content\/uploads\/11-1.jpeg?w=1600&amp;ssl=1 1600w, https:\/\/i0.wp.com\/www.foxone.de\/wp-content\/uploads\/11-1.jpeg?resize=632%2C474&amp;ssl=1 632w, https:\/\/i0.wp.com\/www.foxone.de\/wp-content\/uploads\/11-1.jpeg?resize=1020%2C765&amp;ssl=1 1020w, https:\/\/i0.wp.com\/www.foxone.de\/wp-content\/uploads\/11-1.jpeg?resize=768%2C576&amp;ssl=1 768w, https:\/\/i0.wp.com\/www.foxone.de\/wp-content\/uploads\/11-1.jpeg?resize=1536%2C1152&amp;ssl=1 1536w\" sizes=\"auto, (max-width: 1000px) 100vw, 1000px\" \/><figcaption class=\"wp-element-caption\">General Lee of Foxone mit 1 Jahr<\/figcaption><\/figure>\n\n\n\n<figure class=\"wp-block-image size-large is-style-default\"><img loading=\"lazy\" decoding=\"async\" width=\"1600\" height=\"1200\" src=\"https:\/\/i0.wp.com\/www.foxone.de\/wp-content\/uploads\/12.jpeg?fit=1000%2C750&amp;ssl=1\" alt=\"\" class=\"wp-image-253397\" srcset=\"https:\/\/i0.wp.com\/www.foxone.de\/wp-content\/uploads\/12.jpeg?w=1600&amp;ssl=1 1600w, https:\/\/i0.wp.com\/www.foxone.de\/wp-content\/uploads\/12.jpeg?resize=632%2C474&amp;ssl=1 632w, https:\/\/i0.wp.com\/www.foxone.de\/wp-content\/uploads\/12.jpeg?resize=1020%2C765&amp;ssl=1 1020w, https:\/\/i0.wp.com\/www.foxone.de\/wp-content\/uploads\/12.jpeg?resize=768%2C576&amp;ssl=1 768w, https:\/\/i0.wp.com\/www.foxone.de\/wp-content\/uploads\/12.jpeg?resize=1536%2C1152&amp;ssl=1 1536w\" sizes=\"auto, (max-width: 1000px) 100vw, 1000px\" \/><figcaption class=\"wp-element-caption\">General Lee of Foxone mit 1 Jahr<\/figcaption><\/figure>\n\n\n\n<figure class=\"wp-block-image size-large is-style-default\"><img loading=\"lazy\" decoding=\"async\" width=\"1200\" height=\"1600\" src=\"https:\/\/i0.wp.com\/www.foxone.de\/wp-content\/uploads\/9-1.jpeg?fit=1000%2C1333&amp;ssl=1\" alt=\"\" class=\"wp-image-253398\" srcset=\"https:\/\/i0.wp.com\/www.foxone.de\/wp-content\/uploads\/9-1.jpeg?w=1200&amp;ssl=1 1200w, https:\/\/i0.wp.com\/www.foxone.de\/wp-content\/uploads\/9-1.jpeg?resize=632%2C843&amp;ssl=1 632w, https:\/\/i0.wp.com\/www.foxone.de\/wp-content\/uploads\/9-1.jpeg?resize=1020%2C1360&amp;ssl=1 1020w, https:\/\/i0.wp.com\/www.foxone.de\/wp-content\/uploads\/9-1.jpeg?resize=768%2C1024&amp;ssl=1 768w, https:\/\/i0.wp.com\/www.foxone.de\/wp-content\/uploads\/9-1.jpeg?resize=1152%2C1536&amp;ssl=1 1152w\" sizes=\"auto, (max-width: 1000px) 100vw, 1000px\" \/><figcaption class=\"wp-element-caption\">General Lee of Foxone mit 1 Jahr<\/figcaption><\/figure>\n\n\n\n<figure class=\"wp-block-image size-large is-style-default\"><img loading=\"lazy\" decoding=\"async\" width=\"1200\" height=\"1600\" src=\"https:\/\/i1.wp.com\/www.foxone.de\/wp-content\/uploads\/8-1.jpeg?fit=1000%2C1333&amp;ssl=1\" alt=\"\" class=\"wp-image-253399\" srcset=\"https:\/\/i0.wp.com\/www.foxone.de\/wp-content\/uploads\/8-1.jpeg?w=1200&amp;ssl=1 1200w, https:\/\/i0.wp.com\/www.foxone.de\/wp-content\/uploads\/8-1.jpeg?resize=632%2C843&amp;ssl=1 632w, https:\/\/i0.wp.com\/www.foxone.de\/wp-content\/uploads\/8-1.jpeg?resize=1020%2C1360&amp;ssl=1 1020w, https:\/\/i0.wp.com\/www.foxone.de\/wp-content\/uploads\/8-1.jpeg?resize=768%2C1024&amp;ssl=1 768w, https:\/\/i0.wp.com\/www.foxone.de\/wp-content\/uploads\/8-1.jpeg?resize=1152%2C1536&amp;ssl=1 1152w\" sizes=\"auto, (max-width: 1000px) 100vw, 1000px\" \/><figcaption class=\"wp-element-caption\">General Lee of Foxone mit 1 Jahr<\/figcaption><\/figure>\n","protected":false},"excerpt":{"rendered":"<p>General Lee of FoxoneEin wahrhaft majest\u00e4tischer Bengal-Kater Ausdruck, Eleganz und Herz General Lee of Foxone wurde am 18.03.2018 geboren und ist ein wundersch\u00f6ner Bengal-Kater in der seltenen Farbe \u201eSeal Mink\u201c&#8230;. <span class=\"more-link\"><a href=\"https:\/\/www.foxone.de\/?page_id=253386\">Read More<\/a><\/span><\/p>\n","protected":false},"author":1,"featured_media":291879,"parent":252690,"menu_order":200,"comment_status":"closed","ping_status":"closed","template":"","meta":{"footnotes":""},"class_list":["post-253386","page","type-page","status-publish","has-post-thumbnail","hentry"],"_links":{"self":[{"href":"https:\/\/www.foxone.de\/index.php?rest_route=\/wp\/v2\/pages\/253386","targetHints":{"allow":["GET"]}}],"collection":[{"href":"https:\/\/www.foxone.de\/index.php?rest_route=\/wp\/v2\/pages"}],"about":[{"href":"https:\/\/www.foxone.de\/index.php?rest_route=\/wp\/v2\/types\/page"}],"author":[{"embeddable":true,"href":"https:\/\/www.foxone.de\/index.php?rest_route=\/wp\/v2\/users\/1"}],"replies":[{"embeddable":true,"href":"https:\/\/www.foxone.de\/index.php?rest_route=%2Fwp%2Fv2%2Fcomments&post=253386"}],"version-history":[{"count":6,"href":"https:\/\/www.foxone.de\/index.php?rest_route=\/wp\/v2\/pages\/253386\/revisions"}],"predecessor-version":[{"id":301155,"href":"https:\/\/www.foxone.de\/index.php?rest_route=\/wp\/v2\/pages\/253386\/revisions\/301155"}],"up":[{"embeddable":true,"href":"https:\/\/www.foxone.de\/index.php?rest_route=\/wp\/v2\/pages\/252690"}],"wp:featuredmedia":[{"embeddable":true,"href":"https:\/\/www.foxone.de\/index.php?rest_route=\/wp\/v2\/media\/291879"}],"wp:attachment":[{"href":"https:\/\/www.foxone.de\/index.php?rest_route=%2Fwp%2Fv2%2Fmedia&parent=253386"}],"curies":[{"name":"wp","href":"https:\/\/api.w.org\/{rel}","templated":true}]}}