{"id":254154,"date":"2020-10-12T13:50:48","date_gmt":"2020-10-12T11:50:48","guid":{"rendered":"http:\/\/www.foxone.de\/?page_id=254154"},"modified":"2026-02-11T17:47:03","modified_gmt":"2026-02-11T15:47:03","slug":"leroy-leonard-lee","status":"publish","type":"page","link":"https:\/\/www.foxone.de\/?page_id=254154","title":{"rendered":"Leroy Lee"},"content":{"rendered":"\n<p><strong>Leroy Leonard Lee<br><\/strong>Ein Traumkater, ein Erbe, eine Legende in Entstehung<\/p>\n\n\n\n<p><strong>Leroy Leonard Lee<\/strong> wurde am <strong>19.04.2019 <\/strong>geboren und ist ein Bengal-Kater, der bereits jetzt in jeder Hinsicht beeindruckt. Mit einem derzeitigen Gewicht von ca. <strong>6,5 kg<\/strong> zeigt er einen kraftvollen, muskul\u00f6sen K\u00f6rperbau und eine harmonische, athletische Linie. Sein Wachstum ist noch nicht abgeschlossen, und wir rechnen damit, dass er am Ende seines Wachstums zwischen 6 und 6,5 kg erreichen wird ein Kater von beeindruckender Statur, <strong>Charisma<\/strong> und <strong>Pr\u00e4senz<\/strong>.<\/p>\n\n\n\n<p>Sein <strong>Stammbaum<\/strong> ist schlichtweg <strong>ph\u00e4nomenal<\/strong>. Die Mutter ist <strong>Alison Eastwood<\/strong>, die Tochter von World Champion <strong>Bloody Mary<\/strong> und World Champion <strong>Clint Eastwood,<\/strong> und der Vater ist <strong>General Lee of Foxone<\/strong>. Mit diesem Hintergrund vereint <strong>Leroy<\/strong> das Beste aus mehreren Generationen von Champions. Sein Gro\u00dfvater <strong>Clint Eastwood<\/strong> ist selbst der Sohn des <strong>legend\u00e4ren John Wayne<\/strong> \u2013 eine Linie, die Geschichte geschrieben hat. Jeder in dieser Ahnenreihe tr\u00e4gt den Titel World Champion und steht f\u00fcr h\u00f6chste Qualit\u00e4t, Ausdruck und Typst\u00e4rke. <strong>Leroy Leonard Lee<\/strong> tritt nun in diese gro\u00dfartige Linie ein und tr\u00e4gt sie in sich, bereit, sie weiterzuf\u00fchren und unsere Zucht nachhaltig zu bereichern.<\/p>\n\n\n\n<p>Von Anfang an zeigte sich sein <strong>au\u00dfergew\u00f6hnliches Potenzial<\/strong>. Sein Ausdruck, seine Zeichnung, seine Ausstrahlung und sein temperamentvolles, zugleich ausgeglichenes Wesen sind beeindruckend. Leroy vereint St\u00e4rke und Eleganz, Energie und Ruhe, Pr\u00e4senz und Herzensw\u00e4rme in einem Tier. Er ist aufmerksam, menschenbezogen und in jeder Hinsicht ein Herzens- und Zuchtkater.<\/p>\n\n\n\n<p><strong>2021 und 2022<\/strong> konnte Leroy erstmals Nachwuchs zeugen und setzte dabei direkt Ma\u00dfst\u00e4be. Mit <strong>Caroline Eastwood <\/strong>(die Erste) brachte er einen <strong>8er Wurf <\/strong>hervor, der einfach traumhaft war. Zwei der M\u00e4dchen haben wir behalten \u2013 <strong>Paige Josephine Lee und Caroline Eastwood<\/strong> und beide haben Qualit\u00e4ten, die sie zu Legenden werden haben lassen.<\/p>\n\n\n\n<p>Am <strong>12.02.2022<\/strong> brachte er gemeinsam mit <strong>Lady Scarlett<\/strong> Kitten zur Welt, von denen wir ein M\u00e4dchen, J<strong>oy Ashley Lee<\/strong>, behalten haben. Sie wird die Linie von Leroy weitertragen und die charakterliche und z\u00fcchterische Exzellenz seiner Linie fortf\u00fchren.<\/p>\n\n\n\n<p>Mit etwas Gl\u00fcck konnte <strong>Leroy<\/strong> vor seiner Kastration auch noch <strong>Kate McLaine Lee <\/strong>decken. Wir sind gespannt auf das Ergebnis und freuen uns auf seinen letzten Nachwuchs \u2013 ein w\u00fcrdiger Abschluss seiner aktiven Zuchtzeit.<\/p>\n\n\n\n<p>Am <strong>15.02.2022<\/strong> wurde Leroy Leonard Lee offiziell kastriert und trat in den wohlverdienten Zuchtruhestand ein. Bei seiner j\u00e4hrlichen <strong>HCM- und PKD-Untersuchung am 02.02.2022<\/strong> wurde best\u00e4tigt, dass er topfit ist und traumhafte Werte aufweist \u2013 ein gesunder, starker Kater, der bestens versorgt ist.<\/p>\n\n\n\n<p>Obwohl wir <strong>Leroy<\/strong> nur ungern kastriert haben, da wir leider nicht dauerhaft drei Kater halten k\u00f6nnen, wissen alle, die ihn kennen, welch au\u00dfergew\u00f6hnliches Tier er ist. Er ist liebevoll, sanft, verspielt und gleichzeitig ein Kater voller Pr\u00e4senz und Charakter.<\/p>\n\n\n\n<p>Heute lebt <strong>Leroy<\/strong> zusammen <strong>mit seiner gro\u00dfen Liebe Shirley McLaine Lee<\/strong> bei <strong>Stephanie<\/strong> und <strong>Rene<\/strong>, die sich liebevoll um die beiden k\u00fcmmern. Wir k\u00f6nnen sie jederzeit besuchen und genie\u00dfen es sehr, sie weiterhin in unserem Leben zu haben. <strong>Leroy Leonard Lee <\/strong>bleibt ein herausragender Kater, ein Erbe unserer besten Linien, ein Herzst\u00fcck unserer Zucht und eine Legende f\u00fcr die Zukunft.<\/p>\n\n\n\n<figure class=\"wp-block-image size-large is-style-default\"><img data-recalc-dims=\"1\" loading=\"lazy\" decoding=\"async\" width=\"1000\" height=\"667\" src=\"https:\/\/i0.wp.com\/www.foxone.de\/wp-content\/uploads\/4X7A4807.jpg?resize=1000%2C667&#038;ssl=1\" alt=\"\" class=\"wp-image-254156\" srcset=\"https:\/\/i0.wp.com\/www.foxone.de\/wp-content\/uploads\/4X7A4807.jpg?resize=1020%2C680&amp;ssl=1 1020w, https:\/\/i0.wp.com\/www.foxone.de\/wp-content\/uploads\/4X7A4807.jpg?resize=632%2C421&amp;ssl=1 632w, https:\/\/i0.wp.com\/www.foxone.de\/wp-content\/uploads\/4X7A4807.jpg?resize=768%2C512&amp;ssl=1 768w, https:\/\/i0.wp.com\/www.foxone.de\/wp-content\/uploads\/4X7A4807.jpg?resize=1536%2C1024&amp;ssl=1 1536w, https:\/\/i0.wp.com\/www.foxone.de\/wp-content\/uploads\/4X7A4807.jpg?resize=2048%2C1365&amp;ssl=1 2048w\" sizes=\"auto, (max-width: 1000px) 100vw, 1000px\" \/><figcaption class=\"wp-element-caption\"><em>Leroy Leonard Lee mit 1,5 Jahre alt geboren am 19.04.2019<br>Eltern: Alison Eastwood &amp; General Lee of Foxone<\/em><\/figcaption><\/figure>\n\n\n\n<figure class=\"wp-block-image size-large is-style-default\"><img data-recalc-dims=\"1\" loading=\"lazy\" decoding=\"async\" width=\"1000\" height=\"1500\" src=\"https:\/\/i0.wp.com\/www.foxone.de\/wp-content\/uploads\/4X7A5021.jpg?resize=1000%2C1500&#038;ssl=1\" alt=\"\" class=\"wp-image-254157\" srcset=\"https:\/\/i0.wp.com\/www.foxone.de\/wp-content\/uploads\/4X7A5021.jpg?resize=1020%2C1530&amp;ssl=1 1020w, https:\/\/i0.wp.com\/www.foxone.de\/wp-content\/uploads\/4X7A5021.jpg?resize=632%2C948&amp;ssl=1 632w, https:\/\/i0.wp.com\/www.foxone.de\/wp-content\/uploads\/4X7A5021.jpg?resize=768%2C1152&amp;ssl=1 768w, https:\/\/i0.wp.com\/www.foxone.de\/wp-content\/uploads\/4X7A5021.jpg?resize=1024%2C1536&amp;ssl=1 1024w, https:\/\/i0.wp.com\/www.foxone.de\/wp-content\/uploads\/4X7A5021.jpg?resize=1365%2C2048&amp;ssl=1 1365w, https:\/\/i0.wp.com\/www.foxone.de\/wp-content\/uploads\/4X7A5021.jpg?w=1459&amp;ssl=1 1459w\" sizes=\"auto, (max-width: 1000px) 100vw, 1000px\" \/><figcaption class=\"wp-element-caption\"><em><em><meta charset=\"utf-8\"><em>Leroy Leonard Lee mit 1,5 Jahre alt geboren am 19.04.2019<br>Eltern: Alison Eastwood &amp; General Lee of Foxone<\/em><\/em><\/em><\/figcaption><\/figure>\n\n\n\n<figure class=\"wp-block-image size-large is-style-default\"><img data-recalc-dims=\"1\" loading=\"lazy\" decoding=\"async\" width=\"1000\" height=\"667\" src=\"https:\/\/i0.wp.com\/www.foxone.de\/wp-content\/uploads\/4X7A5027.jpg?resize=1000%2C667&#038;ssl=1\" alt=\"\" class=\"wp-image-254158\" srcset=\"https:\/\/i0.wp.com\/www.foxone.de\/wp-content\/uploads\/4X7A5027.jpg?resize=1020%2C680&amp;ssl=1 1020w, https:\/\/i0.wp.com\/www.foxone.de\/wp-content\/uploads\/4X7A5027.jpg?resize=632%2C421&amp;ssl=1 632w, https:\/\/i0.wp.com\/www.foxone.de\/wp-content\/uploads\/4X7A5027.jpg?resize=768%2C512&amp;ssl=1 768w, https:\/\/i0.wp.com\/www.foxone.de\/wp-content\/uploads\/4X7A5027.jpg?resize=1536%2C1024&amp;ssl=1 1536w, https:\/\/i0.wp.com\/www.foxone.de\/wp-content\/uploads\/4X7A5027.jpg?resize=2048%2C1365&amp;ssl=1 2048w\" sizes=\"auto, (max-width: 1000px) 100vw, 1000px\" \/><figcaption class=\"wp-element-caption\"><em><em><meta charset=\"utf-8\"><em>Leroy Leonard Lee mit 1,5 Jahre alt geboren am 19.04.2019<br>Eltern: Alison Eastwood &amp; General Lee of Foxone<\/em><\/em><\/em><\/figcaption><\/figure>\n\n\n\n<figure class=\"wp-block-image size-large is-style-default\"><img data-recalc-dims=\"1\" loading=\"lazy\" decoding=\"async\" width=\"1000\" height=\"667\" src=\"https:\/\/i0.wp.com\/www.foxone.de\/wp-content\/uploads\/4X7A4943.jpg?resize=1000%2C667&#038;ssl=1\" alt=\"\" class=\"wp-image-254159\" srcset=\"https:\/\/i0.wp.com\/www.foxone.de\/wp-content\/uploads\/4X7A4943.jpg?resize=1020%2C680&amp;ssl=1 1020w, https:\/\/i0.wp.com\/www.foxone.de\/wp-content\/uploads\/4X7A4943.jpg?resize=632%2C421&amp;ssl=1 632w, https:\/\/i0.wp.com\/www.foxone.de\/wp-content\/uploads\/4X7A4943.jpg?resize=768%2C512&amp;ssl=1 768w, https:\/\/i0.wp.com\/www.foxone.de\/wp-content\/uploads\/4X7A4943.jpg?resize=1536%2C1024&amp;ssl=1 1536w, https:\/\/i0.wp.com\/www.foxone.de\/wp-content\/uploads\/4X7A4943.jpg?resize=2048%2C1365&amp;ssl=1 2048w\" sizes=\"auto, (max-width: 1000px) 100vw, 1000px\" \/><figcaption class=\"wp-element-caption\"><em><em>Leroy Leonar<meta charset=\"utf-8\"><em>Leroy Leonard Lee mit 1,5 Jahre alt geboren am 19.04.2019<br>Eltern: Alison Eastwood &amp; General Lee of Foxone<\/em><\/em><\/em><\/figcaption><\/figure>\n\n\n\n<figure class=\"wp-block-image size-large is-style-default\"><img data-recalc-dims=\"1\" loading=\"lazy\" decoding=\"async\" width=\"1000\" height=\"667\" src=\"https:\/\/i0.wp.com\/www.foxone.de\/wp-content\/uploads\/4X7A4904.jpg?resize=1000%2C667&#038;ssl=1\" alt=\"\" class=\"wp-image-254160\" srcset=\"https:\/\/i0.wp.com\/www.foxone.de\/wp-content\/uploads\/4X7A4904.jpg?resize=1020%2C680&amp;ssl=1 1020w, https:\/\/i0.wp.com\/www.foxone.de\/wp-content\/uploads\/4X7A4904.jpg?resize=632%2C421&amp;ssl=1 632w, https:\/\/i0.wp.com\/www.foxone.de\/wp-content\/uploads\/4X7A4904.jpg?resize=768%2C512&amp;ssl=1 768w, https:\/\/i0.wp.com\/www.foxone.de\/wp-content\/uploads\/4X7A4904.jpg?resize=1536%2C1024&amp;ssl=1 1536w, https:\/\/i0.wp.com\/www.foxone.de\/wp-content\/uploads\/4X7A4904.jpg?resize=2048%2C1365&amp;ssl=1 2048w\" sizes=\"auto, (max-width: 1000px) 100vw, 1000px\" \/><figcaption class=\"wp-element-caption\"><em><em><meta charset=\"utf-8\"><em>Leroy Leonard Lee mit 1,5 Jahre alt geboren am 19.04.2019<br>Eltern: Alison Eastwood &amp; General Lee of Foxone<\/em><\/em><\/em><\/figcaption><\/figure>\n\n\n\n<figure class=\"wp-block-image size-large is-style-default\"><img data-recalc-dims=\"1\" loading=\"lazy\" decoding=\"async\" width=\"1000\" height=\"1500\" src=\"https:\/\/i0.wp.com\/www.foxone.de\/wp-content\/uploads\/4X7A5022.jpg?resize=1000%2C1500&#038;ssl=1\" alt=\"\" class=\"wp-image-254161\" srcset=\"https:\/\/i0.wp.com\/www.foxone.de\/wp-content\/uploads\/4X7A5022.jpg?resize=1020%2C1530&amp;ssl=1 1020w, https:\/\/i0.wp.com\/www.foxone.de\/wp-content\/uploads\/4X7A5022.jpg?resize=632%2C948&amp;ssl=1 632w, https:\/\/i0.wp.com\/www.foxone.de\/wp-content\/uploads\/4X7A5022.jpg?resize=768%2C1152&amp;ssl=1 768w, https:\/\/i0.wp.com\/www.foxone.de\/wp-content\/uploads\/4X7A5022.jpg?resize=1024%2C1536&amp;ssl=1 1024w, https:\/\/i0.wp.com\/www.foxone.de\/wp-content\/uploads\/4X7A5022.jpg?resize=1365%2C2048&amp;ssl=1 1365w, https:\/\/i0.wp.com\/www.foxone.de\/wp-content\/uploads\/4X7A5022.jpg?w=1459&amp;ssl=1 1459w\" sizes=\"auto, (max-width: 1000px) 100vw, 1000px\" \/><figcaption class=\"wp-element-caption\"><em><em><meta charset=\"utf-8\"><em>Leroy Leonard Lee mit 1,5 Jahre alt geboren am 19.04.2019<br>Eltern: Alison Eastwood &amp; General Lee of Foxone<\/em><\/em><\/em><\/figcaption><\/figure>\n\n\n\n<figure class=\"wp-block-image size-large is-style-default\"><img data-recalc-dims=\"1\" loading=\"lazy\" decoding=\"async\" width=\"1000\" height=\"1500\" src=\"https:\/\/i0.wp.com\/www.foxone.de\/wp-content\/uploads\/4X7A5011.jpg?resize=1000%2C1500&#038;ssl=1\" alt=\"\" class=\"wp-image-254162\" srcset=\"https:\/\/i0.wp.com\/www.foxone.de\/wp-content\/uploads\/4X7A5011.jpg?resize=1020%2C1530&amp;ssl=1 1020w, https:\/\/i0.wp.com\/www.foxone.de\/wp-content\/uploads\/4X7A5011.jpg?resize=632%2C948&amp;ssl=1 632w, https:\/\/i0.wp.com\/www.foxone.de\/wp-content\/uploads\/4X7A5011.jpg?resize=768%2C1152&amp;ssl=1 768w, https:\/\/i0.wp.com\/www.foxone.de\/wp-content\/uploads\/4X7A5011.jpg?resize=1024%2C1536&amp;ssl=1 1024w, https:\/\/i0.wp.com\/www.foxone.de\/wp-content\/uploads\/4X7A5011.jpg?resize=1365%2C2048&amp;ssl=1 1365w, https:\/\/i0.wp.com\/www.foxone.de\/wp-content\/uploads\/4X7A5011.jpg?w=1459&amp;ssl=1 1459w\" sizes=\"auto, (max-width: 1000px) 100vw, 1000px\" \/><figcaption class=\"wp-element-caption\"><em><em><em>Leroy Leonard Lee mit 1,5 Jahre alt geboren am 19.04.2019<br>Eltern: Alison Eastwood &amp; General Lee of Foxone<\/em><\/em><\/em><\/figcaption><\/figure>\n\n\n\n<figure class=\"wp-block-image size-large is-style-default\"><img data-recalc-dims=\"1\" loading=\"lazy\" decoding=\"async\" width=\"1000\" height=\"667\" src=\"https:\/\/i0.wp.com\/www.foxone.de\/wp-content\/uploads\/4X7A4830.jpg?resize=1000%2C667&#038;ssl=1\" alt=\"\" class=\"wp-image-254163\" srcset=\"https:\/\/i0.wp.com\/www.foxone.de\/wp-content\/uploads\/4X7A4830.jpg?resize=1020%2C680&amp;ssl=1 1020w, https:\/\/i0.wp.com\/www.foxone.de\/wp-content\/uploads\/4X7A4830.jpg?resize=632%2C421&amp;ssl=1 632w, https:\/\/i0.wp.com\/www.foxone.de\/wp-content\/uploads\/4X7A4830.jpg?resize=768%2C512&amp;ssl=1 768w, https:\/\/i0.wp.com\/www.foxone.de\/wp-content\/uploads\/4X7A4830.jpg?resize=1536%2C1024&amp;ssl=1 1536w, https:\/\/i0.wp.com\/www.foxone.de\/wp-content\/uploads\/4X7A4830.jpg?resize=2048%2C1365&amp;ssl=1 2048w\" sizes=\"auto, (max-width: 1000px) 100vw, 1000px\" \/><figcaption class=\"wp-element-caption\"><em><em><meta charset=\"utf-8\"><em>Leroy Leonard Lee mit 1,5 Jahre alt geboren am 19.04.2019<br>Eltern: Alison Eastwood &amp; General Lee of Foxone<\/em><\/em><\/em><\/figcaption><\/figure>\n\n\n\n<figure class=\"wp-block-image size-large is-style-default\"><img data-recalc-dims=\"1\" loading=\"lazy\" decoding=\"async\" width=\"1000\" height=\"1500\" src=\"https:\/\/i0.wp.com\/www.foxone.de\/wp-content\/uploads\/4X7A4984.jpg?resize=1000%2C1500&#038;ssl=1\" alt=\"\" class=\"wp-image-254164\" srcset=\"https:\/\/i0.wp.com\/www.foxone.de\/wp-content\/uploads\/4X7A4984.jpg?resize=1020%2C1530&amp;ssl=1 1020w, https:\/\/i0.wp.com\/www.foxone.de\/wp-content\/uploads\/4X7A4984.jpg?resize=632%2C948&amp;ssl=1 632w, https:\/\/i0.wp.com\/www.foxone.de\/wp-content\/uploads\/4X7A4984.jpg?resize=768%2C1152&amp;ssl=1 768w, https:\/\/i0.wp.com\/www.foxone.de\/wp-content\/uploads\/4X7A4984.jpg?resize=1024%2C1536&amp;ssl=1 1024w, https:\/\/i0.wp.com\/www.foxone.de\/wp-content\/uploads\/4X7A4984.jpg?resize=1365%2C2048&amp;ssl=1 1365w, https:\/\/i0.wp.com\/www.foxone.de\/wp-content\/uploads\/4X7A4984.jpg?w=1459&amp;ssl=1 1459w\" sizes=\"auto, (max-width: 1000px) 100vw, 1000px\" \/><figcaption class=\"wp-element-caption\"><em><em><meta charset=\"utf-8\"><em>Leroy Leonard Lee mit 1,5 Jahre alt geboren am 19.04.2019<br>Eltern: Alison Eastwood &amp; General Lee of Foxone<\/em><\/em><\/em><\/figcaption><\/figure>\n\n\n\n<figure class=\"wp-block-image size-large is-style-default\"><img data-recalc-dims=\"1\" loading=\"lazy\" decoding=\"async\" width=\"1000\" height=\"667\" src=\"https:\/\/i0.wp.com\/www.foxone.de\/wp-content\/uploads\/4X7A5043.jpg?resize=1000%2C667&#038;ssl=1\" alt=\"\" class=\"wp-image-254165\" srcset=\"https:\/\/i0.wp.com\/www.foxone.de\/wp-content\/uploads\/4X7A5043.jpg?resize=1020%2C680&amp;ssl=1 1020w, https:\/\/i0.wp.com\/www.foxone.de\/wp-content\/uploads\/4X7A5043.jpg?resize=632%2C421&amp;ssl=1 632w, https:\/\/i0.wp.com\/www.foxone.de\/wp-content\/uploads\/4X7A5043.jpg?resize=768%2C512&amp;ssl=1 768w, https:\/\/i0.wp.com\/www.foxone.de\/wp-content\/uploads\/4X7A5043.jpg?resize=1536%2C1024&amp;ssl=1 1536w, https:\/\/i0.wp.com\/www.foxone.de\/wp-content\/uploads\/4X7A5043.jpg?resize=2048%2C1365&amp;ssl=1 2048w\" sizes=\"auto, (max-width: 1000px) 100vw, 1000px\" \/><figcaption class=\"wp-element-caption\"><em><em><meta charset=\"utf-8\"><em>Leroy Leonard Lee mit 1,5 Jahre alt geboren am 19.04.2019<br>Eltern: Alison Eastwood &amp; General Lee of Foxone<\/em><\/em><\/em><\/figcaption><\/figure>\n","protected":false},"excerpt":{"rendered":"<p>Leroy Leonard LeeEin Traumkater, ein Erbe, eine Legende in Entstehung Leroy Leonard Lee wurde am 19.04.2019 geboren und ist ein Bengal-Kater, der bereits jetzt in jeder Hinsicht beeindruckt. Mit einem&#8230; <span class=\"more-link\"><a href=\"https:\/\/www.foxone.de\/?page_id=254154\">Read More<\/a><\/span><\/p>\n","protected":false},"author":1,"featured_media":252461,"parent":252690,"menu_order":10,"comment_status":"closed","ping_status":"closed","template":"","meta":{"footnotes":""},"class_list":["post-254154","page","type-page","status-publish","has-post-thumbnail","hentry"],"_links":{"self":[{"href":"https:\/\/www.foxone.de\/index.php?rest_route=\/wp\/v2\/pages\/254154","targetHints":{"allow":["GET"]}}],"collection":[{"href":"https:\/\/www.foxone.de\/index.php?rest_route=\/wp\/v2\/pages"}],"about":[{"href":"https:\/\/www.foxone.de\/index.php?rest_route=\/wp\/v2\/types\/page"}],"author":[{"embeddable":true,"href":"https:\/\/www.foxone.de\/index.php?rest_route=\/wp\/v2\/users\/1"}],"replies":[{"embeddable":true,"href":"https:\/\/www.foxone.de\/index.php?rest_route=%2Fwp%2Fv2%2Fcomments&post=254154"}],"version-history":[{"count":39,"href":"https:\/\/www.foxone.de\/index.php?rest_route=\/wp\/v2\/pages\/254154\/revisions"}],"predecessor-version":[{"id":301134,"href":"https:\/\/www.foxone.de\/index.php?rest_route=\/wp\/v2\/pages\/254154\/revisions\/301134"}],"up":[{"embeddable":true,"href":"https:\/\/www.foxone.de\/index.php?rest_route=\/wp\/v2\/pages\/252690"}],"wp:featuredmedia":[{"embeddable":true,"href":"https:\/\/www.foxone.de\/index.php?rest_route=\/wp\/v2\/media\/252461"}],"wp:attachment":[{"href":"https:\/\/www.foxone.de\/index.php?rest_route=%2Fwp%2Fv2%2Fmedia&parent=254154"}],"curies":[{"name":"wp","href":"https:\/\/api.w.org\/{rel}","templated":true}]}}