{"id":288815,"date":"2021-04-04T19:00:17","date_gmt":"2021-04-04T17:00:17","guid":{"rendered":"https:\/\/www.foxone.de\/?page_id=288815"},"modified":"2026-02-11T17:59:54","modified_gmt":"2026-02-11T15:59:54","slug":"verona","status":"publish","type":"page","link":"https:\/\/www.foxone.de\/?page_id=288815","title":{"rendered":"Lady Verona"},"content":{"rendered":"\n<p><strong>Lady Verona<\/strong><br>Eleganz, Ausdruck und Herz in Vollendung<\/p>\n\n\n\n<p><strong>Lady Verona<\/strong> wurde am <strong>17.06.2020<\/strong> geboren und ist eine Bengal-Dame in der seltenen Farbe Seal Lynx Point. Schon ihr erster Auftritt bei uns hat gezeigt, dass sie etwas ganz Besonderes ist. Ihr Fell gl\u00e4nzt mit feinstem, lebendigem Glitter, der im Licht funkelt und jede ihrer Bewegungen begleitet. Jede Zeichnung, jede Linie, jede Rosette ist perfekt proportioniert und verleiht ihr eine unverwechselbare Eleganz.<\/p>\n\n\n\n<p>Veronas <strong>Charakter<\/strong> ist ebenso <strong>beeindruckend<\/strong> wie ihr Aussehen. Sie ist sehr anh\u00e4nglich, verschmust und menschenbezogen, liebt N\u00e4he und Zuneigung und zeigt gleichzeitig eine bemerkenswerte Selbstst\u00e4ndigkeit. Sie beobachtet, lernt, interagiert und bringt ihre eigene <strong>Pers\u00f6nlichkeit<\/strong> in jede Situation ein. Wer Lady Verona begegnet, sp\u00fcrt sofort ihre besondere Pr\u00e4senz, ihre innere Ruhe und ihre Ausstrahlung, die jeden Raum erf\u00fcllt.<\/p>\n\n\n\n<p>Mit acht Monaten kam <strong>Lady Verona<\/strong> zu uns und hat sich von Beginn an nahtlos in unsere Familie integriert. Sie ist eine Katze, die jeden Tag Freude bringt, Aufmerksamkeit verlangt und schenkt und uns immer wieder mit ihrem liebevollen Wesen \u00fcberrascht. Sie ist <strong>Halbschwester<\/strong> von <strong>Lady Scarlett O\u00b4Hara<\/strong> und teilt nicht nur die gleichen Eltern, sondern auch diese au\u00dfergew\u00f6hnliche Mischung aus Ausdruck, Temperament und Anmut.<\/p>\n\n\n\n<p>Wenn man <strong>Lady Verona<\/strong> in einem Wort beschreiben m\u00fcsste, w\u00e4re es wohl \u201e<strong>au\u00dfergew\u00f6hnlich<\/strong>\u201c. Sie ist eine wahre Lady \u2013 elegant, ausdrucksstark, voller Anmut und mit strahlend blauen Augen, wie man sie sich nur w\u00fcnschen kann. Sie verbindet Sch\u00f6nheit und Ausdruck mit einem liebevollen Wesen, das Herzen im Sturm erobert. Jede Ber\u00fchrung, jeder Blick, jede Bewegung ist ein Erlebnis, das man so schnell nicht vergisst.<\/p>\n\n\n\n<p>Lady Verona hat am <strong>16.06.2022<\/strong> ihren letzten Wurf geboren, und danach trat sie in den wohlverdienten Zuchtruhestand ein. Schon w\u00e4hrend ihrer aktiven Zeit hat sie ihre Qualit\u00e4t, ihren Ausdruck und ihre St\u00e4rke unter Beweis gestellt. Wer Lady Verona kennt, wei\u00df, was f\u00fcr ein wunderbares, liebevolles Tier sie ist. Wir sind dankbar, dass sie nun in eine Familie gehen darf, die sie mit genauso viel Liebe, Aufmerksamkeit und F\u00fcrsorge umgibt, wie sie es verdient.<\/p>\n\n\n\n<p>Am <strong>18.07.2022<\/strong> wurde entschieden, dass Lady Verona zusammen mit einem ihrer Kitten auszieht, wenn die Zeit gekommen ist. Wir freuen uns sehr, dass sie in so liebevolle H\u00e4nde kommt. Vielen Dank an <strong>Marion<\/strong> und <strong>Rafael<\/strong> f\u00fcr euer Vertrauen, dass ihr <strong>Lady Verona<\/strong> ein Zuhause schenkt, in dem sie weiterhin geliebt und umsorgt wird.<\/p>\n\n\n\n<p>Am <strong>21.08.2022<\/strong> wurde Lady Verona kastriert und erholt sich nun von der OP. Danach wird sie mit dem Ihrem Sohn <strong>Antonio Banderas<\/strong> in ihr neues Zuhause umziehen, wo sie weiterhin verw\u00f6hnt wird, ihre Tage in Ruhe genie\u00dfen kann und Teil einer liebevollen Familie ist.<\/p>\n\n\n\n<p>L<strong>ady Verona<\/strong> ist mehr als nur eine Bengal-Dame \u2013 sie ist eine Pers\u00f6nlichkeit, eine Ausstrahlung, eine Queen in jeder Hinsicht. Ihr Look, ihr Glitter, ihr Ausdruck und ihr Charakter machen sie einzigartig. Sie hinterl\u00e4sst Spuren, die man nicht vergisst, und erf\u00fcllt jeden Tag mit Liebe, Anmut und Freude.<\/p>\n\n\n\n<p>L O V E \u2013 <strong>Lady Verona<\/strong>, eine wahre Legende unserer Bengal-Familie, elegant, strahlend und unvergleichlich.<\/p>\n\n\n\n<figure class=\"wp-block-image size-large\"><img data-recalc-dims=\"1\" loading=\"lazy\" decoding=\"async\" width=\"1000\" height=\"667\" src=\"https:\/\/i0.wp.com\/www.foxone.de\/wp-content\/uploads\/4X7A5613.jpg?resize=1000%2C667&#038;ssl=1\" alt=\"\" class=\"wp-image-288816\" srcset=\"https:\/\/i0.wp.com\/www.foxone.de\/wp-content\/uploads\/4X7A5613.jpg?resize=1020%2C680&amp;ssl=1 1020w, https:\/\/i0.wp.com\/www.foxone.de\/wp-content\/uploads\/4X7A5613.jpg?resize=632%2C421&amp;ssl=1 632w, https:\/\/i0.wp.com\/www.foxone.de\/wp-content\/uploads\/4X7A5613.jpg?resize=768%2C512&amp;ssl=1 768w, https:\/\/i0.wp.com\/www.foxone.de\/wp-content\/uploads\/4X7A5613.jpg?resize=1536%2C1024&amp;ssl=1 1536w, https:\/\/i0.wp.com\/www.foxone.de\/wp-content\/uploads\/4X7A5613.jpg?resize=2048%2C1365&amp;ssl=1 2048w\" sizes=\"auto, (max-width: 1000px) 100vw, 1000px\" \/><figcaption class=\"wp-element-caption\">Lady Verona mit 8 Monaten<\/figcaption><\/figure>\n\n\n\n<figure class=\"wp-block-image size-large\"><img data-recalc-dims=\"1\" loading=\"lazy\" decoding=\"async\" width=\"1000\" height=\"667\" src=\"https:\/\/i0.wp.com\/www.foxone.de\/wp-content\/uploads\/4X7A5576.jpg?resize=1000%2C667&#038;ssl=1\" alt=\"\" class=\"wp-image-288817\" srcset=\"https:\/\/i0.wp.com\/www.foxone.de\/wp-content\/uploads\/4X7A5576.jpg?resize=1020%2C680&amp;ssl=1 1020w, https:\/\/i0.wp.com\/www.foxone.de\/wp-content\/uploads\/4X7A5576.jpg?resize=632%2C421&amp;ssl=1 632w, https:\/\/i0.wp.com\/www.foxone.de\/wp-content\/uploads\/4X7A5576.jpg?resize=768%2C512&amp;ssl=1 768w, https:\/\/i0.wp.com\/www.foxone.de\/wp-content\/uploads\/4X7A5576.jpg?resize=1536%2C1024&amp;ssl=1 1536w, https:\/\/i0.wp.com\/www.foxone.de\/wp-content\/uploads\/4X7A5576.jpg?resize=2048%2C1365&amp;ssl=1 2048w\" sizes=\"auto, (max-width: 1000px) 100vw, 1000px\" \/><figcaption class=\"wp-element-caption\">Lady Verona mit 8 Monaten<\/figcaption><\/figure>\n\n\n\n<figure class=\"wp-block-image size-large\"><img data-recalc-dims=\"1\" loading=\"lazy\" decoding=\"async\" width=\"1000\" height=\"667\" src=\"https:\/\/i0.wp.com\/www.foxone.de\/wp-content\/uploads\/4X7A5596.jpg?resize=1000%2C667&#038;ssl=1\" alt=\"\" class=\"wp-image-288818\" srcset=\"https:\/\/i0.wp.com\/www.foxone.de\/wp-content\/uploads\/4X7A5596.jpg?resize=1020%2C680&amp;ssl=1 1020w, https:\/\/i0.wp.com\/www.foxone.de\/wp-content\/uploads\/4X7A5596.jpg?resize=632%2C421&amp;ssl=1 632w, https:\/\/i0.wp.com\/www.foxone.de\/wp-content\/uploads\/4X7A5596.jpg?resize=768%2C512&amp;ssl=1 768w, https:\/\/i0.wp.com\/www.foxone.de\/wp-content\/uploads\/4X7A5596.jpg?resize=1536%2C1024&amp;ssl=1 1536w, https:\/\/i0.wp.com\/www.foxone.de\/wp-content\/uploads\/4X7A5596.jpg?resize=2048%2C1365&amp;ssl=1 2048w\" sizes=\"auto, (max-width: 1000px) 100vw, 1000px\" \/><figcaption class=\"wp-element-caption\">Lady Verona mit 8 Monaten<\/figcaption><\/figure>\n","protected":false},"excerpt":{"rendered":"<p>Lady VeronaEleganz, Ausdruck und Herz in Vollendung Lady Verona wurde am 17.06.2020 geboren und ist eine Bengal-Dame in der seltenen Farbe Seal Lynx Point. Schon ihr erster Auftritt bei uns&#8230; <span class=\"more-link\"><a href=\"https:\/\/www.foxone.de\/?page_id=288815\">Read More<\/a><\/span><\/p>\n","protected":false},"author":1,"featured_media":289361,"parent":252690,"menu_order":13,"comment_status":"closed","ping_status":"closed","template":"","meta":{"footnotes":""},"class_list":["post-288815","page","type-page","status-publish","has-post-thumbnail","hentry"],"_links":{"self":[{"href":"https:\/\/www.foxone.de\/index.php?rest_route=\/wp\/v2\/pages\/288815","targetHints":{"allow":["GET"]}}],"collection":[{"href":"https:\/\/www.foxone.de\/index.php?rest_route=\/wp\/v2\/pages"}],"about":[{"href":"https:\/\/www.foxone.de\/index.php?rest_route=\/wp\/v2\/types\/page"}],"author":[{"embeddable":true,"href":"https:\/\/www.foxone.de\/index.php?rest_route=\/wp\/v2\/users\/1"}],"replies":[{"embeddable":true,"href":"https:\/\/www.foxone.de\/index.php?rest_route=%2Fwp%2Fv2%2Fcomments&post=288815"}],"version-history":[{"count":14,"href":"https:\/\/www.foxone.de\/index.php?rest_route=\/wp\/v2\/pages\/288815\/revisions"}],"predecessor-version":[{"id":301144,"href":"https:\/\/www.foxone.de\/index.php?rest_route=\/wp\/v2\/pages\/288815\/revisions\/301144"}],"up":[{"embeddable":true,"href":"https:\/\/www.foxone.de\/index.php?rest_route=\/wp\/v2\/pages\/252690"}],"wp:featuredmedia":[{"embeddable":true,"href":"https:\/\/www.foxone.de\/index.php?rest_route=\/wp\/v2\/media\/289361"}],"wp:attachment":[{"href":"https:\/\/www.foxone.de\/index.php?rest_route=%2Fwp%2Fv2%2Fmedia&parent=288815"}],"curies":[{"name":"wp","href":"https:\/\/api.w.org\/{rel}","templated":true}]}}