{"id":289923,"date":"2021-10-20T19:23:45","date_gmt":"2021-10-20T17:23:45","guid":{"rendered":"https:\/\/www.foxone.de\/?page_id=289923"},"modified":"2025-11-06T15:06:56","modified_gmt":"2025-11-06T13:06:56","slug":"aktuell-kitten-bilder-v-verona-2021","status":"publish","type":"page","link":"https:\/\/www.foxone.de\/?page_id=289923","title":{"rendered":"Bilder Verona 2021"},"content":{"rendered":"\n<p>Wir haben Kitten Stand: (<strong>18.09.2022<\/strong>)<\/p>\n\n\n\n<p>Wir haben <strong>sieben<\/strong> wundersch\u00f6ne <strong>Kitten<\/strong>&nbsp;von <a href=\"https:\/\/www.foxone.de\/?page_id=251278\">Carina Fortuna Larissa Wayne<\/a> und dem Kater Blueberry (Deckkater) 5 M\u00e4dchen &amp; 2 Kater alle in <strong>braun<\/strong> am<strong> 05.08.2022 <\/strong>geboren<strong>.<\/strong> einige sind hier noch nicht vergeben*** <strong>Ideale Verpaarung f\u00fcr Allergiker.<\/strong><\/p>\n\n\n\n<p>***Kommt uns besuchen und lasst euch verzaubern<strong><br><\/strong><br>Bei Interesse k\u00f6nnt ihr uns immer besuchen! Man kann sich gerne auch f\u00fcr die n\u00e4chsten W\u00fcrfe gerne vormerken lassen, mehr dazu gerne am Telefon oder bei einem pers\u00f6nlichen Besuch bei uns. Die Bilder werden dann hier erscheinen und in den News.<\/p>\n\n\n\n<p>Hier findet Ihr die Kitten Bilder von den <strong>Kitten<\/strong> von <a href=\"https:\/\/www.foxone.de\/?page_id=288815\">Lady Verona<\/a> &amp; <a href=\"https:\/\/www.foxone.de\/?page_id=788\">Clint Eastwood<\/a>&nbsp;geboren am <strong>08.09.2021<br><\/strong>Es sind wundersch\u00f6ne 3 M\u00e4dchen &amp; 2 Jungs &#8211;<strong> Pixel, Blue, Ace , Missi &amp; Harley Quinn<br>(***alle vergeben &amp; ausgezogen)<\/strong><\/p>\n\n\n<hr>\n<p><strong>2. Woche \u2013 Kitten<\/strong> von Lady Verona &amp; Clint Eastwood<\/p>\n<hr>\n<p><iframe loading=\"lazy\" src=\"https:\/\/onedrive.live.com\/embed?cid=46CE6FD65E90372A&amp;resid=46CE6FD65E90372A%21568512&amp;authkey=AJzoRX8CvsJ4WHU\" width=\"165\" height=\"128\" frameborder=\"0\" scrolling=\"no\"><\/iframe> <iframe loading=\"lazy\" src=\"https:\/\/onedrive.live.com\/embed?cid=46CE6FD65E90372A&amp;resid=46CE6FD65E90372A%21568513&amp;authkey=AN-U3r6vvf82LSM\" width=\"165\" height=\"128\" frameborder=\"0\" scrolling=\"no\"><\/iframe> <iframe loading=\"lazy\" src=\"https:\/\/onedrive.live.com\/embed?cid=46CE6FD65E90372A&amp;resid=46CE6FD65E90372A%21568514&amp;authkey=AHYLTEDHoNBBtAA\" width=\"165\" height=\"128\" frameborder=\"0\" scrolling=\"no\"><\/iframe> <iframe loading=\"lazy\" src=\"https:\/\/onedrive.live.com\/embed?cid=46CE6FD65E90372A&amp;resid=46CE6FD65E90372A%21568515&amp;authkey=AD4X6AFAT9r9Pko\" width=\"165\" height=\"128\" frameborder=\"0\" scrolling=\"no\"><\/iframe> <iframe loading=\"lazy\" src=\"https:\/\/onedrive.live.com\/embed?cid=46CE6FD65E90372A&amp;resid=46CE6FD65E90372A%21568516&amp;authkey=AIosalXIyrxVdRk\" width=\"165\" height=\"128\" frameborder=\"0\" scrolling=\"no\"><\/iframe><\/p>\n<hr>\n<p><strong>4. Woche \u2013 Kitten<\/strong> von Lady Verona &amp; Clint Eastwood<\/p>\n<hr>\n<p><iframe loading=\"lazy\" src=\"https:\/\/onedrive.live.com\/embed?cid=46CE6FD65E90372A&amp;resid=46CE6FD65E90372A%21571055&amp;authkey=AE1DXALuLcyV4-o\" width=\"165\" height=\"128\" frameborder=\"0\" scrolling=\"no\"><\/iframe> <iframe loading=\"lazy\" src=\"https:\/\/onedrive.live.com\/embed?cid=46CE6FD65E90372A&amp;resid=46CE6FD65E90372A%21571052&amp;authkey=AABj38cKo7uTZ9s\" width=\"165\" height=\"128\" frameborder=\"0\" scrolling=\"no\"><\/iframe> <iframe loading=\"lazy\" src=\"https:\/\/onedrive.live.com\/embed?cid=46CE6FD65E90372A&amp;resid=46CE6FD65E90372A%21571051&amp;authkey=ALUh17ycAwfuPak\" width=\"165\" height=\"128\" frameborder=\"0\" scrolling=\"no\"><\/iframe> <iframe loading=\"lazy\" src=\"https:\/\/onedrive.live.com\/embed?cid=46CE6FD65E90372A&amp;resid=46CE6FD65E90372A%21571050&amp;authkey=AEVCjEgguIEg10M\" width=\"165\" height=\"128\" frameborder=\"0\" scrolling=\"no\"><\/iframe> <iframe loading=\"lazy\" src=\"https:\/\/onedrive.live.com\/embed?cid=46CE6FD65E90372A&amp;resid=46CE6FD65E90372A%21571005&amp;authkey=AMlogOmY-ym7a3Y\" width=\"165\" height=\"128\" frameborder=\"0\" scrolling=\"no\"><\/iframe><\/p>\n<hr>\n<p><strong>6. Woche \u2013 Kitten<\/strong> von Lady Verona &amp; Clint Eastwood<\/p>\n<hr>\n<p><iframe loading=\"lazy\" src=\"https:\/\/onedrive.live.com\/embed?cid=46CE6FD65E90372A&amp;resid=46CE6FD65E90372A%21573607&amp;authkey=AOQdtjOFQeuOrfo\" width=\"165\" height=\"128\" frameborder=\"0\" scrolling=\"no\"><\/iframe> <iframe loading=\"lazy\" src=\"https:\/\/onedrive.live.com\/embed?cid=46CE6FD65E90372A&amp;resid=46CE6FD65E90372A%21573608&amp;authkey=AN8l792jDS_AurI\" width=\"165\" height=\"128\" frameborder=\"0\" scrolling=\"no\"><\/iframe> <iframe loading=\"lazy\" src=\"https:\/\/onedrive.live.com\/embed?cid=46CE6FD65E90372A&amp;resid=46CE6FD65E90372A%21573611&amp;authkey=AKSZT1MFUp_WRYk\" width=\"165\" height=\"128\" frameborder=\"0\" scrolling=\"no\"><\/iframe> <iframe loading=\"lazy\" src=\"https:\/\/onedrive.live.com\/embed?cid=46CE6FD65E90372A&amp;resid=46CE6FD65E90372A%21573613&amp;authkey=AF2x4EJUGR_n2eo\" width=\"165\" height=\"128\" frameborder=\"0\" scrolling=\"no\"><\/iframe> <iframe loading=\"lazy\" src=\"https:\/\/onedrive.live.com\/embed?cid=46CE6FD65E90372A&amp;resid=46CE6FD65E90372A%21573614&amp;authkey=APl3g1XslXALtzU\" width=\"165\" height=\"128\" frameborder=\"0\" scrolling=\"no\"><\/iframe><\/p>\n<hr>\n<p><strong>8. Woche \u2013 Kitten<\/strong>&nbsp;von Lady Verona &amp; Clint Eastwood<\/p>\n<p><!-- \/wp:post-content --><\/p>\n<hr>\n<p><iframe loading=\"lazy\" src=\"https:\/\/onedrive.live.com\/embed?cid=46CE6FD65E90372A&amp;resid=46CE6FD65E90372A%21577957&amp;authkey=AJ9oAWCvz_ahMR0\" width=\"165\" height=\"128\" frameborder=\"0\" scrolling=\"no\"><\/iframe> <iframe loading=\"lazy\" src=\"https:\/\/onedrive.live.com\/embed?cid=46CE6FD65E90372A&amp;resid=46CE6FD65E90372A%21577958&amp;authkey=AF1bt3HLvcYCxEo\" width=\"165\" height=\"128\" frameborder=\"0\" scrolling=\"no\"><\/iframe> <iframe loading=\"lazy\" src=\"https:\/\/onedrive.live.com\/embed?cid=46CE6FD65E90372A&amp;resid=46CE6FD65E90372A%21577953&amp;authkey=AEG4dfagwd2Qe2s\" width=\"165\" height=\"128\" frameborder=\"0\" scrolling=\"no\"><\/iframe> <iframe loading=\"lazy\" src=\"https:\/\/onedrive.live.com\/embed?cid=46CE6FD65E90372A&amp;resid=46CE6FD65E90372A%21577952&amp;authkey=AF3ZjaOrKITiGxs\" width=\"165\" height=\"128\" frameborder=\"0\" scrolling=\"no\"><\/iframe> <iframe loading=\"lazy\" src=\"https:\/\/onedrive.live.com\/embed?cid=46CE6FD65E90372A&amp;resid=46CE6FD65E90372A%21577951&amp;authkey=AItvgOskuKfk0WI\" width=\"165\" height=\"128\" frameborder=\"0\" scrolling=\"no\"><\/iframe><\/p>\n<hr>\n<p><!-- wp:paragraph --><strong>10. Woche \u2013 Kitten<\/strong>&nbsp;von Lady Verona &amp; Clint Eastwood<\/p>\n<hr>\n<p><iframe loading=\"lazy\" src=\"https:\/\/onedrive.live.com\/embed?cid=46CE6FD65E90372A&amp;resid=46CE6FD65E90372A%21585999&amp;authkey=ALRyezCH4hsvHAM\" width=\"165\" height=\"128\" frameborder=\"0\" scrolling=\"no\"><\/iframe> <iframe loading=\"lazy\" src=\"https:\/\/onedrive.live.com\/embed?cid=46CE6FD65E90372A&amp;resid=46CE6FD65E90372A%21586000&amp;authkey=ACMOzdwFqHlze94\" width=\"165\" height=\"128\" frameborder=\"0\" scrolling=\"no\"><\/iframe> <iframe loading=\"lazy\" src=\"https:\/\/onedrive.live.com\/embed?cid=46CE6FD65E90372A&amp;resid=46CE6FD65E90372A%21586001&amp;authkey=ALqVxZGRWFtBVUU\" width=\"165\" height=\"128\" frameborder=\"0\" scrolling=\"no\"><\/iframe> <iframe loading=\"lazy\" src=\"https:\/\/onedrive.live.com\/embed?cid=46CE6FD65E90372A&amp;resid=46CE6FD65E90372A%21586004&amp;authkey=AOQqqi99xTKur1g\" width=\"165\" height=\"128\" frameborder=\"0\" scrolling=\"no\"><\/iframe> <iframe loading=\"lazy\" src=\"https:\/\/onedrive.live.com\/embed?cid=46CE6FD65E90372A&amp;resid=46CE6FD65E90372A%21586005&amp;authkey=AGY0zCc1Ysm5Kko\" width=\"165\" height=\"128\" frameborder=\"0\" scrolling=\"no\"><\/iframe><br>\n<!-- \/wp:paragraph --><\/p>\n<hr>\n<p><strong>13. Woche \u2013 Kitten<\/strong>&nbsp;von Lady Verona &amp; Clint Eastwood<\/p>\n<hr>\n<p><iframe loading=\"lazy\" src=\"https:\/\/onedrive.live.com\/embed?cid=46CE6FD65E90372A&amp;resid=46CE6FD65E90372A%21591642&amp;authkey=AGz9oce8pLZF4xA\" width=\"165\" height=\"128\" frameborder=\"0\" scrolling=\"no\"><\/iframe> <iframe loading=\"lazy\" src=\"https:\/\/onedrive.live.com\/embed?cid=46CE6FD65E90372A&amp;resid=46CE6FD65E90372A%21591643&amp;authkey=AJ8AtfoDNQmoRGg\" width=\"165\" height=\"128\" frameborder=\"0\" scrolling=\"no\"><\/iframe> <iframe loading=\"lazy\" src=\"https:\/\/onedrive.live.com\/embed?cid=46CE6FD65E90372A&amp;resid=46CE6FD65E90372A%21591644&amp;authkey=ADooZaLlfTbqn4c\" width=\"165\" height=\"128\" frameborder=\"0\" scrolling=\"no\"><\/iframe> <iframe loading=\"lazy\" src=\"https:\/\/onedrive.live.com\/embed?cid=46CE6FD65E90372A&amp;resid=46CE6FD65E90372A%21591647&amp;authkey=AHa9AzIBWdby8XY\" width=\"165\" height=\"128\" frameborder=\"0\" scrolling=\"no\"><\/iframe> <iframe loading=\"lazy\" src=\"https:\/\/onedrive.live.com\/embed?cid=46CE6FD65E90372A&amp;resid=46CE6FD65E90372A%21591649&amp;authkey=AMCGyIZN23ko0IA\" width=\"165\" height=\"128\" frameborder=\"0\" scrolling=\"no\"><\/iframe> <iframe loading=\"lazy\" src=\"https:\/\/onedrive.live.com\/embed?cid=46CE6FD65E90372A&amp;resid=46CE6FD65E90372A%21592740&amp;authkey=ANW6MBtEfYRSMjc\" width=\"165\" height=\"128\" frameborder=\"0\" scrolling=\"no\"><\/iframe><\/p>\n<hr>","protected":false},"excerpt":{"rendered":"<p>Wir haben Kitten Stand: (18.09.2022) Wir haben sieben wundersch\u00f6ne Kitten&nbsp;von Carina Fortuna Larissa Wayne und dem Kater Blueberry (Deckkater) 5 M\u00e4dchen &amp; 2 Kater alle in braun am 05.08.2022 geboren&#8230;. <span class=\"more-link\"><a href=\"https:\/\/www.foxone.de\/?page_id=289923\">Read More<\/a><\/span><\/p>\n","protected":false},"author":1,"featured_media":290173,"parent":296246,"menu_order":11,"comment_status":"closed","ping_status":"closed","template":"","meta":{"footnotes":""},"class_list":["post-289923","page","type-page","status-publish","has-post-thumbnail","hentry"],"_links":{"self":[{"href":"https:\/\/www.foxone.de\/index.php?rest_route=\/wp\/v2\/pages\/289923","targetHints":{"allow":["GET"]}}],"collection":[{"href":"https:\/\/www.foxone.de\/index.php?rest_route=\/wp\/v2\/pages"}],"about":[{"href":"https:\/\/www.foxone.de\/index.php?rest_route=\/wp\/v2\/types\/page"}],"author":[{"embeddable":true,"href":"https:\/\/www.foxone.de\/index.php?rest_route=\/wp\/v2\/users\/1"}],"replies":[{"embeddable":true,"href":"https:\/\/www.foxone.de\/index.php?rest_route=%2Fwp%2Fv2%2Fcomments&post=289923"}],"version-history":[{"count":31,"href":"https:\/\/www.foxone.de\/index.php?rest_route=\/wp\/v2\/pages\/289923\/revisions"}],"predecessor-version":[{"id":293431,"href":"https:\/\/www.foxone.de\/index.php?rest_route=\/wp\/v2\/pages\/289923\/revisions\/293431"}],"up":[{"embeddable":true,"href":"https:\/\/www.foxone.de\/index.php?rest_route=\/wp\/v2\/pages\/296246"}],"wp:featuredmedia":[{"embeddable":true,"href":"https:\/\/www.foxone.de\/index.php?rest_route=\/wp\/v2\/media\/290173"}],"wp:attachment":[{"href":"https:\/\/www.foxone.de\/index.php?rest_route=%2Fwp%2Fv2%2Fmedia&parent=289923"}],"curies":[{"name":"wp","href":"https:\/\/api.w.org\/{rel}","templated":true}]}}