{"id":291161,"date":"2022-04-05T18:02:10","date_gmt":"2022-04-05T16:02:10","guid":{"rendered":"https:\/\/www.foxone.de\/?page_id=291161"},"modified":"2026-02-10T18:50:23","modified_gmt":"2026-02-10T16:50:23","slug":"queen-stella-wayne","status":"publish","type":"page","link":"https:\/\/www.foxone.de\/?page_id=291161","title":{"rendered":"Queen Stella Wayne"},"content":{"rendered":"\n<p><strong>Queen Stella Wayne <\/strong>eine wahre K\u00f6nigin!<\/p>\n\n\n\n<p>Unsere \u201eWorld Champion\u201c Queen Stella Wayne wurde am <strong>31.08.2021<\/strong> bei uns geboren \u2013 und es war von Anfang an klar, dass sie bleibt. Sie ist eine atemberaubende \u201eSeal Lynx Point\u201c Bengal-Dame aus eigener Nachzucht. Sie ist zu dem noch besonders da Sie hier D\/d Verd\u00fcnnung tr\u00e4gt als Farbe das wirkt sich fantastisch auf Ihre Farbe aus.<\/p>\n\n\n\n<p>Stella ist die Tochter von Carina Fortuna Larissa Wayne, und wir freuen uns sehr darauf, mit ihr die n\u00e4chste Generation unserer erfolgreichen Linie fortzusetzen. Sie wird ihrem ber\u00fchmten Gro\u00dfvater John Wayne und ihrer Mutter alle Ehre machen!<\/p>\n\n\n\n<p>Mit ihrer beeindruckenden Statur entwickelt sie sich zu einer gro\u00dfen und kraftvollen Katze \u2013 ein echtes Muskelpaket. Stand 10.02.2026 bringt sie bereits 4,8 kg auf die Waage \u2013 und ihr K\u00f6rperbau ist einfach #foxtastisch!<\/p>\n\n\n\n<p>Schon fr\u00fch bewies Stella ihr au\u00dfergew\u00f6hnliches Potenzial. Auf Katzenausstellungen konnte alle Richter restlos \u00fcberzeugen und wurde mit Best in Show &amp; Sonderpreisen unz\u00e4hlige ausgezeichnet.<\/p>\n\n\n\n<p>\ud83d\udc49 Seit dem 12.03.2023 tr\u00e4gt Stella offiziell den Titel \u201e<strong>World Champion<\/strong>\u201c!<br>Diesen prestigetr\u00e4chtigen Titel erreichte sie bereits nach wenigen Monaten in der offenen Klasse \u2013 ein weiterer Meilenstein in unserer Zucht! <strong>(#foxtastisch)<\/strong><\/p>\n\n\n\n<p>\ud83d\udc49 Der h\u00f6chste Titel, den eine Katze in Deutschland erreichen kann.<\/p>\n\n\n\n<p>\ud83c\udfc6 Best over All (BoA)<br>\ud83c\udfc6 Best in Show (BiS)<br>\ud83c\udfc6 Best of Best (BoB)<br>\ud83c\udfc6 Best in Variety (BiV)<br>\ud83c\udfc6 Rassesiege &amp; zahlreiche Sonderpreise<\/p>\n\n\n\n<p>Eine wahre <strong>\u201eNeverEnding Story\u201c<\/strong> \u2013 und es geht immer weiter! Wir werden Stella weiterhin auf Ausstellungen begleiten und ihre beeindruckende Entwicklung weiter f\u00f6rdern.<\/p>\n\n\n\n<p>\ud83d\udd39 Update 21.07.2022: Stella absolvierte ihren ersten HCM-Schall bei Dr. Kresken \u2013 und \u00fcberzeugte mit einem Traumwert von 2,7! Jeder, der sich auskennt, wei\u00df, dass das ein herausragender Wert ist. Genau wie ihre Mutter Carina und ihr Gro\u00dfvater John Wayne steht Stella f\u00fcr eine gesunde und bestens untersuchte Zuchtlinie.<\/p>\n\n\n\n<p>Wir freuen uns auf ihre weitere Entwicklung<br><br>Am\u00a008.02.2025\u00a0hat Stella ihren zweiten Wurf zur Welt gebracht! \ud83d\udc95<br>Es sind sowohl\u00a0Jungs als auch M\u00e4dels\u00a0dabei \u2013 in den n\u00e4chsten Tagen werden wir mehr Informationen zu den Kitten ver\u00f6ffentlichen. Wir freuen uns riesig!<\/p>\n\n\n\n<p><strong>L O V E<\/strong><br><\/p>\n\n\n\n<figure class=\"wp-block-image size-large\"><img data-recalc-dims=\"1\" loading=\"lazy\" decoding=\"async\" width=\"1000\" height=\"1333\" src=\"https:\/\/i0.wp.com\/www.foxone.de\/wp-content\/uploads\/WhatsApp-Image-2026-02-07-at-13.55.28-1.jpeg?resize=1000%2C1333&#038;ssl=1\" alt=\"\" class=\"wp-image-300932\" srcset=\"https:\/\/i0.wp.com\/www.foxone.de\/wp-content\/uploads\/WhatsApp-Image-2026-02-07-at-13.55.28-1.jpeg?resize=1020%2C1360&amp;ssl=1 1020w, https:\/\/i0.wp.com\/www.foxone.de\/wp-content\/uploads\/WhatsApp-Image-2026-02-07-at-13.55.28-1.jpeg?resize=632%2C843&amp;ssl=1 632w, https:\/\/i0.wp.com\/www.foxone.de\/wp-content\/uploads\/WhatsApp-Image-2026-02-07-at-13.55.28-1.jpeg?resize=768%2C1024&amp;ssl=1 768w, https:\/\/i0.wp.com\/www.foxone.de\/wp-content\/uploads\/WhatsApp-Image-2026-02-07-at-13.55.28-1.jpeg?resize=1152%2C1536&amp;ssl=1 1152w, https:\/\/i0.wp.com\/www.foxone.de\/wp-content\/uploads\/WhatsApp-Image-2026-02-07-at-13.55.28-1.jpeg?w=1536&amp;ssl=1 1536w\" sizes=\"auto, (max-width: 1000px) 100vw, 1000px\" \/><\/figure>\n\n\n\n<p><\/p>\n\n\n\n<figure class=\"wp-block-image size-large\"><img data-recalc-dims=\"1\" height=\"1333\" width=\"1000\" decoding=\"async\" src=\"https:\/\/i0.wp.com\/www.foxone.de\/wp-content\/uploads\/WhatsApp-Image-2026-02-07-at-13.55.28.jpeg?resize=1000%2C1333&#038;ssl=1\" alt=\"\" class=\"wp-image-300934\"\/><\/figure>\n\n\n\n<p><\/p>\n\n\n\n<figure class=\"wp-block-image size-large\"><img data-recalc-dims=\"1\" loading=\"lazy\" decoding=\"async\" width=\"1000\" height=\"750\" src=\"https:\/\/i0.wp.com\/www.foxone.de\/wp-content\/uploads\/WhatsApp-Image-2026-02-07-at-13.55.28-3.jpeg?resize=1000%2C750&#038;ssl=1\" alt=\"\" class=\"wp-image-300933\" srcset=\"https:\/\/i0.wp.com\/www.foxone.de\/wp-content\/uploads\/WhatsApp-Image-2026-02-07-at-13.55.28-3.jpeg?resize=1020%2C765&amp;ssl=1 1020w, https:\/\/i0.wp.com\/www.foxone.de\/wp-content\/uploads\/WhatsApp-Image-2026-02-07-at-13.55.28-3.jpeg?resize=632%2C474&amp;ssl=1 632w, https:\/\/i0.wp.com\/www.foxone.de\/wp-content\/uploads\/WhatsApp-Image-2026-02-07-at-13.55.28-3.jpeg?resize=768%2C576&amp;ssl=1 768w, https:\/\/i0.wp.com\/www.foxone.de\/wp-content\/uploads\/WhatsApp-Image-2026-02-07-at-13.55.28-3.jpeg?resize=1536%2C1152&amp;ssl=1 1536w, https:\/\/i0.wp.com\/www.foxone.de\/wp-content\/uploads\/WhatsApp-Image-2026-02-07-at-13.55.28-3.jpeg?w=2048&amp;ssl=1 2048w\" sizes=\"auto, (max-width: 1000px) 100vw, 1000px\" \/><\/figure>\n\n\n<p><em><strong>Bilder aus dem 6\/7. Monat<\/strong><\/em><\/p>\n\n\n<figure class=\"wp-block-image size-large\"><img data-recalc-dims=\"1\" loading=\"lazy\" decoding=\"async\" width=\"1000\" height=\"667\" src=\"https:\/\/i0.wp.com\/www.foxone.de\/wp-content\/uploads\/4X7A4124-1.jpg?resize=1000%2C667&#038;ssl=1\" alt=\"\" class=\"wp-image-291819\" srcset=\"https:\/\/i0.wp.com\/www.foxone.de\/wp-content\/uploads\/4X7A4124-1-scaled.jpg?resize=1020%2C680&amp;ssl=1 1020w, https:\/\/i0.wp.com\/www.foxone.de\/wp-content\/uploads\/4X7A4124-1-scaled.jpg?resize=632%2C421&amp;ssl=1 632w, https:\/\/i0.wp.com\/www.foxone.de\/wp-content\/uploads\/4X7A4124-1-scaled.jpg?resize=768%2C512&amp;ssl=1 768w, https:\/\/i0.wp.com\/www.foxone.de\/wp-content\/uploads\/4X7A4124-1-scaled.jpg?resize=1536%2C1024&amp;ssl=1 1536w, https:\/\/i0.wp.com\/www.foxone.de\/wp-content\/uploads\/4X7A4124-1-scaled.jpg?resize=2048%2C1365&amp;ssl=1 2048w\" sizes=\"auto, (max-width: 1000px) 100vw, 1000px\" \/><figcaption class=\"wp-element-caption\">Queen Stella<\/figcaption><\/figure>\n\n\n\n<figure class=\"wp-block-image size-large\"><img data-recalc-dims=\"1\" loading=\"lazy\" decoding=\"async\" width=\"1000\" height=\"667\" src=\"https:\/\/i0.wp.com\/www.foxone.de\/wp-content\/uploads\/4X7A8229.jpg?resize=1000%2C667&#038;ssl=1\" alt=\"\" class=\"wp-image-291475\" srcset=\"https:\/\/i0.wp.com\/www.foxone.de\/wp-content\/uploads\/4X7A8229.jpg?resize=1020%2C680&amp;ssl=1 1020w, https:\/\/i0.wp.com\/www.foxone.de\/wp-content\/uploads\/4X7A8229.jpg?resize=632%2C421&amp;ssl=1 632w, https:\/\/i0.wp.com\/www.foxone.de\/wp-content\/uploads\/4X7A8229.jpg?resize=768%2C512&amp;ssl=1 768w, https:\/\/i0.wp.com\/www.foxone.de\/wp-content\/uploads\/4X7A8229.jpg?resize=1536%2C1023&amp;ssl=1 1536w, https:\/\/i0.wp.com\/www.foxone.de\/wp-content\/uploads\/4X7A8229.jpg?w=1642&amp;ssl=1 1642w\" sizes=\"auto, (max-width: 1000px) 100vw, 1000px\" \/><figcaption class=\"wp-element-caption\">Queen Stella<\/figcaption><\/figure>\n\n\n\n<div class=\"wp-block-jetpack-tiled-gallery aligncenter is-style-rectangular\"><div class=\"tiled-gallery__gallery\"><div class=\"tiled-gallery__row\"><div class=\"tiled-gallery__col\" style=\"flex-basis:66.78751%\"><figure class=\"tiled-gallery__item\"><img decoding=\"async\" alt=\"\" data-height=\"1094\" data-id=\"291494\" data-link=\"https:\/\/www.foxone.de\/?attachment_id=291494\" data-url=\"https:\/\/www.foxone.de\/wp-content\/uploads\/4X7A8543-1020x680.jpg\" data-width=\"1642\" src=\"https:\/\/i1.wp.com\/www.foxone.de\/wp-content\/uploads\/4X7A8543-1020x680.jpg?ssl=1\" data-amp-layout=\"responsive\"\/><\/figure><\/div><div class=\"tiled-gallery__col\" style=\"flex-basis:33.21249%\"><figure class=\"tiled-gallery__item\"><img decoding=\"async\" alt=\"\" data-height=\"1094\" data-id=\"291481\" data-link=\"https:\/\/www.foxone.de\/?attachment_id=291481\" data-url=\"https:\/\/www.foxone.de\/wp-content\/uploads\/4X7A8375-1-1020x680.jpg\" data-width=\"1642\" src=\"https:\/\/i2.wp.com\/www.foxone.de\/wp-content\/uploads\/4X7A8375-1-1020x680.jpg?ssl=1\" data-amp-layout=\"responsive\"\/><\/figure><figure class=\"tiled-gallery__item\"><img decoding=\"async\" alt=\"\" data-height=\"1094\" data-id=\"291474\" data-link=\"https:\/\/www.foxone.de\/?attachment_id=291474\" data-url=\"https:\/\/www.foxone.de\/wp-content\/uploads\/4X7A8227-1020x680.jpg\" data-width=\"1642\" src=\"https:\/\/i1.wp.com\/www.foxone.de\/wp-content\/uploads\/4X7A8227-1020x680.jpg?ssl=1\" data-amp-layout=\"responsive\"\/><\/figure><\/div><\/div><div class=\"tiled-gallery__row\"><div class=\"tiled-gallery__col\" style=\"flex-basis:33.33333%\"><figure class=\"tiled-gallery__item\"><img decoding=\"async\" alt=\"\" data-height=\"1094\" data-id=\"291475\" data-link=\"https:\/\/www.foxone.de\/?attachment_id=291475\" data-url=\"https:\/\/www.foxone.de\/wp-content\/uploads\/4X7A8229-1020x680.jpg\" data-width=\"1642\" src=\"https:\/\/i1.wp.com\/www.foxone.de\/wp-content\/uploads\/4X7A8229-1020x680.jpg?ssl=1\" data-amp-layout=\"responsive\"\/><\/figure><\/div><div class=\"tiled-gallery__col\" style=\"flex-basis:33.33333%\"><figure class=\"tiled-gallery__item\"><img decoding=\"async\" alt=\"\" data-height=\"1094\" data-id=\"291476\" data-link=\"https:\/\/www.foxone.de\/?attachment_id=291476\" data-url=\"https:\/\/www.foxone.de\/wp-content\/uploads\/4X7A8257-1020x680.jpg\" data-width=\"1642\" src=\"https:\/\/i1.wp.com\/www.foxone.de\/wp-content\/uploads\/4X7A8257-1020x680.jpg?ssl=1\" data-amp-layout=\"responsive\"\/><\/figure><\/div><div class=\"tiled-gallery__col\" style=\"flex-basis:33.33333%\"><figure class=\"tiled-gallery__item\"><img decoding=\"async\" alt=\"\" data-height=\"1094\" data-id=\"291477\" data-link=\"https:\/\/www.foxone.de\/?attachment_id=291477\" data-url=\"https:\/\/www.foxone.de\/wp-content\/uploads\/4X7A8317-1020x680.jpg\" data-width=\"1642\" src=\"https:\/\/i2.wp.com\/www.foxone.de\/wp-content\/uploads\/4X7A8317-1020x680.jpg?ssl=1\" data-amp-layout=\"responsive\"\/><\/figure><\/div><\/div><div class=\"tiled-gallery__row\"><div class=\"tiled-gallery__col\" style=\"flex-basis:33.21249%\"><figure class=\"tiled-gallery__item\"><img decoding=\"async\" alt=\"\" data-height=\"1094\" data-id=\"291478\" data-link=\"https:\/\/www.foxone.de\/?attachment_id=291478\" data-url=\"https:\/\/www.foxone.de\/wp-content\/uploads\/4X7A8342-1-1020x680.jpg\" data-width=\"1642\" src=\"https:\/\/i2.wp.com\/www.foxone.de\/wp-content\/uploads\/4X7A8342-1-1020x680.jpg?ssl=1\" data-amp-layout=\"responsive\"\/><\/figure><figure class=\"tiled-gallery__item\"><img decoding=\"async\" alt=\"\" data-height=\"1094\" data-id=\"291479\" data-link=\"https:\/\/www.foxone.de\/?attachment_id=291479\" data-url=\"https:\/\/www.foxone.de\/wp-content\/uploads\/4X7A8354-1020x680.jpg\" data-width=\"1642\" src=\"https:\/\/i1.wp.com\/www.foxone.de\/wp-content\/uploads\/4X7A8354-1020x680.jpg?ssl=1\" data-amp-layout=\"responsive\"\/><\/figure><\/div><div class=\"tiled-gallery__col\" style=\"flex-basis:66.78751%\"><figure class=\"tiled-gallery__item\"><img decoding=\"async\" alt=\"\" data-height=\"1094\" data-id=\"291480\" data-link=\"https:\/\/www.foxone.de\/?attachment_id=291480\" data-url=\"https:\/\/www.foxone.de\/wp-content\/uploads\/4X7A8366-1020x680.jpg\" data-width=\"1642\" src=\"https:\/\/i2.wp.com\/www.foxone.de\/wp-content\/uploads\/4X7A8366-1020x680.jpg?ssl=1\" data-amp-layout=\"responsive\"\/><\/figure><\/div><\/div><div class=\"tiled-gallery__row\"><div class=\"tiled-gallery__col\" style=\"flex-basis:50.00000%\"><figure class=\"tiled-gallery__item\"><img decoding=\"async\" alt=\"\" data-height=\"1094\" data-id=\"291482\" data-link=\"https:\/\/www.foxone.de\/?attachment_id=291482\" data-url=\"https:\/\/www.foxone.de\/wp-content\/uploads\/4X7A8378-1020x680.jpg\" data-width=\"1642\" src=\"https:\/\/i2.wp.com\/www.foxone.de\/wp-content\/uploads\/4X7A8378-1020x680.jpg?ssl=1\" data-amp-layout=\"responsive\"\/><\/figure><\/div><div class=\"tiled-gallery__col\" style=\"flex-basis:50.00000%\"><figure class=\"tiled-gallery__item\"><img decoding=\"async\" alt=\"\" data-height=\"1094\" data-id=\"291483\" data-link=\"https:\/\/www.foxone.de\/?attachment_id=291483\" data-url=\"https:\/\/www.foxone.de\/wp-content\/uploads\/4X7A8383-1020x680.jpg\" data-width=\"1642\" src=\"https:\/\/i2.wp.com\/www.foxone.de\/wp-content\/uploads\/4X7A8383-1020x680.jpg?ssl=1\" data-amp-layout=\"responsive\"\/><\/figure><\/div><\/div><div class=\"tiled-gallery__row\"><div class=\"tiled-gallery__col\" style=\"flex-basis:66.78751%\"><figure class=\"tiled-gallery__item\"><img decoding=\"async\" alt=\"\" data-height=\"1094\" data-id=\"291491\" data-link=\"https:\/\/www.foxone.de\/?attachment_id=291491\" data-url=\"https:\/\/www.foxone.de\/wp-content\/uploads\/4X7A8484-1-1020x680.jpg\" data-width=\"1642\" src=\"https:\/\/i0.wp.com\/www.foxone.de\/wp-content\/uploads\/4X7A8484-1-1020x680.jpg?ssl=1\" data-amp-layout=\"responsive\"\/><\/figure><\/div><div class=\"tiled-gallery__col\" style=\"flex-basis:33.21249%\"><figure class=\"tiled-gallery__item\"><img decoding=\"async\" alt=\"\" data-height=\"1094\" data-id=\"291484\" data-link=\"https:\/\/www.foxone.de\/?attachment_id=291484\" data-url=\"https:\/\/www.foxone.de\/wp-content\/uploads\/4X7A8392-1020x680.jpg\" data-width=\"1642\" src=\"https:\/\/i2.wp.com\/www.foxone.de\/wp-content\/uploads\/4X7A8392-1020x680.jpg?ssl=1\" data-amp-layout=\"responsive\"\/><\/figure><figure class=\"tiled-gallery__item\"><img decoding=\"async\" alt=\"\" data-height=\"1094\" data-id=\"291485\" data-link=\"https:\/\/www.foxone.de\/?attachment_id=291485\" data-url=\"https:\/\/www.foxone.de\/wp-content\/uploads\/4X7A8398-1020x680.jpg\" data-width=\"1642\" src=\"https:\/\/i2.wp.com\/www.foxone.de\/wp-content\/uploads\/4X7A8398-1020x680.jpg?ssl=1\" data-amp-layout=\"responsive\"\/><\/figure><\/div><\/div><div class=\"tiled-gallery__row\"><div class=\"tiled-gallery__col\" style=\"flex-basis:33.33333%\"><figure class=\"tiled-gallery__item\"><img decoding=\"async\" alt=\"\" data-height=\"1094\" data-id=\"291486\" data-link=\"https:\/\/www.foxone.de\/?attachment_id=291486\" data-url=\"https:\/\/www.foxone.de\/wp-content\/uploads\/4X7A8400-1020x680.jpg\" data-width=\"1642\" src=\"https:\/\/i1.wp.com\/www.foxone.de\/wp-content\/uploads\/4X7A8400-1020x680.jpg?ssl=1\" data-amp-layout=\"responsive\"\/><\/figure><\/div><div class=\"tiled-gallery__col\" style=\"flex-basis:33.33333%\"><figure class=\"tiled-gallery__item\"><img decoding=\"async\" alt=\"\" data-height=\"1094\" data-id=\"291488\" data-link=\"https:\/\/www.foxone.de\/?attachment_id=291488\" data-url=\"https:\/\/www.foxone.de\/wp-content\/uploads\/4X7A8406-1020x680.jpg\" data-width=\"1642\" src=\"https:\/\/i1.wp.com\/www.foxone.de\/wp-content\/uploads\/4X7A8406-1020x680.jpg?ssl=1\" data-amp-layout=\"responsive\"\/><\/figure><\/div><div class=\"tiled-gallery__col\" style=\"flex-basis:33.33333%\"><figure class=\"tiled-gallery__item\"><img decoding=\"async\" alt=\"\" data-height=\"1094\" data-id=\"291489\" data-link=\"https:\/\/www.foxone.de\/?attachment_id=291489\" data-url=\"https:\/\/www.foxone.de\/wp-content\/uploads\/4X7A8459-1-1020x680.jpg\" data-width=\"1642\" src=\"https:\/\/i0.wp.com\/www.foxone.de\/wp-content\/uploads\/4X7A8459-1-1020x680.jpg?ssl=1\" data-amp-layout=\"responsive\"\/><\/figure><\/div><\/div><div class=\"tiled-gallery__row\"><div class=\"tiled-gallery__col\" style=\"flex-basis:33.21249%\"><figure class=\"tiled-gallery__item\"><img decoding=\"async\" alt=\"\" data-height=\"1094\" data-id=\"291490\" data-link=\"https:\/\/www.foxone.de\/?attachment_id=291490\" data-url=\"https:\/\/www.foxone.de\/wp-content\/uploads\/4X7A8461-1020x680.jpg\" data-width=\"1642\" src=\"https:\/\/i1.wp.com\/www.foxone.de\/wp-content\/uploads\/4X7A8461-1020x680.jpg?ssl=1\" data-amp-layout=\"responsive\"\/><\/figure><figure class=\"tiled-gallery__item\"><img decoding=\"async\" alt=\"\" data-height=\"1094\" data-id=\"291492\" data-link=\"https:\/\/www.foxone.de\/?attachment_id=291492\" data-url=\"https:\/\/www.foxone.de\/wp-content\/uploads\/4X7A8488-1020x680.jpg\" data-width=\"1642\" src=\"https:\/\/i0.wp.com\/www.foxone.de\/wp-content\/uploads\/4X7A8488-1020x680.jpg?ssl=1\" data-amp-layout=\"responsive\"\/><\/figure><\/div><div class=\"tiled-gallery__col\" style=\"flex-basis:66.78751%\"><figure class=\"tiled-gallery__item\"><img decoding=\"async\" alt=\"\" data-height=\"1094\" data-id=\"291493\" data-link=\"https:\/\/www.foxone.de\/?attachment_id=291493\" data-url=\"https:\/\/www.foxone.de\/wp-content\/uploads\/4X7A8492-1020x680.jpg\" data-width=\"1642\" src=\"https:\/\/i0.wp.com\/www.foxone.de\/wp-content\/uploads\/4X7A8492-1020x680.jpg?ssl=1\" data-amp-layout=\"responsive\"\/><\/figure><\/div><\/div><div class=\"tiled-gallery__row\"><div class=\"tiled-gallery__col\" style=\"flex-basis:50.00000%\"><figure class=\"tiled-gallery__item\"><img decoding=\"async\" alt=\"\" data-height=\"1094\" data-id=\"291495\" data-link=\"https:\/\/www.foxone.de\/?attachment_id=291495\" data-url=\"https:\/\/www.foxone.de\/wp-content\/uploads\/4X7A8554-1020x680.jpg\" data-width=\"1642\" src=\"https:\/\/i2.wp.com\/www.foxone.de\/wp-content\/uploads\/4X7A8554-1020x680.jpg?ssl=1\" data-amp-layout=\"responsive\"\/><\/figure><\/div><div class=\"tiled-gallery__col\" style=\"flex-basis:50.00000%\"><figure class=\"tiled-gallery__item\"><img decoding=\"async\" alt=\"\" data-height=\"1094\" data-id=\"291496\" data-link=\"https:\/\/www.foxone.de\/?attachment_id=291496\" data-url=\"https:\/\/www.foxone.de\/wp-content\/uploads\/4X7A8557-1020x680.jpg\" data-width=\"1642\" src=\"https:\/\/i1.wp.com\/www.foxone.de\/wp-content\/uploads\/4X7A8557-1020x680.jpg?ssl=1\" data-amp-layout=\"responsive\"\/><\/figure><\/div><\/div><\/div><\/div>\n","protected":false},"excerpt":{"rendered":"<p>Queen Stella Wayne eine wahre K\u00f6nigin! Unsere \u201eWorld Champion\u201c Queen Stella Wayne wurde am 31.08.2021 bei uns geboren \u2013 und es war von Anfang an klar, dass sie bleibt. Sie&#8230; <span class=\"more-link\"><a href=\"https:\/\/www.foxone.de\/?page_id=291161\">Read More<\/a><\/span><\/p>\n","protected":false},"author":1,"featured_media":300934,"parent":0,"menu_order":30,"comment_status":"closed","ping_status":"closed","template":"","meta":{"footnotes":""},"class_list":["post-291161","page","type-page","status-publish","has-post-thumbnail","hentry"],"_links":{"self":[{"href":"https:\/\/www.foxone.de\/index.php?rest_route=\/wp\/v2\/pages\/291161","targetHints":{"allow":["GET"]}}],"collection":[{"href":"https:\/\/www.foxone.de\/index.php?rest_route=\/wp\/v2\/pages"}],"about":[{"href":"https:\/\/www.foxone.de\/index.php?rest_route=\/wp\/v2\/types\/page"}],"author":[{"embeddable":true,"href":"https:\/\/www.foxone.de\/index.php?rest_route=\/wp\/v2\/users\/1"}],"replies":[{"embeddable":true,"href":"https:\/\/www.foxone.de\/index.php?rest_route=%2Fwp%2Fv2%2Fcomments&post=291161"}],"version-history":[{"count":37,"href":"https:\/\/www.foxone.de\/index.php?rest_route=\/wp\/v2\/pages\/291161\/revisions"}],"predecessor-version":[{"id":301084,"href":"https:\/\/www.foxone.de\/index.php?rest_route=\/wp\/v2\/pages\/291161\/revisions\/301084"}],"wp:featuredmedia":[{"embeddable":true,"href":"https:\/\/www.foxone.de\/index.php?rest_route=\/wp\/v2\/media\/300934"}],"wp:attachment":[{"href":"https:\/\/www.foxone.de\/index.php?rest_route=%2Fwp%2Fv2%2Fmedia&parent=291161"}],"curies":[{"name":"wp","href":"https:\/\/api.w.org\/{rel}","templated":true}]}}