{"id":294002,"date":"2023-01-08T15:37:59","date_gmt":"2023-01-08T13:37:59","guid":{"rendered":"https:\/\/www.foxone.de\/?page_id=294002"},"modified":"2026-02-11T18:07:51","modified_gmt":"2026-02-11T16:07:51","slug":"sally-skull-wayne","status":"publish","type":"page","link":"https:\/\/www.foxone.de\/?page_id=294002","title":{"rendered":"Sally Skull Wayne"},"content":{"rendered":"\n<p><strong>Sally Skull Wayne<\/strong><br>Ein Versprechen f\u00fcr die Zukunft, Ausdruck, Charakter und Herz<\/p>\n\n\n\n<p><strong>Sally Skull Wayne <\/strong>wurde am <strong>05.08.2022<\/strong> bei uns geboren, und schon bei ihrer Ankunft war eines klar: Sie bleibt f\u00fcr immer ein Teil unserer Familie. Diese au\u00dfergew\u00f6hnliche Bengal-Dame in der Farbe \u201e<strong>brown rosetted tabby<\/strong>\u201c stammt aus eigener Nachzucht und vereint in sich das Beste unserer Zuchtlinien. Sie ist die Tochter von <strong>Carina Fortuna Larissa Wayne<\/strong>, einer unserer herausragendsten Katzen, und tr\u00e4gt deren Charakterst\u00e4rke, Eleganz und Ausdruckskraft in sich.<\/p>\n\n\n\n<p>Von Anfang an <strong>beeindruckte<\/strong> Sally mit einem <strong>K\u00f6rperbau<\/strong>, der <strong>ihresgleichen<\/strong> sucht ein echtes <strong>Muskelpaket<\/strong>, athletisch, geschmeidig und von beeindruckender Statur. Schon als Jungkatze zeigte sie ein unvergleichliches Auftreten: selbstbewusst, neugierig, verspielt und gleichzeitig zutraulich und menschenbezogen. Ihr Ausdruck ist intensiv, ihre bernsteinfarbenen Augen leuchten warm und geben ihr einen Blick, der sofort fesselt. Jede Bewegung ist elegant, jede Geste von Kraft und Anmut gepr\u00e4gt. Sie ist ein Juwel unserer Zucht und eine Katze, die sofort ins Herz schlie\u00dft.<\/p>\n\n\n\n<p>Wir freuen uns besonders auf ihre Entwicklung, denn Sally hat das Potenzial, in die gro\u00dfen Fu\u00dfstapfen ihrer Mutter <strong>Carina Fortuna Larissa Wayne<\/strong> und ihres legend\u00e4ren Gro\u00dfvaters <strong>John Wayne<\/strong> zu treten. Sie kann sich erst einmal wachsen, lernen und ihre Pers\u00f6nlichkeit entfalten, bevor sie 2024 ihren ersten eigenen Wurf haben sollte. Schon jetzt zeigt sie diese Mischung aus Selbstbewusstsein, Sanftmut und Lebensfreude, die gro\u00dfe Zuchttiere auszeichnet.<\/p>\n\n\n\n<p><strong>Update M\u00e4rz 2024:<\/strong> Mit fast einem Jahr ist Sally zu einer beeindruckenden jungen Dame herangewachsen. Sie wiegt inzwischen 4,5 kg, ihr K\u00f6rperbau ist <strong>atemberaubend<\/strong> und ihre braun-gelben Augen verleihen ihr einen au\u00dfergew\u00f6hnlichen, fesselnden Ausdruck. Ihr Look wird von jedem bewundert, der sie sieht \u2013 sie ist wirklich ein Traum von einer Katze.<\/p>\n\n\n\n<p>Auch auf den Katzenausstellungen hat <strong>Sally Skull Wayne<\/strong> bereits Erfolge erzielt. In der Kitten-Jugendklasse konnte sie zahlreiche Preise gewinnen und ihr Talent unter Beweis stellen. Ihre Ausstrahlung, ihr Ausdruck und ihr K\u00f6rperbau machten sie zu einem wahren Blickfang f\u00fcr Richter und Besucher. Ab November 2023 startete sie in der offenen Klasse und zeigte dort ebenfalls ihre au\u00dfergew\u00f6hnliche Qualit\u00e4t.<\/p>\n\n\n\n<p><strong>Update 10.09.2024:<\/strong> Leider hatte Sally Skull Wayne nicht das Gl\u00fcck, Mama zu werden. Der Stress f\u00fcr sie war zu gro\u00df, und in Absprache haben wir beschlossen, sie zu kastrieren und direkt in den wohlverdienten Zuchtruhestand zu schicken. Sie lebt nun bei <strong>Marion<\/strong> und ihrem Mann, die sich liebevoll um sie k\u00fcmmern und ihr ein wundervolles Zuhause schenken, in dem sie verw\u00f6hnt wird, spielen darf und all die Aufmerksamkeit erh\u00e4lt, die sie verdient.<\/p>\n\n\n\n<p><strong>Sally Skull Wayne<\/strong> ist nicht nur ein Zuchttier \u2013 sie ist <strong>Pers\u00f6nlichkeit<\/strong>, Charme, <strong>Ausdruck<\/strong> und <strong>Herz<\/strong>. Jede Begegnung mit ihr zeigt, wie besonders sie ist, wie intelligent, ausdrucksstark und liebenswert. Ihr Leben wird nun in Ruhe und Sicherheit fortgesetzt, und wir freuen uns, sie regelm\u00e4\u00dfig besuchen zu k\u00f6nnen, um ihre Lebensfreude hautnah mitzuerleben.<\/p>\n\n\n\n<p><strong>L O V E is ALL<\/strong> \u2013 Sally Skull Wayne, ein Stern in unserer Bengal-Welt, einzigartig, unvergleichlich und unvergesslich.<\/p>\n\n\n\n<figure class=\"wp-block-image size-large\"><img data-recalc-dims=\"1\" loading=\"lazy\" decoding=\"async\" width=\"1000\" height=\"667\" src=\"https:\/\/i0.wp.com\/www.foxone.de\/wp-content\/uploads\/453A6698.jpg?resize=1000%2C667&#038;ssl=1\" alt=\"\" class=\"wp-image-293742\" srcset=\"https:\/\/i0.wp.com\/www.foxone.de\/wp-content\/uploads\/453A6698.jpg?resize=1020%2C680&amp;ssl=1 1020w, https:\/\/i0.wp.com\/www.foxone.de\/wp-content\/uploads\/453A6698.jpg?resize=632%2C421&amp;ssl=1 632w, https:\/\/i0.wp.com\/www.foxone.de\/wp-content\/uploads\/453A6698.jpg?resize=768%2C512&amp;ssl=1 768w, https:\/\/i0.wp.com\/www.foxone.de\/wp-content\/uploads\/453A6698.jpg?resize=1536%2C1024&amp;ssl=1 1536w, https:\/\/i0.wp.com\/www.foxone.de\/wp-content\/uploads\/453A6698.jpg?resize=2048%2C1365&amp;ssl=1 2048w\" sizes=\"auto, (max-width: 1000px) 100vw, 1000px\" \/><\/figure>\n","protected":false},"excerpt":{"rendered":"<p>Sally Skull WayneEin Versprechen f\u00fcr die Zukunft, Ausdruck, Charakter und Herz Sally Skull Wayne wurde am 05.08.2022 bei uns geboren, und schon bei ihrer Ankunft war eines klar: Sie bleibt&#8230; <span class=\"more-link\"><a href=\"https:\/\/www.foxone.de\/?page_id=294002\">Read More<\/a><\/span><\/p>\n","protected":false},"author":1,"featured_media":0,"parent":252690,"menu_order":100,"comment_status":"closed","ping_status":"closed","template":"","meta":{"footnotes":""},"class_list":["post-294002","page","type-page","status-publish","hentry"],"_links":{"self":[{"href":"https:\/\/www.foxone.de\/index.php?rest_route=\/wp\/v2\/pages\/294002","targetHints":{"allow":["GET"]}}],"collection":[{"href":"https:\/\/www.foxone.de\/index.php?rest_route=\/wp\/v2\/pages"}],"about":[{"href":"https:\/\/www.foxone.de\/index.php?rest_route=\/wp\/v2\/types\/page"}],"author":[{"embeddable":true,"href":"https:\/\/www.foxone.de\/index.php?rest_route=\/wp\/v2\/users\/1"}],"replies":[{"embeddable":true,"href":"https:\/\/www.foxone.de\/index.php?rest_route=%2Fwp%2Fv2%2Fcomments&post=294002"}],"version-history":[{"count":7,"href":"https:\/\/www.foxone.de\/index.php?rest_route=\/wp\/v2\/pages\/294002\/revisions"}],"predecessor-version":[{"id":301149,"href":"https:\/\/www.foxone.de\/index.php?rest_route=\/wp\/v2\/pages\/294002\/revisions\/301149"}],"up":[{"embeddable":true,"href":"https:\/\/www.foxone.de\/index.php?rest_route=\/wp\/v2\/pages\/252690"}],"wp:attachment":[{"href":"https:\/\/www.foxone.de\/index.php?rest_route=%2Fwp%2Fv2%2Fmedia&parent=294002"}],"curies":[{"name":"wp","href":"https:\/\/api.w.org\/{rel}","templated":true}]}}