{"id":294005,"date":"2023-01-08T15:40:57","date_gmt":"2023-01-08T13:40:57","guid":{"rendered":"https:\/\/www.foxone.de\/?page_id=294005"},"modified":"2026-02-11T18:20:40","modified_gmt":"2026-02-11T16:20:40","slug":"grace-catelyn-wayne","status":"publish","type":"page","link":"https:\/\/www.foxone.de\/?page_id=294005","title":{"rendered":"Grace Catelyn Wayne"},"content":{"rendered":"\n<p><strong>Grace Catelyn Wayne<\/strong><br>Ein wahrhaft au\u00dfergew\u00f6hnliches Juwel unserer Zucht<\/p>\n\n\n\n<p><strong>Grace Catelyn Wayne<\/strong> wurde am <strong>05.08.2022<\/strong> bei uns geboren, und schon bei ihrer Geburt war eines klar: Dieses kleine Wunder bleibt f\u00fcr immer bei uns. Sie ist eine \u201e<strong>brown rosetted tabby<\/strong>\u201c Bengal-Dame aus eigener Nachzucht und tr\u00e4gt die besten Linien unserer Zucht in sich. Sie ist die Tochter von <strong>Carina Fortuna Larissa Wayne<\/strong>, einer wahren Legende unserer Zucht, und von Anfang an war sp\u00fcrbar, dass Grace das Potenzial hat, das Erbe ihrer Familie fortzuf\u00fchren. Ihr <strong>Opa John Wayne<\/strong> und ihre Mama werden stolz auf sie sein und wir sind es heute schon.<\/p>\n\n\n\n<p><strong>Grace<\/strong> ist ein wahres <strong>Muskelpaket<\/strong> #foxtastisch in ihrem K\u00f6rperbau und zeigt bereits jetzt, wie gro\u00df und majest\u00e4tisch sie einmal werden wird, genauso wie ihre Mama. Aber nicht nur ihr K\u00f6rper beeindruckt: Ihr Wesen ist bezaubernd, liebevoll und gleichzeitig selbstbewusst. Sie ist neugierig, klug, verspielt und zeigt bereits jetzt diese seltene Kombination aus Energie, Charme und Anmut, die die gro\u00dfen Bengal-Ladys auszeichnet.<\/p>\n\n\n\n<p>Wir hatten das Gl\u00fcck, <strong>Grace<\/strong> von klein auf zu begleiten und ihre Entwicklung zu beobachten. Mit einem Jahr hat sie sich zu einem Traum von einer Katze entwickelt: <strong>4,5 kg<\/strong> geballte Eleganz und Kraft, mit strahlend gr\u00fcnen Augen, die man einfach lieben muss. Ihr Look ist unvergleichlich \u2013 ein Double ihrer Mutter, in Farbe, Ausdruck und Charakter \u2013 und auf den Katzenausstellungen konnte sie bereits zeigen, was in ihr steckt. In der Kitten- und Jugendklasse war sie \u00fcberaus erfolgreich und hat bereits den Titel Internationaler Champion erreicht \u2013 ein Beweis f\u00fcr ihr au\u00dfergew\u00f6hnliches Potenzial und ihre Qualit\u00e4t.<\/p>\n\n\n\n<p><strong>2024<\/strong> war ein bedeutendes Jahr f\u00fcr Grace: am <strong>27.03.2024 <\/strong>hat sie ihren letzten Wurf zur Welt gebracht. Es war ein Moment voller Stolz und Freude, zu sehen, wie sie ihre Gene und ihre St\u00e4rke an die n\u00e4chste Generation weitergibt. Nach dem Auszug der Kitten wird Grace kastriert, damit sie ihren wohlverdienten Ruhestand genie\u00dfen kann.<\/p>\n\n\n\n<p>Gl\u00fccklicherweise konnte <strong>Grace<\/strong> direkt in ein liebevolles Zuhause ziehen, und wir sind \u00fcbergl\u00fccklich, dass sie bei einem ihrer <strong>Kinder<\/strong> bleiben darf. So bleibt sie weiterhin Teil unserer erweiterten Familie und kann gleichzeitig ihr neues Leben in Ruhe und Geborgenheit genie\u00dfen.<\/p>\n\n\n\n<p><strong>Grace Catelyn Wayne<\/strong> ist mehr als nur eine Bengal-Dame. Sie ist Ausdruck, Eleganz, Kraft, Charme und Herz in einem Tier. Jede Bewegung, jeder Blick, jede Ber\u00fchrung zeigt ihre Einzigartigkeit. Sie verk\u00f6rpert alles, was wir uns von einer Katze w\u00fcnschen: <strong>Sch\u00f6nheit<\/strong>, Intelligenz, Liebe, <strong>Lebensfreude<\/strong> und ein Herz voller Mut.<\/p>\n\n\n\n<p><strong>Grace Catelyn Wayne<\/strong> ein wahrhaft au\u00dfergew\u00f6hnliches Juwel, ein Double ihrer Mama, eine Legende in Entstehung.<\/p>\n\n\n\n<p>L O V E is ALL \u2764\ufe0f<\/p>\n\n\n\n<figure class=\"wp-block-image size-large\"><img data-recalc-dims=\"1\" loading=\"lazy\" decoding=\"async\" width=\"1000\" height=\"667\" src=\"https:\/\/i0.wp.com\/www.foxone.de\/wp-content\/uploads\/IMG_5157.jpg?resize=1000%2C667&#038;ssl=1\" alt=\"\" class=\"wp-image-293568\" srcset=\"https:\/\/i0.wp.com\/www.foxone.de\/wp-content\/uploads\/IMG_5157.jpg?resize=1020%2C680&amp;ssl=1 1020w, https:\/\/i0.wp.com\/www.foxone.de\/wp-content\/uploads\/IMG_5157.jpg?resize=632%2C421&amp;ssl=1 632w, https:\/\/i0.wp.com\/www.foxone.de\/wp-content\/uploads\/IMG_5157.jpg?resize=768%2C512&amp;ssl=1 768w, https:\/\/i0.wp.com\/www.foxone.de\/wp-content\/uploads\/IMG_5157.jpg?resize=1536%2C1023&amp;ssl=1 1536w, https:\/\/i0.wp.com\/www.foxone.de\/wp-content\/uploads\/IMG_5157.jpg?w=1642&amp;ssl=1 1642w\" sizes=\"auto, (max-width: 1000px) 100vw, 1000px\" \/><\/figure>\n\n\n\n<p><\/p>\n\n\n\n<figure class=\"wp-block-image size-large\"><img data-recalc-dims=\"1\" loading=\"lazy\" decoding=\"async\" width=\"1000\" height=\"667\" src=\"https:\/\/i0.wp.com\/www.foxone.de\/wp-content\/uploads\/453A4805.jpg?resize=1000%2C667&#038;ssl=1\" alt=\"\" class=\"wp-image-296906\" srcset=\"https:\/\/i0.wp.com\/www.foxone.de\/wp-content\/uploads\/453A4805.jpg?resize=1020%2C680&amp;ssl=1 1020w, https:\/\/i0.wp.com\/www.foxone.de\/wp-content\/uploads\/453A4805.jpg?resize=632%2C421&amp;ssl=1 632w, https:\/\/i0.wp.com\/www.foxone.de\/wp-content\/uploads\/453A4805.jpg?resize=768%2C512&amp;ssl=1 768w, https:\/\/i0.wp.com\/www.foxone.de\/wp-content\/uploads\/453A4805.jpg?resize=1536%2C1024&amp;ssl=1 1536w, https:\/\/i0.wp.com\/www.foxone.de\/wp-content\/uploads\/453A4805.jpg?resize=2048%2C1365&amp;ssl=1 2048w\" sizes=\"auto, (max-width: 1000px) 100vw, 1000px\" \/><\/figure>\n\n\n\n<p><\/p>\n\n\n\n<figure class=\"wp-block-image size-large\"><img data-recalc-dims=\"1\" loading=\"lazy\" decoding=\"async\" width=\"1000\" height=\"667\" src=\"https:\/\/i0.wp.com\/www.foxone.de\/wp-content\/uploads\/453A4776.jpg?resize=1000%2C667&#038;ssl=1\" alt=\"\" class=\"wp-image-296905\" srcset=\"https:\/\/i0.wp.com\/www.foxone.de\/wp-content\/uploads\/453A4776.jpg?resize=1020%2C680&amp;ssl=1 1020w, https:\/\/i0.wp.com\/www.foxone.de\/wp-content\/uploads\/453A4776.jpg?resize=632%2C421&amp;ssl=1 632w, https:\/\/i0.wp.com\/www.foxone.de\/wp-content\/uploads\/453A4776.jpg?resize=768%2C512&amp;ssl=1 768w, https:\/\/i0.wp.com\/www.foxone.de\/wp-content\/uploads\/453A4776.jpg?resize=1536%2C1024&amp;ssl=1 1536w, https:\/\/i0.wp.com\/www.foxone.de\/wp-content\/uploads\/453A4776.jpg?resize=2048%2C1365&amp;ssl=1 2048w\" sizes=\"auto, (max-width: 1000px) 100vw, 1000px\" \/><\/figure>\n\n\n\n<p><\/p>\n\n\n\n<figure class=\"wp-block-image size-large\"><img data-recalc-dims=\"1\" loading=\"lazy\" decoding=\"async\" width=\"1000\" height=\"667\" src=\"https:\/\/i0.wp.com\/www.foxone.de\/wp-content\/uploads\/453A4785.jpg?resize=1000%2C667&#038;ssl=1\" alt=\"\" class=\"wp-image-296908\" srcset=\"https:\/\/i0.wp.com\/www.foxone.de\/wp-content\/uploads\/453A4785.jpg?resize=1020%2C680&amp;ssl=1 1020w, https:\/\/i0.wp.com\/www.foxone.de\/wp-content\/uploads\/453A4785.jpg?resize=632%2C421&amp;ssl=1 632w, https:\/\/i0.wp.com\/www.foxone.de\/wp-content\/uploads\/453A4785.jpg?resize=768%2C512&amp;ssl=1 768w, https:\/\/i0.wp.com\/www.foxone.de\/wp-content\/uploads\/453A4785.jpg?resize=1536%2C1024&amp;ssl=1 1536w, https:\/\/i0.wp.com\/www.foxone.de\/wp-content\/uploads\/453A4785.jpg?resize=2048%2C1365&amp;ssl=1 2048w\" sizes=\"auto, (max-width: 1000px) 100vw, 1000px\" \/><\/figure>\n","protected":false},"excerpt":{"rendered":"<p>Grace Catelyn WayneEin wahrhaft au\u00dfergew\u00f6hnliches Juwel unserer Zucht Grace Catelyn Wayne wurde am 05.08.2022 bei uns geboren, und schon bei ihrer Geburt war eines klar: Dieses kleine Wunder bleibt f\u00fcr&#8230; <span class=\"more-link\"><a href=\"https:\/\/www.foxone.de\/?page_id=294005\">Read More<\/a><\/span><\/p>\n","protected":false},"author":1,"featured_media":0,"parent":252690,"menu_order":200,"comment_status":"closed","ping_status":"closed","template":"","meta":{"footnotes":""},"class_list":["post-294005","page","type-page","status-publish","hentry"],"_links":{"self":[{"href":"https:\/\/www.foxone.de\/index.php?rest_route=\/wp\/v2\/pages\/294005","targetHints":{"allow":["GET"]}}],"collection":[{"href":"https:\/\/www.foxone.de\/index.php?rest_route=\/wp\/v2\/pages"}],"about":[{"href":"https:\/\/www.foxone.de\/index.php?rest_route=\/wp\/v2\/types\/page"}],"author":[{"embeddable":true,"href":"https:\/\/www.foxone.de\/index.php?rest_route=\/wp\/v2\/users\/1"}],"replies":[{"embeddable":true,"href":"https:\/\/www.foxone.de\/index.php?rest_route=%2Fwp%2Fv2%2Fcomments&post=294005"}],"version-history":[{"count":16,"href":"https:\/\/www.foxone.de\/index.php?rest_route=\/wp\/v2\/pages\/294005\/revisions"}],"predecessor-version":[{"id":301157,"href":"https:\/\/www.foxone.de\/index.php?rest_route=\/wp\/v2\/pages\/294005\/revisions\/301157"}],"up":[{"embeddable":true,"href":"https:\/\/www.foxone.de\/index.php?rest_route=\/wp\/v2\/pages\/252690"}],"wp:attachment":[{"href":"https:\/\/www.foxone.de\/index.php?rest_route=%2Fwp%2Fv2%2Fmedia&parent=294005"}],"curies":[{"name":"wp","href":"https:\/\/api.w.org\/{rel}","templated":true}]}}