{"id":294605,"date":"2023-06-19T21:25:46","date_gmt":"2023-06-19T19:25:46","guid":{"rendered":"https:\/\/www.foxone.de\/?page_id=294605"},"modified":"2025-11-06T15:02:47","modified_gmt":"2025-11-06T13:02:47","slug":"aktuell-paige-kitten-bilder-2023","status":"publish","type":"page","link":"https:\/\/www.foxone.de\/?page_id=294605","title":{"rendered":"Paige Kitten Bilder 2023"},"content":{"rendered":"\n<p>Wir haben&nbsp;sechs&nbsp;wundersch\u00f6ne&nbsp;Kitten&nbsp;von <a href=\"https:\/\/www.foxone.de\/?page_id=291278\" data-type=\"page\" data-id=\"291278\">Paige Josephine Le<\/a>e <br>1 M\u00e4dchen &amp; 2 Kater alle in&nbsp;braun&nbsp;&amp; Snow am&nbsp;10.05.2023&nbsp;geboren.<\/p>\n\n\n\n<p>Bei Interesse k\u00f6nnt ihr uns immer besuchen! Man kann sich gerne auch f\u00fcr die n\u00e4chsten W\u00fcrfe gerne vormerken lassen, mehr dazu gerne am Telefon oder bei einem pers\u00f6nlichen Besuch bei uns. ***Kommt uns besuchen und lasst euch verzaubern.<\/p>\n\n\n\n<p>Die Bilder werden dann hier erscheinen und in den News.<\/p>\n\n\n<p>Kitten von : <strong data-rich-text-format-boundary=\"true\">Paige Josephine Lee : Auszug 16. Woche<br \/>Twyla, Buffalo Bill, Don Apollo<\/strong><\/p>\n<p><iframe loading=\"lazy\" src=\"https:\/\/onedrive.live.com\/embed?resid=39D3388CB89AC583%21245585&amp;authkey=!AETMGdIQWcx39h4\" width=\"165\" height=\"128\" frameborder=\"0\" scrolling=\"no\"><\/iframe> <iframe loading=\"lazy\" src=\"https:\/\/onedrive.live.com\/embed?resid=39D3388CB89AC583%21245593&amp;authkey=!ACR1NejrG7E5Fnc\" width=\"165\" height=\"128\" frameborder=\"0\" scrolling=\"no\"><\/iframe> <iframe loading=\"lazy\" src=\"https:\/\/onedrive.live.com\/embed?resid=39D3388CB89AC583%21245594&amp;authkey=!AGCXWpBml5DFEsg\" width=\"165\" height=\"128\" frameborder=\"0\" scrolling=\"no\"><\/iframe><\/p>\n<p>5. Woche &#8211; <strong>Paige Josephine Lee Kitten<\/strong> geboren am <strong>*10.05.2023<\/strong> &#8211; 2 Kater 1 M\u00e4dchen<br \/><iframe loading=\"lazy\" src=\"https:\/\/onedrive.live.com\/embed?cid=39D3388CB89AC583&amp;resid=39D3388CB89AC583%21227356&amp;authkey=AFrU858zvFvRuQ4\" width=\"165\" height=\"128\" frameborder=\"0\" scrolling=\"no\"><\/iframe> <iframe loading=\"lazy\" src=\"https:\/\/onedrive.live.com\/embed?cid=39D3388CB89AC583&amp;resid=39D3388CB89AC583%21227357&amp;authkey=AHi5X6idTSD_RaM\" width=\"165\" height=\"128\" frameborder=\"0\" scrolling=\"no\"><\/iframe> <iframe loading=\"lazy\" src=\"https:\/\/onedrive.live.com\/embed?cid=39D3388CB89AC583&amp;resid=39D3388CB89AC583%21227358&amp;authkey=AEkOV8R5_0zP4UY\" width=\"165\" height=\"128\" frameborder=\"0\" scrolling=\"no\"><\/iframe><br \/><strong>Don Apollo, Twyla, Buffalo Bill<\/strong><\/p>\n\n\n<div class=\"wp-block-jetpack-tiled-gallery aligncenter is-style-rectangular\"><div class=\"tiled-gallery__gallery\"><div class=\"tiled-gallery__row\"><div class=\"tiled-gallery__col\" style=\"flex-basis:66.78744%\"><figure class=\"tiled-gallery__item\"><img decoding=\"async\" alt=\"\" data-height=\"1392\" data-id=\"294711\" data-link=\"https:\/\/www.foxone.de\/?attachment_id=294711\" data-url=\"https:\/\/www.foxone.de\/wp-content\/uploads\/453A6461-1020x680.jpg\" data-width=\"2088\" src=\"https:\/\/i2.wp.com\/www.foxone.de\/wp-content\/uploads\/453A6461-1020x680.jpg?ssl=1\" data-amp-layout=\"responsive\"\/><\/figure><\/div><div class=\"tiled-gallery__col\" style=\"flex-basis:33.21256%\"><figure class=\"tiled-gallery__item\"><img decoding=\"async\" alt=\"\" data-height=\"1392\" data-id=\"294712\" data-link=\"https:\/\/www.foxone.de\/?attachment_id=294712\" data-url=\"https:\/\/www.foxone.de\/wp-content\/uploads\/453A6495-1020x680.jpg\" data-width=\"2088\" src=\"https:\/\/i0.wp.com\/www.foxone.de\/wp-content\/uploads\/453A6495-1020x680.jpg?ssl=1\" data-amp-layout=\"responsive\"\/><\/figure><figure class=\"tiled-gallery__item\"><img decoding=\"async\" alt=\"\" data-height=\"1392\" data-id=\"294713\" data-link=\"https:\/\/www.foxone.de\/?attachment_id=294713\" data-url=\"https:\/\/www.foxone.de\/wp-content\/uploads\/453A6514-1020x680.jpg\" data-width=\"2088\" src=\"https:\/\/i1.wp.com\/www.foxone.de\/wp-content\/uploads\/453A6514-1020x680.jpg?ssl=1\" data-amp-layout=\"responsive\"\/><\/figure><\/div><\/div><div class=\"tiled-gallery__row\"><div class=\"tiled-gallery__col\" style=\"flex-basis:33.33333%\"><figure class=\"tiled-gallery__item\"><img decoding=\"async\" alt=\"\" data-height=\"1392\" data-id=\"294714\" data-link=\"https:\/\/www.foxone.de\/?attachment_id=294714\" data-url=\"https:\/\/www.foxone.de\/wp-content\/uploads\/453A6535-1020x680.jpg\" data-width=\"2088\" src=\"https:\/\/i1.wp.com\/www.foxone.de\/wp-content\/uploads\/453A6535-1020x680.jpg?ssl=1\" data-amp-layout=\"responsive\"\/><\/figure><\/div><div class=\"tiled-gallery__col\" style=\"flex-basis:33.33333%\"><figure class=\"tiled-gallery__item\"><img decoding=\"async\" alt=\"\" data-height=\"1392\" data-id=\"294715\" data-link=\"https:\/\/www.foxone.de\/?attachment_id=294715\" data-url=\"https:\/\/www.foxone.de\/wp-content\/uploads\/453A6603-1020x680.jpg\" data-width=\"2088\" src=\"https:\/\/i0.wp.com\/www.foxone.de\/wp-content\/uploads\/453A6603-1020x680.jpg?ssl=1\" data-amp-layout=\"responsive\"\/><\/figure><\/div><div class=\"tiled-gallery__col\" style=\"flex-basis:33.33333%\"><figure class=\"tiled-gallery__item\"><img decoding=\"async\" alt=\"\" data-height=\"1392\" data-id=\"294716\" data-link=\"https:\/\/www.foxone.de\/?attachment_id=294716\" data-url=\"https:\/\/www.foxone.de\/wp-content\/uploads\/453A6615-1020x680.jpg\" data-width=\"2088\" src=\"https:\/\/i1.wp.com\/www.foxone.de\/wp-content\/uploads\/453A6615-1020x680.jpg?ssl=1\" data-amp-layout=\"responsive\"\/><\/figure><\/div><\/div><div class=\"tiled-gallery__row\"><div class=\"tiled-gallery__col\" style=\"flex-basis:33.21256%\"><figure class=\"tiled-gallery__item\"><img decoding=\"async\" alt=\"\" data-height=\"1392\" data-id=\"294717\" data-link=\"https:\/\/www.foxone.de\/?attachment_id=294717\" data-url=\"https:\/\/www.foxone.de\/wp-content\/uploads\/453A6628-1020x680.jpg\" data-width=\"2088\" src=\"https:\/\/i0.wp.com\/www.foxone.de\/wp-content\/uploads\/453A6628-1020x680.jpg?ssl=1\" data-amp-layout=\"responsive\"\/><\/figure><figure class=\"tiled-gallery__item\"><img decoding=\"async\" alt=\"\" data-height=\"1392\" data-id=\"294718\" data-link=\"https:\/\/www.foxone.de\/?attachment_id=294718\" data-url=\"https:\/\/www.foxone.de\/wp-content\/uploads\/453A6639-1020x680.jpg\" data-width=\"2088\" src=\"https:\/\/i1.wp.com\/www.foxone.de\/wp-content\/uploads\/453A6639-1020x680.jpg?ssl=1\" data-amp-layout=\"responsive\"\/><\/figure><\/div><div class=\"tiled-gallery__col\" style=\"flex-basis:66.78744%\"><figure class=\"tiled-gallery__item\"><img decoding=\"async\" alt=\"\" data-height=\"1392\" data-id=\"294719\" data-link=\"https:\/\/www.foxone.de\/?attachment_id=294719\" data-url=\"https:\/\/www.foxone.de\/wp-content\/uploads\/453A6648-1020x680.jpg\" data-width=\"2088\" src=\"https:\/\/i1.wp.com\/www.foxone.de\/wp-content\/uploads\/453A6648-1020x680.jpg?ssl=1\" data-amp-layout=\"responsive\"\/><\/figure><\/div><\/div><div class=\"tiled-gallery__row\"><div class=\"tiled-gallery__col\" style=\"flex-basis:50.00000%\"><figure class=\"tiled-gallery__item\"><img decoding=\"async\" alt=\"\" data-height=\"1392\" data-id=\"294720\" data-link=\"https:\/\/www.foxone.de\/?attachment_id=294720\" data-url=\"https:\/\/www.foxone.de\/wp-content\/uploads\/453A6734-1020x680.jpg\" data-width=\"2088\" src=\"https:\/\/i1.wp.com\/www.foxone.de\/wp-content\/uploads\/453A6734-1020x680.jpg?ssl=1\" data-amp-layout=\"responsive\"\/><\/figure><\/div><div class=\"tiled-gallery__col\" style=\"flex-basis:50.00000%\"><figure class=\"tiled-gallery__item\"><img decoding=\"async\" alt=\"\" data-height=\"1392\" data-id=\"294721\" data-link=\"https:\/\/www.foxone.de\/?attachment_id=294721\" data-url=\"https:\/\/www.foxone.de\/wp-content\/uploads\/453A6769-1020x680.jpg\" data-width=\"2088\" src=\"https:\/\/i2.wp.com\/www.foxone.de\/wp-content\/uploads\/453A6769-1020x680.jpg?ssl=1\" data-amp-layout=\"responsive\"\/><\/figure><\/div><\/div><div class=\"tiled-gallery__row\"><div class=\"tiled-gallery__col\" style=\"flex-basis:66.78744%\"><figure class=\"tiled-gallery__item\"><img decoding=\"async\" alt=\"\" data-height=\"1392\" data-id=\"294722\" data-link=\"https:\/\/www.foxone.de\/?attachment_id=294722\" data-url=\"https:\/\/www.foxone.de\/wp-content\/uploads\/453A6770-1020x680.jpg\" data-width=\"2088\" src=\"https:\/\/i1.wp.com\/www.foxone.de\/wp-content\/uploads\/453A6770-1020x680.jpg?ssl=1\" data-amp-layout=\"responsive\"\/><\/figure><\/div><div class=\"tiled-gallery__col\" style=\"flex-basis:33.21256%\"><figure class=\"tiled-gallery__item\"><img decoding=\"async\" alt=\"\" data-height=\"1392\" data-id=\"294723\" data-link=\"https:\/\/www.foxone.de\/?attachment_id=294723\" data-url=\"https:\/\/www.foxone.de\/wp-content\/uploads\/453A6788-1020x680.jpg\" data-width=\"2088\" src=\"https:\/\/i1.wp.com\/www.foxone.de\/wp-content\/uploads\/453A6788-1020x680.jpg?ssl=1\" data-amp-layout=\"responsive\"\/><\/figure><figure class=\"tiled-gallery__item\"><img decoding=\"async\" alt=\"\" data-height=\"1392\" data-id=\"294724\" data-link=\"https:\/\/www.foxone.de\/?attachment_id=294724\" data-url=\"https:\/\/www.foxone.de\/wp-content\/uploads\/453A6807-1020x680.jpg\" data-width=\"2088\" src=\"https:\/\/i0.wp.com\/www.foxone.de\/wp-content\/uploads\/453A6807-1020x680.jpg?ssl=1\" data-amp-layout=\"responsive\"\/><\/figure><\/div><\/div><div class=\"tiled-gallery__row\"><div class=\"tiled-gallery__col\" style=\"flex-basis:50.00000%\"><figure class=\"tiled-gallery__item\"><img decoding=\"async\" alt=\"\" data-height=\"1392\" data-id=\"294725\" data-link=\"https:\/\/www.foxone.de\/?attachment_id=294725\" data-url=\"https:\/\/www.foxone.de\/wp-content\/uploads\/453A6840-1020x680.jpg\" data-width=\"2088\" src=\"https:\/\/i2.wp.com\/www.foxone.de\/wp-content\/uploads\/453A6840-1020x680.jpg?ssl=1\" data-amp-layout=\"responsive\"\/><\/figure><\/div><div class=\"tiled-gallery__col\" style=\"flex-basis:50.00000%\"><figure class=\"tiled-gallery__item\"><img decoding=\"async\" alt=\"\" data-height=\"1392\" data-id=\"294726\" data-link=\"https:\/\/www.foxone.de\/?attachment_id=294726\" data-url=\"https:\/\/www.foxone.de\/wp-content\/uploads\/453A6986-1020x680.jpg\" data-width=\"2088\" src=\"https:\/\/i2.wp.com\/www.foxone.de\/wp-content\/uploads\/453A6986-1020x680.jpg?ssl=1\" data-amp-layout=\"responsive\"\/><\/figure><\/div><\/div><div class=\"tiled-gallery__row\"><div class=\"tiled-gallery__col\" style=\"flex-basis:25.00000%\"><figure class=\"tiled-gallery__item\"><img decoding=\"async\" alt=\"\" data-height=\"1392\" data-id=\"294727\" data-link=\"https:\/\/www.foxone.de\/?attachment_id=294727\" data-url=\"https:\/\/www.foxone.de\/wp-content\/uploads\/453A7002-1020x680.jpg\" data-width=\"2088\" src=\"https:\/\/i0.wp.com\/www.foxone.de\/wp-content\/uploads\/453A7002-1020x680.jpg?ssl=1\" data-amp-layout=\"responsive\"\/><\/figure><\/div><div class=\"tiled-gallery__col\" style=\"flex-basis:25.00000%\"><figure class=\"tiled-gallery__item\"><img decoding=\"async\" alt=\"\" data-height=\"1392\" data-id=\"294728\" data-link=\"https:\/\/www.foxone.de\/?attachment_id=294728\" data-url=\"https:\/\/www.foxone.de\/wp-content\/uploads\/453A7116-1020x680.jpg\" data-width=\"2088\" src=\"https:\/\/i0.wp.com\/www.foxone.de\/wp-content\/uploads\/453A7116-1020x680.jpg?ssl=1\" data-amp-layout=\"responsive\"\/><\/figure><\/div><div class=\"tiled-gallery__col\" style=\"flex-basis:25.00000%\"><figure class=\"tiled-gallery__item\"><img decoding=\"async\" alt=\"\" data-height=\"1392\" data-id=\"294729\" data-link=\"https:\/\/www.foxone.de\/?attachment_id=294729\" data-url=\"https:\/\/www.foxone.de\/wp-content\/uploads\/453A7117-1020x680.jpg\" data-width=\"2088\" src=\"https:\/\/i1.wp.com\/www.foxone.de\/wp-content\/uploads\/453A7117-1020x680.jpg?ssl=1\" data-amp-layout=\"responsive\"\/><\/figure><\/div><div class=\"tiled-gallery__col\" style=\"flex-basis:25.00000%\"><figure class=\"tiled-gallery__item\"><img decoding=\"async\" alt=\"\" data-height=\"1392\" data-id=\"294730\" data-link=\"https:\/\/www.foxone.de\/?attachment_id=294730\" data-url=\"https:\/\/www.foxone.de\/wp-content\/uploads\/453A7124-1020x680.jpg\" data-width=\"2088\" src=\"https:\/\/i1.wp.com\/www.foxone.de\/wp-content\/uploads\/453A7124-1020x680.jpg?ssl=1\" data-amp-layout=\"responsive\"\/><\/figure><\/div><\/div><\/div><\/div>\n\n\n<p>10. Woche &#8211; <strong>Paige Josephine Lee Kitten<\/strong> geboren am <strong>*10.05.2023<\/strong> &#8211; 2 Kater 1 M\u00e4dchen<\/p>\n<p>Paige Kitten &#8211; <strong>Don Apollo, Twyla, Buffalo Bill<\/strong> (alle vergeben)<\/p>\n<p><iframe loading=\"lazy\" src=\"https:\/\/onedrive.live.com\/embed?resid=39D3388CB89AC583%21237955&amp;authkey=!AJC1kcP-wSq2zTY\" width=\"165\" height=\"128\" frameborder=\"0\" scrolling=\"no\"><\/iframe> <iframe loading=\"lazy\" src=\"https:\/\/onedrive.live.com\/embed?resid=39D3388CB89AC583%21237957&amp;authkey=!ACwqMkNlmX67038\" width=\"165\" height=\"128\" frameborder=\"0\" scrolling=\"no\"><\/iframe> <iframe loading=\"lazy\" src=\"https:\/\/onedrive.live.com\/embed?resid=39D3388CB89AC583%21237959&amp;authkey=!ACm9VGy1_iuN8IU\" width=\"165\" height=\"128\" frameborder=\"0\" scrolling=\"no\"><\/iframe><\/p>","protected":false},"excerpt":{"rendered":"<p>Wir haben&nbsp;sechs&nbsp;wundersch\u00f6ne&nbsp;Kitten&nbsp;von Paige Josephine Lee 1 M\u00e4dchen &amp; 2 Kater alle in&nbsp;braun&nbsp;&amp; Snow am&nbsp;10.05.2023&nbsp;geboren. Bei Interesse k\u00f6nnt ihr uns immer besuchen! Man kann sich gerne auch f\u00fcr die n\u00e4chsten W\u00fcrfe&#8230; <span class=\"more-link\"><a href=\"https:\/\/www.foxone.de\/?page_id=294605\">Read More<\/a><\/span><\/p>\n","protected":false},"author":1,"featured_media":294576,"parent":252743,"menu_order":0,"comment_status":"closed","ping_status":"closed","template":"","meta":{"footnotes":""},"class_list":["post-294605","page","type-page","status-publish","has-post-thumbnail","hentry"],"_links":{"self":[{"href":"https:\/\/www.foxone.de\/index.php?rest_route=\/wp\/v2\/pages\/294605","targetHints":{"allow":["GET"]}}],"collection":[{"href":"https:\/\/www.foxone.de\/index.php?rest_route=\/wp\/v2\/pages"}],"about":[{"href":"https:\/\/www.foxone.de\/index.php?rest_route=\/wp\/v2\/types\/page"}],"author":[{"embeddable":true,"href":"https:\/\/www.foxone.de\/index.php?rest_route=\/wp\/v2\/users\/1"}],"replies":[{"embeddable":true,"href":"https:\/\/www.foxone.de\/index.php?rest_route=%2Fwp%2Fv2%2Fcomments&post=294605"}],"version-history":[{"count":9,"href":"https:\/\/www.foxone.de\/index.php?rest_route=\/wp\/v2\/pages\/294605\/revisions"}],"predecessor-version":[{"id":295532,"href":"https:\/\/www.foxone.de\/index.php?rest_route=\/wp\/v2\/pages\/294605\/revisions\/295532"}],"up":[{"embeddable":true,"href":"https:\/\/www.foxone.de\/index.php?rest_route=\/wp\/v2\/pages\/252743"}],"wp:featuredmedia":[{"embeddable":true,"href":"https:\/\/www.foxone.de\/index.php?rest_route=\/wp\/v2\/media\/294576"}],"wp:attachment":[{"href":"https:\/\/www.foxone.de\/index.php?rest_route=%2Fwp%2Fv2%2Fmedia&parent=294605"}],"curies":[{"name":"wp","href":"https:\/\/api.w.org\/{rel}","templated":true}]}}