{"id":295251,"date":"2023-08-01T18:42:01","date_gmt":"2023-08-01T16:42:01","guid":{"rendered":"https:\/\/www.foxone.de\/?page_id=295251"},"modified":"2026-03-31T20:15:47","modified_gmt":"2026-03-31T18:15:47","slug":"was-uns-besonders-macht","status":"publish","type":"page","link":"https:\/\/www.foxone.de\/?page_id=295251","title":{"rendered":"Was unsere Foxone Bengalen so besonders macht"},"content":{"rendered":"\n<p>Was &#8222;Foxone&#8220; so besonders macht seid Ihr alle. <br><br>Die Menschen die unsere Tiere so lieben wie wir! Ihr gebt Ihnen ein Zuhause und seid ein Teil von uns. <br>Wir sind sehr stolz was wir in \u00fcber den vielen Jahren Zucht erreicht haben &amp; freuen uns sehr f\u00fcr euer Vertrauen in uns. Viele Familien vertrauen uns und wurden nicht entt\u00e4uscht. Wir geben immer unser bestes und egal was kommt, wir sind f\u00fcr euch da das ist unser Versprechen! <strong>Wir sind das Backup der Katzen und Menschen<\/strong> wenn Ihr nicht da sein k\u00f6nnt. Wir sind nur Foxone zusammen!<br><br>Neben Menschen <strong>vertrauen<\/strong> uns Radio und TV-Medien, Politiker, Fotografen und Moderatoren, viele Unternehmen, mit denen wir Zusammenarbeiten sei es f\u00fcr Foto-Shootings oder mit Entwicklungen von Futter, Spielzeug, Kratzb\u00e4umen und Wandelementen. So entwickeln wir gemeinsam f\u00fcr die Bengalen und andere Katzenrassen wundervolles Spielzeug, Futter und Zubeh\u00f6r die auch wirklich Katzen &amp; Bengalen tauglich sind.<\/p>\n\n\n<p>Als Pet-Influencer sind wir auf bei einigen Medien wie Facebook, Instagram pr\u00e4sent und flimmern regelm\u00e4\u00dfig bei \u00fcber den Fernseher &amp; Stream # Alles im Auftrag der Katze \ud83d\ude42<br \/>Frei nach dem Motto, die Bengalen kommen!<\/p>\n<p>Wir sind <strong>offiziell<\/strong> als Zucht beim <a href=\"https:\/\/internationalcatworld.eu\">International Cat World e.V.<\/a> <strong>registriert<\/strong> und stehen unter der strengen Aufsicht des Vereins. Unsere Zucht erfolgt nach h\u00f6chsten Qualit\u00e4tsstandards und orientiert sich an den Richtlinien der renommierten Dachverb\u00e4nde <a href=\"https:\/\/tica.org\">TICA<\/a> und <a href=\"https:\/\/wcf.de\">WCF<\/a> \u2013 f\u00fcr Exzellenz, Gesundheit und Typreinheit auf h\u00f6chstem Niveau.<\/p>\n<p><span style=\"font-size: 22px;\"><strong>Die Aufzucht<\/strong><\/span><br \/>Wir sind immer da und bekommen sehr viel Besuch von Bengal begeisterten Menschen,<br \/>diese tragen ebenfalls so zur Aufzucht der kleinen bei, wie das t\u00e4gliche zusammen spielen, kuscheln und be-spa\u00dfen. Die kleinen wachsen die ersten Wochen wohl beh\u00fctet von Mama im Schlafzimmer auf, ab der 4-5. Lebenswoche kommen diese dann t\u00e4glich mit allen anderen Katzen im Wohnbereich in Ber\u00fchrung, so lernen die kleinen am schnellsten von den gro\u00dfen was man darf oder was auch nicht. Nat\u00fcrlich lernen die kleinen auch Bl\u00f6dsinn, den wir versuchen wieder abzutrainieren \ud83d\ude42\u00a0 Abends geht es dann wieder mit ins Schlafzimmer zum kuscheln und schlafen. Morgens wieder runter, ab der 8-9. Woche k\u00f6nnen die kleinen sich zus\u00e4tzlich \u00fcberwacht an den Kletterw\u00e4nden in den Spielzimmer austoben. Im Wohnbereich stehen verschiedene Kratzb\u00e4ume und Elemente in jeder erdenklichen Gr\u00f6\u00dfe zur Verf\u00fcgung um hier jeder Altersphase das richtige anzubieten.<\/p>\n<p>Damit die kleinen sich an den Transport-Korb fr\u00fchzeitig gew\u00f6hnen, werden die kleinen auch t\u00e4glich (abends) rauf-runter (morgens) getragen und gef\u00fchlt 100x am Tag hochgenommen und gestreichelt. Wir trainieren seit Mitte 2023 mit einem Trainingsgeschirr das tragen eines Laufgeschirrs an, damit diese sp\u00e4ter keine Schwierigkeiten haben, sowas zu tragen z.B.einen Body bei der Kastration. Ab der 12. Woche sind die so kletterfest, das die kleinen ebenfalls in allen Zimmern toben k\u00f6nnen, wenn Sie m\u00f6chten, die T\u00fcren sind offen.<\/p>\n<p>Wir untersuchen alle Tiere die bei uns geboren werden auf Futterunvertr\u00e4glichkeiten, damit<br \/>f\u00fcttern wir immer vom 1. Tag an genau richtig. Getreide und Zuckerfrei &#8222;<strong>Premium<\/strong>&#8220; Na\u00df-Futter und Leckerlis. Manche m\u00f6gen ein wenig Trockenfutter, es mu\u00df aber immer die h\u00f6chste &#8222;Premium&#8220; Qualit\u00e4t sein. Vitamin und Booster f\u00fcr das Immunsystem runden das ganze ab.<\/p>\n<p><strong><span style=\"font-size: 22px;\">Ausstattung<br \/><\/span><\/strong>Viele m\u00f6gen uns wir verr\u00fcckt halten, aber wir wohnen bei der Katze und das meinen wir nicht so, das ist so. Wir sind nur zu Gast und d\u00fcrfen am Leben der kleinen und gro\u00dfen teilhaben.<br \/>So ist es nicht verwunderlich, das wir selbst unseren Kamin abgebaut haben und dort einen weiteren Kratzbaum platziert haben. Wir haben 2 voll ausgestattete Spielzimmer die keine W\u00fcnschen offen lassen und unfassbar viele Spielangeln, Anh\u00e4nger und Kratzm\u00f6glichkeiten. Selbst das Schlafzimmer ist nicht sicher davor, auch dort sind einige Wandelemente und Kratzm\u00f6glichkeiten vorhanden- Das schont M\u00f6bel und keiner muss sich langweilen. Einiges davon seht Ihr unten im <strong>Video &#8211; Rundgang<\/strong>. Da wir hier immer wieder vieles immer wieder umbauen, erneuern oder austauschen sind wir dankbar so viele Unternehmen haben, die uns unterst\u00fctzen.<\/p>\n<p>Falls es mal dazu kommen muss, das doch jemand im Zimmer bleiben muss z.B. wegen der Rolligkeit, dann haben diese Spielm\u00f6glichkeiten ohne Ende. Die Glast\u00fcren haben wir extra gesetzt, damit diese dann immer am tagesgeschehen von uns allen teilnehmen k\u00f6nnen. Besonders danken m\u00f6chte ich hier <a href=\"http:\/\/www.lionslike.de\">LionsLike<\/a> von Laura, die uns jeden erdenklichen Wunsch umsetzt, seit Jahren ist Foxone &amp; Lionslike ein Team.<\/p>\n\n\n<figure class=\"wp-block-image size-full is-resized is-style-default\"><img data-recalc-dims=\"1\" loading=\"lazy\" decoding=\"async\" width=\"630\" height=\"194\" src=\"https:\/\/i0.wp.com\/www.foxone.de\/wp-content\/uploads\/lionslike.png?resize=630%2C194&#038;ssl=1\" alt=\"\" class=\"wp-image-289903\" style=\"width:158px;height:49px\"\/><\/figure>\n\n\n<p><span style=\"font-size: 22px;\"><strong><br \/>Auswahl der Zuchttiere<\/strong><\/span><\/p>\n<p>Da wir der Meinung sind nur gesunde Bengalen auch gesunde Bengalen zeugen k\u00f6nnen, ist das wichtigste f\u00fcr uns: Die allerbeste Gesundheitsvorsorge! Wir z\u00fcchten ausschlie\u00dflich mit gesunden Tieren und wir impfen regelm\u00e4\u00dfig alle Katzen auf Katzenseuche, Katzenschnupfen, Chlamydien, Leukose &amp; Tollwut. Egal ob Jung oder alt, jeder soll die beste Versorgung bekommen. Alle Zuchttiere m\u00fcssen vor Ihrer ersten Zeugung\/Geburten komplett auf <strong>FIP, Felv, Leukose, Pra-b, PK-Def, Pra-RDAC, PKD, DNA<\/strong> untersucht sein. Wir beantragen neben <strong>Futterunvertr\u00e4glichkeiten<\/strong> umfangreiche genetische-Tests bei UC-Davis (USA), Feragen (AT), Laboklin (DE), Genoline (DE) (Futterunvertr\u00e4glichkeiten) Vor dem Einsatz werden alle Tiere auf HCM &#8211; (Hypertrophe Kardiomyopathie) untersucht.<\/p>\n<p>Da wir sehr vorsichtig sind z\u00fcchten wir mit keinen Tieren die \u00fcber einen <strong>HCM-Wert LVSd von 4,0<\/strong> . Alle Tiere von uns liegen meist weit unter bei <strong>2,5 &#8211; 3,5 LVSd Wert<\/strong>. Selbst unser guter alter <strong>John Wayne<\/strong> hat einen Wert von 3,5, ist ein Weltklasse Wert f\u00fcr einen Kater mit 6,5 Kg-7,0 Kg in dem Alter von 13 Jahren. Gentisches HCM k\u00f6nnen wir damit <strong>ausschlie\u00dfen<\/strong>.<\/p>\n<p>Auch wenn man mit <strong>4,0<\/strong>\u00a0sehr weit weg ist von den H\u00f6chstwerten ist, sehen wir es als unsere Pflicht an, sich Grenzen zu setzen und das Risiko so gering wie m\u00f6glich zu halten. Unsere <strong>Risikobereitschaft<\/strong> liegt bei uns bei <span style=\"font-size: 22px;\"><strong>0%<\/strong><\/span> das Tiere die ein Herzleiden bekommen k\u00f6nnten.<\/p>\n<p>Neben der <strong>Gesundheit<\/strong>, <strong>Aufzucht<\/strong>, <strong>Sozialisierung<\/strong>, ist uns das Potenzial zum Rasse-Standard uns sehr wichtig. Wir besuchen dazu sehr viele Katzen-Ausstellungen, um hier den Fortschritt der Zucht festzustellen und zu dokumentieren. Wir tauschen uns regelm\u00e4\u00dfig mit anderen Z\u00fcchtern aus, besuchen Seminare &amp; Workshops, um uns weiterbilden.<\/p>\n<p>Wen man dann viele Katzen-Ausstellungen besucht, kann man mit den allerbesten Tieren von Kitten-Champion, Jugend-Champion, ab 9 Monate Champion, Internationaler Champion, gro\u00dfer Internationaler Champion, Europa Champion, gro\u00dfer Europa Champion und den World Champion Titel Punkte sammeln. Wir unterscheiden hier die die Kitten und Jugendklasse (bis 9 Monate) und die Offene Klasse ab 9 Monate. Bei Kastraten gibt es noch die Kastraten Klasse. In der Offenen Klasse ben\u00f6tigen wir bei unserem Verein (sehr streng) 36 Titelpunkte. Pro Ausstellungstag nur 1 im Ausland und 2 in Deutschland maximal sammeln. Das sind viele Stunden und Wochenenden.<\/p>\n<p>Die h\u00f6chste Klasse die man erreichen kann streben wir an den <strong>World Champion<\/strong>. Sollte ein Tier die Klasse <strong>nicht<\/strong> erreichen k\u00f6nnen, nehmen wir es aus der Zucht um die Qualit\u00e4t und den Rasse Standard nachhaltig sicherzustellen. Einige Titel konnten wir in der Corona Pandemie leider nicht mehr fertig stellen, aber es sei euch versichert alle die hier aufgef\u00fchrten Tiere haben und hatten das Potenzial auch wenn Sie bereits in Zuchtrente sind.<\/p>\n<p>Wir m\u00f6chten euch einige der Tiere und Titel einmal vorstellen.<br \/>Viele davon sind bereits im <strong>Ruhestand<\/strong> (Zuchtrente), den Sie mehr als verdient haben.<\/p>\n<p><!-- \/wp:post-content --><\/p>\n<p><!-- wp:paragraph --><\/p>\n<p><span style=\"font-size: 22px;\"><strong>Derzeit aktiv in der Zucht (5)<\/strong><\/span><br \/>World Champion Foxone John Wayne<br \/>World Champion Foxone Clint Eastwood <br \/>World Champion Foxone Caroline Eastwood<br \/>World Champion Foxone Queen Stella Wayne<br \/>Champion Foxone Queen Harley Rose Quinn Wayne<\/p>\n<p><span style=\"font-size: 22px;\"><strong>*Nachwuchs* (6)<\/strong><\/span><br \/>Nachwuchs Junior Champion Amoracia Spartacus Duke Wayne *born*26.05.2025\u00a0 (male)<br \/>Nachwuchs Kitten Nachwuchs Foxone Queen Katy Catharina Lillith Wayne *born*29.08.2025 (female)<br \/>Nachwuchs Kitten Bellavista Queen Rachel Fortuna Wayne *born*12.10.2025 (female)<br \/>Nachwuchs Kitten Queen Jill Grace Wayne *born*21.12.2025 (female)<br \/>Nachwuchs Kitten Queen Annie Rose Wayne *born*21.12.2025 (female)<br \/>Nachwuchs Kitten Queen Josephine Claire Wayne *born*21.12.2025 (female)<\/p>\n<p><!-- \/wp:paragraph --><\/p>\n<p><!-- wp:paragraph --><\/p>\n<p><span style=\"font-size: 22px;\"><strong>bereits in Zuchtrente (21)<br \/><\/strong><span style=\"font-size: 16px;\">World Champion Foxone Paige Josephine Lee<\/span><\/span><br \/>World Champion Foxone Joy Ashley Lee <br \/>World Champion Uniquespots Kate McLaine Lee<br \/>World Champion Foxone Carina Fortuna Larissa Wayne <br \/>World Champion Foxone Laureen Wayne<br \/>World Champion Foxone Alison Wayne<br \/>World Champion Foxone Melissa Wayne<br \/>World Champion Foxone Queen Mary Lee <br \/>World Champion Foxone Scarlett o\u00b4Hara<br \/>World Champion Foxone General Lee<br \/>World Champion Gloriusbengals Bloody Mary<br \/>World Champion Gloriusbengals Bonnie Madison Wayne<br \/>World Champion Foxone Josephine Wayne<br \/>Champion Amanda Wayne von der Saffenburg<br \/>Champion Foxone Leroy Leonard Lee<br \/>Champion Foxone Shirley McLaine Lee<br \/>Champion Lady Scarlett o\u00b4Hara vom Rittersaal<br \/>Champion Lady Verona vom Rittersaal<br \/>Champion Babu Savage Gala 74<br \/>Champion Foxone Sally Skull Wayne <br \/>Internationaler Champion Foxone Grace Catelyn Wayne<\/p>\n<p><span style=\"font-size: 22px;\"><strong>Kastraten bei Liebhabern mit Titeln (8)<\/strong><\/span><br \/>World Champion Maya<br \/>World Champion Loki<br \/>World Champion Chester de Nozo<br \/>World Champion Freddy von Dyke<br \/>Gro\u00dfer Internationaler Champion Simba Wayne<br \/>World Champion Charlie Lee<br \/>World Champion Finnja Wayne<br \/>World Champion Coco Eastwood<\/p>\n<p>Einen kleinen Rundgang durch unsere Welt seht Ihr in dem <a href=\"https:\/\/youtu.be\/keBb9HNM1us\">Video<\/a>.<\/p>\n<p><!-- \/wp:paragraph --><\/p>\n<p><iframe loading=\"lazy\" title=\"YouTube video player\" src=\"https:\/\/www.youtube.com\/embed\/keBb9HNM1us\" width=\"560\" height=\"315\" frameborder=\"0\" allowfullscreen=\"allowfullscreen\"><\/iframe><\/p>\n<p>Im Jahr 2023 haben wir die 2 Spielzimmer neu gestaltet ein Video.<\/p>\n<p><iframe loading=\"lazy\" title=\"YouTube video player\" src=\"https:\/\/www.youtube.com\/embed\/afSnsq23Dg0?si=Rw0fpIK8ziNmIsz2\" width=\"560\" height=\"315\" frameborder=\"0\" allowfullscreen=\"allowfullscreen\"><\/iframe><\/p>\n<p>Wenn Ihr nun Lust bekommen habt uns zu besuchen, dann meldet gerne telefonisch oder per E-Mail und kommt uns besuchen. Wir w\u00fcrden uns sehr freuen euch mit der<strong> Bengalen Magie<\/strong> zu infizieren und euch zu verzaubern.<\/p>\n<p>Bengalen sind mehr als nur Katze, sie sind Familie und ein Foxone Bengale ist vermutlich noch mehr als das reine pure LIEBE. Bei uns bekommt Ihr nicht nur Freunde f\u00fcr eurer gemeinsames Leben sondern eine ganze &#8222;Foxone Familie&#8220; dazu. Wir sind immer da, versprochen ein Leben lang. <strong>Herzblut &amp; Leidenschaft<\/strong>, das ist unser Motto und das wird gelebt und geliebt.<\/p>\n<p>Unser <strong><span style=\"font-size: 22px;\">Herz<\/span><\/strong> schl\u00e4gt <span style=\"font-size: 22px;\"><strong>Bengal<\/strong><\/span>, deins bald auch?<\/p>\n<p><span style=\"font-size: 30px;\"><strong>LOVE is ALL<\/strong><\/span><\/p>\n<p><!-- wp:image {\"id\":295396,\"width\":400,\"height\":400,\"sizeSlug\":\"full\",\"linkDestination\":\"none\"} --><\/p>\n<figure class=\"wp-block-image size-full is-resized\">\n<figure id=\"attachment_295396\" aria-describedby=\"caption-attachment-295396\" style=\"width: 300px\" class=\"wp-caption alignright\"><img data-recalc-dims=\"1\" loading=\"lazy\" decoding=\"async\" class=\"wp-image-295396\" style=\"border: none;\" src=\"https:\/\/i0.wp.com\/www.foxone.de\/wp-content\/uploads\/John_Wilderness.webp?resize=300%2C300&#038;ssl=1\" alt=\"John als Fotomodel :)\" width=\"300\" height=\"300\" srcset=\"https:\/\/i0.wp.com\/www.foxone.de\/wp-content\/uploads\/John_Wilderness.webp?w=800&amp;ssl=1 800w, https:\/\/i0.wp.com\/www.foxone.de\/wp-content\/uploads\/John_Wilderness.webp?resize=632%2C632&amp;ssl=1 632w, https:\/\/i0.wp.com\/www.foxone.de\/wp-content\/uploads\/John_Wilderness.webp?resize=768%2C768&amp;ssl=1 768w\" sizes=\"auto, (max-width: 300px) 100vw, 300px\" \/><figcaption id=\"caption-attachment-295396\" class=\"wp-caption-text\">John als Fotomodel \ud83d\ude42<\/figcaption><\/figure>\n<\/figure>\n<p><!-- \/wp:image --><\/p>\n<p><!-- wp:image {\"id\":295394,\"width\":400,\"height\":400,\"sizeSlug\":\"full\",\"linkDestination\":\"none\"} --><\/p>\n<figure class=\"wp-block-image size-full is-resized\">\n<figure id=\"attachment_295394\" aria-describedby=\"caption-attachment-295394\" style=\"width: 300px\" class=\"wp-caption alignleft\"><img data-recalc-dims=\"1\" loading=\"lazy\" decoding=\"async\" class=\"wp-image-295394\" style=\"border: none;\" src=\"https:\/\/i0.wp.com\/www.foxone.de\/wp-content\/uploads\/Wilderness1.webp?resize=300%2C300&#038;ssl=1\" alt=\"Caroline als Fotomodel :)\" width=\"300\" height=\"300\" srcset=\"https:\/\/i0.wp.com\/www.foxone.de\/wp-content\/uploads\/Wilderness1.webp?w=800&amp;ssl=1 800w, https:\/\/i0.wp.com\/www.foxone.de\/wp-content\/uploads\/Wilderness1.webp?resize=632%2C632&amp;ssl=1 632w, https:\/\/i0.wp.com\/www.foxone.de\/wp-content\/uploads\/Wilderness1.webp?resize=768%2C768&amp;ssl=1 768w\" sizes=\"auto, (max-width: 300px) 100vw, 300px\" \/><figcaption id=\"caption-attachment-295394\" class=\"wp-caption-text\">Caroline als Fotomodel \ud83d\ude42<\/figcaption><\/figure>\n<\/figure>\n<figure><\/figure>\n<figure><\/figure>\n<figure><\/figure>\n<figure><\/figure>\n<figure><\/figure>\n<figure class=\"wp-block-image size-full is-resized\"><\/figure>\n<p><!-- \/wp:image --><\/p>\n<p><!-- wp:image {\"id\":295395,\"sizeSlug\":\"large\",\"linkDestination\":\"none\",\"className\":\"is-style-rounded\"} --><\/p>\n<figure class=\"wp-block-image size-large is-style-rounded\"><\/figure>\n<p><!-- \/wp:image --><\/p>","protected":false},"excerpt":{"rendered":"<p>Was &#8222;Foxone&#8220; so besonders macht seid Ihr alle. Die Menschen die unsere Tiere so lieben wie wir! Ihr gebt Ihnen ein Zuhause und seid ein Teil von uns. Wir sind&#8230; <span class=\"more-link\"><a href=\"https:\/\/www.foxone.de\/?page_id=295251\">Read More<\/a><\/span><\/p>\n","protected":false},"author":1,"featured_media":295736,"parent":0,"menu_order":1,"comment_status":"closed","ping_status":"closed","template":"","meta":{"footnotes":""},"class_list":["post-295251","page","type-page","status-publish","has-post-thumbnail","hentry"],"_links":{"self":[{"href":"https:\/\/www.foxone.de\/index.php?rest_route=\/wp\/v2\/pages\/295251","targetHints":{"allow":["GET"]}}],"collection":[{"href":"https:\/\/www.foxone.de\/index.php?rest_route=\/wp\/v2\/pages"}],"about":[{"href":"https:\/\/www.foxone.de\/index.php?rest_route=\/wp\/v2\/types\/page"}],"author":[{"embeddable":true,"href":"https:\/\/www.foxone.de\/index.php?rest_route=\/wp\/v2\/users\/1"}],"replies":[{"embeddable":true,"href":"https:\/\/www.foxone.de\/index.php?rest_route=%2Fwp%2Fv2%2Fcomments&post=295251"}],"version-history":[{"count":150,"href":"https:\/\/www.foxone.de\/index.php?rest_route=\/wp\/v2\/pages\/295251\/revisions"}],"predecessor-version":[{"id":301385,"href":"https:\/\/www.foxone.de\/index.php?rest_route=\/wp\/v2\/pages\/295251\/revisions\/301385"}],"wp:featuredmedia":[{"embeddable":true,"href":"https:\/\/www.foxone.de\/index.php?rest_route=\/wp\/v2\/media\/295736"}],"wp:attachment":[{"href":"https:\/\/www.foxone.de\/index.php?rest_route=%2Fwp%2Fv2%2Fmedia&parent=295251"}],"curies":[{"name":"wp","href":"https:\/\/api.w.org\/{rel}","templated":true}]}}