{"id":296187,"date":"2024-03-08T19:24:03","date_gmt":"2024-03-08T17:24:03","guid":{"rendered":"https:\/\/www.foxone.de\/?page_id=296187"},"modified":"2025-11-06T14:48:29","modified_gmt":"2025-11-06T12:48:29","slug":"bilder-2024","status":"publish","type":"page","link":"https:\/\/www.foxone.de\/?page_id=296187","title":{"rendered":"Bilder"},"content":{"rendered":"\n<p>Neueste Bilder aus der Zucht von&nbsp;<a>Foxone<\/a><\/p>\n\n\n\n<p>In diesem Archiv findet ihr die aktuellsten Bilder, die die Leidenschaft und Hingabe der Zucht von\u00a0<a>Bengalen<\/a>\u00a0bei\u00a0<a>Foxone<\/a>\u00a0dokumentieren. Hier sind einige Highlights:<\/p>\n\n\n\n<p>Um Bilder aus anderen Jahren zu sehen, k\u00f6nnt ihr im Men\u00fc bei den Bildern ausw\u00e4hlen. Dort findet ihr eine Vielzahl von Aufnahmen, die die verschiedenen Phasen der Zucht dokumentieren.<\/p>\n\n\n\n<p><strong>Bilder aus 2024<\/strong> \/ <strong>2025<\/strong><\/p>\n\n\n\n<p>Das Archiv enth\u00e4lt die neuesten Aufnahmen von den Kitten und Zuchttieren, die in diesem Jahr geboren wurden. Diese Bilder zeigen die Entwicklung und die besonderen Merkmale der Tiere.<\/p>\n\n\n\n<p><strong>Zuchtphilosophie<\/strong>:<\/p>\n\n\n\n<p><strong>Bilder aus fr\u00fcheren Jahren<\/strong>:<\/p>\n\n\n\n<p>F\u00fcr diejenigen, die sich f\u00fcr die Zuchtgeschichte interessieren, gibt es auch Bilder aus den Jahren\u00a0<strong>2014<\/strong>\u00a0bis <strong>2024<\/strong>. Diese zeigen die Entwicklung der Zucht und die verschiedenen W\u00fcrfe, die \u00fcber die Jahre hinweg entstanden sind.<\/p>\n","protected":false},"excerpt":{"rendered":"<p>Neueste Bilder aus der Zucht von&nbsp;Foxone In diesem Archiv findet ihr die aktuellsten Bilder, die die Leidenschaft und Hingabe der Zucht von\u00a0Bengalen\u00a0bei\u00a0Foxone\u00a0dokumentieren. Hier sind einige Highlights: Um Bilder aus anderen&#8230; <span class=\"more-link\"><a href=\"https:\/\/www.foxone.de\/?page_id=296187\">Read More<\/a><\/span><\/p>\n","protected":false},"author":1,"featured_media":295695,"parent":0,"menu_order":104,"comment_status":"closed","ping_status":"closed","template":"","meta":{"footnotes":""},"class_list":["post-296187","page","type-page","status-publish","has-post-thumbnail","hentry"],"_links":{"self":[{"href":"https:\/\/www.foxone.de\/index.php?rest_route=\/wp\/v2\/pages\/296187","targetHints":{"allow":["GET"]}}],"collection":[{"href":"https:\/\/www.foxone.de\/index.php?rest_route=\/wp\/v2\/pages"}],"about":[{"href":"https:\/\/www.foxone.de\/index.php?rest_route=\/wp\/v2\/types\/page"}],"author":[{"embeddable":true,"href":"https:\/\/www.foxone.de\/index.php?rest_route=\/wp\/v2\/users\/1"}],"replies":[{"embeddable":true,"href":"https:\/\/www.foxone.de\/index.php?rest_route=%2Fwp%2Fv2%2Fcomments&post=296187"}],"version-history":[{"count":6,"href":"https:\/\/www.foxone.de\/index.php?rest_route=\/wp\/v2\/pages\/296187\/revisions"}],"predecessor-version":[{"id":298294,"href":"https:\/\/www.foxone.de\/index.php?rest_route=\/wp\/v2\/pages\/296187\/revisions\/298294"}],"wp:featuredmedia":[{"embeddable":true,"href":"https:\/\/www.foxone.de\/index.php?rest_route=\/wp\/v2\/media\/295695"}],"wp:attachment":[{"href":"https:\/\/www.foxone.de\/index.php?rest_route=%2Fwp%2Fv2%2Fmedia&parent=296187"}],"curies":[{"name":"wp","href":"https:\/\/api.w.org\/{rel}","templated":true}]}}