{"id":300380,"date":"2025-07-16T18:12:27","date_gmt":"2025-07-16T16:12:27","guid":{"rendered":"https:\/\/www.foxone.de\/?page_id=300380"},"modified":"2026-02-13T15:35:56","modified_gmt":"2026-02-13T13:35:56","slug":"tier-versicherung","status":"publish","type":"page","link":"https:\/\/www.foxone.de\/?page_id=300380","title":{"rendered":"Tier Versicherung!"},"content":{"rendered":"\n<p>Tierversicherung \u2013 weil deine Katze auf dich z\u00e4hlt<\/p>\n\n\n\n<p>Unsere Katzen sind mehr als Tiere. Sie sind Familie. Ruhepol. Herzensbegleiter. Und wenn sie uns brauchen, z\u00e4hlt nur eines: dass wir helfen k\u00f6nnen. Sofort und ohne Z\u00f6gern.<\/p>\n\n\n\n<p>Ob Unfall, Krankheit oder eine unerwartete OP \u2013 Tierarztkosten sind seit 2022 sp\u00fcrbar gestiegen. Schon einfache Eingriffe k\u00f6nnen schnell mehrere hundert oder tausend Euro kosten. Eine Tierversicherung sch\u00fctzt dich genau dann, wenn es darauf ankommt.<\/p>\n\n\n\n<p>Ein Partner, dem wir vertrauen<\/p>\n\n\n\n<p>Wir arbeiten mit der Allianz-Agentur Bell &amp; Lambrecht OHG. Vertreten durch Deutschlands fairsten Tierkrankenversicherer.<\/p>\n\n\n<div class=\"wp-block-image\">\n<figure class=\"aligncenter size-full\"><img data-recalc-dims=\"1\" loading=\"lazy\" decoding=\"async\" width=\"211\" height=\"211\" src=\"https:\/\/i0.wp.com\/www.foxone.de\/wp-content\/uploads\/image-3.png?resize=211%2C211&#038;ssl=1\" style=\"border:none;\" alt=\"\" class=\"wp-image-300723\"\/><\/figure> \n<\/div>\n\n\n<p><\/p>\n\n\n\n<p>Was uns \u00fcberzeugt hat, sind nicht nur die Menschen hinter der Agentur, sondern auch die Leistungen:<\/p>\n\n\n\n<p>\u25cf Keine Altersbeschr\u00e4nkung: Ab der achten Lebenswoche versicherbar \u2013 auch \u00e4ltere Katzen erhalten lebenslange Absicherung, solange du das m\u00f6chtest.<\/p>\n\n\n\n<p>\u25cf Spezialbehandlungen inklusive: Freie Tierarztwahl sowie Kostenerstattung f\u00fcr z.\u202fB. Physiotherapie, Hom\u00f6opathie, Akupunktur, Lasertherapie und andere alternative Methoden.<\/p>\n\n\n\n<p>\u25cf Abwicklung ohne Umwege: Die Allianz-Agentur \u00fcbernimmt die Erstattung direkt. Ohne Hotline, ohne Warteschleifen. Und wenn du willst, rechnen sie auch direkt mit dem Tierarzt ab, damit du dich voll auf deine Katze konzentrieren kannst.<\/p>\n\n\n\n<p>\u25cf In der Regel bekommst du dein Geld innerhalb von ein bis zwei Werktagen zur\u00fcck \u2013 direkt durch die Agentur. Ohne Papierchaos, ohne Hotline-Marathon. Einfach schnell.<br><br>Pers\u00f6nlich erreichbar. Keine Standardl\u00f6sungen. Kein Verkaufsdruck. Und wenn es ernst wird, sind sie da.<\/p>\n\n\n<div class=\"wp-block-image\">\n<figure class=\"aligncenter size-full\"><img data-recalc-dims=\"1\" loading=\"lazy\" decoding=\"async\" width=\"146\" height=\"215\" src=\"https:\/\/i0.wp.com\/www.foxone.de\/wp-content\/uploads\/image-4.png?resize=146%2C215&#038;ssl=1\" style=\"border:none;\" alt=\"\" class=\"wp-image-300726\"\/><\/figure>\n<\/div>\n\n\n<p class=\"has-text-align-center\"><\/p>\n\n\n\n<div class=\"wp-block-buttons is-content-justification-center is-layout-flex wp-container-core-buttons-is-layout-16018d1d wp-block-buttons-is-layout-flex\">\n<div class=\"wp-block-button is-style-fill\"><a class=\"wp-block-button__link has-text-align-center wp-element-button\" href=\"https:\/\/www.allianz-vor-ort.de\/landingpage\/zsm\/managed\/katzenversicherung?homepagekey=agentur-kbl\">Beitrag Berechnen<\/a><\/div>\n<\/div>\n\n\n\n<p><\/p>\n\n\n<div class=\"wp-block-image\">\n<figure class=\"aligncenter size-full is-resized\"><img loading=\"lazy\" decoding=\"async\" width=\"360\" height=\"362\" src=\"https:\/\/i0.wp.com\/www.foxone.de\/wp-content\/uploads\/Digital_Glyph_Green.png?fit=360%2C362&amp;ssl=1\" style=\"border:none;\" alt=\"\" class=\"wp-image-300745\" style=\"width:66px;height:auto\"\/><\/figure>\n<\/div>\n\n\n<p><\/p>\n\n\n\n<p class=\"has-text-align-center\"><strong>Oder schreibe direkt per <em>WhatsApp<\/em><\/strong><\/p>\n\n\n<div class=\"wp-block-image\">\n<figure class=\"aligncenter size-full is-resized\"><a href=\"https:\/\/bit.ly\/465KLxL\"><img data-recalc-dims=\"1\" loading=\"lazy\" decoding=\"async\" width=\"128\" height=\"128\" src=\"https:\/\/i0.wp.com\/www.foxone.de\/wp-content\/uploads\/image-2.png?resize=128%2C128&#038;ssl=1\" style=\"border:none;\" alt=\"\" class=\"wp-image-300718\" style=\"width:128px;height:auto\"\/><\/a><\/figure>\n<\/div>\n\n\n<p><\/p>\n\n\n\n<div class=\"wp-block-buttons is-content-justification-center is-layout-flex wp-container-core-buttons-is-layout-16018d1d wp-block-buttons-is-layout-flex\">\n<div class=\"wp-block-button\"><a class=\"wp-block-button__link has-text-align-center wp-element-button\" href=\"https:\/\/bit.ly\/465KLxL\">Whatapp Kontakt<\/a><\/div>\n<\/div>\n\n\n\n<p><\/p>\n\n\n\n<p class=\"has-text-align-center\"><a href=\"https:\/\/bit.ly\/465KLxL\">https:\/\/bit.ly\/465KLxL\u00a0<\/a><\/p>\n\n\n\n<p><strong>Unser Grundsatz bei Foxone<\/strong>\u00a0<br><br>Unsere Katzen verlassen uns nicht ungesch\u00fctzt.\u00a0<br>Denn F\u00fcrsorge h\u00f6rt nicht an der T\u00fcr auf \u2013 sie beginnt dort erst richtig.\u00a0<\/p>\n\n\n\n<p>Und wenn es um Absicherung geht, <strong>vertrauen wir niemandem au\u00dfer der Allianz-Generalvertretung Bell &amp; Lambrecht.<\/strong>&nbsp;<\/p>\n\n\n\n<p>Ein herzliches Dankesch\u00f6n an unseren Partner. Ein Team mit Herz, Haltung und echter Tierliebe. Ihr seid nicht einfach ein Partner oder eine Versicherung. Ihr seid ein Teil unserer Gemeinschaft. Ihr begleitet uns mit ehrlicher Begeisterung, mit pers\u00f6nlichem Einsatz und mit dem festen Willen, f\u00fcr unsere Tiere das Beste zu erm\u00f6glichen.&nbsp;<\/p>\n\n\n\n<p class=\"has-text-align-center\">Was ihr f\u00fcr uns tut, geht weit \u00fcber das \u00dcbliche hinaus. Und genau das macht euch so besonders.\u00a0<br>Danke, dass ihr an unserer Seite steht.\u00a0<br><br><strong><em>Zur Versicherung<\/em><\/strong>\u00a0<br>\u00a0<br><a href=\"https:\/\/www.allianz-vor-ort.de\/landingpage\/zsm\/managed\/katzenversicherung?homepagekey=agentur-kbl\" target=\"_blank\" rel=\"noreferrer noopener\"><strong><em>https:\/\/www.allianz-vor-ort.de\/landingpage\/zsm\/managed\/katzenversicherung?homepagekey=agentur-kbl<\/em><\/strong><\/a>\u00a0<\/p>\n\n\n\n<p class=\"has-text-align-center\"><strong>Herzblut<\/strong> &amp; <strong>Verantwortung<\/strong>, das ist das was Foxone\u00a0ausmacht.<br><\/p>\n\n\n\n<p><br><\/p>\n","protected":false},"excerpt":{"rendered":"<p>Tierversicherung \u2013 weil deine Katze auf dich z\u00e4hlt Unsere Katzen sind mehr als Tiere. Sie sind Familie. Ruhepol. Herzensbegleiter. Und wenn sie uns brauchen, z\u00e4hlt nur eines: dass wir helfen&#8230; <span class=\"more-link\"><a href=\"https:\/\/www.foxone.de\/?page_id=300380\">Read More<\/a><\/span><\/p>\n","protected":false},"author":1,"featured_media":297130,"parent":0,"menu_order":1,"comment_status":"closed","ping_status":"closed","template":"","meta":{"footnotes":""},"class_list":["post-300380","page","type-page","status-publish","has-post-thumbnail","hentry"],"_links":{"self":[{"href":"https:\/\/www.foxone.de\/index.php?rest_route=\/wp\/v2\/pages\/300380","targetHints":{"allow":["GET"]}}],"collection":[{"href":"https:\/\/www.foxone.de\/index.php?rest_route=\/wp\/v2\/pages"}],"about":[{"href":"https:\/\/www.foxone.de\/index.php?rest_route=\/wp\/v2\/types\/page"}],"author":[{"embeddable":true,"href":"https:\/\/www.foxone.de\/index.php?rest_route=\/wp\/v2\/users\/1"}],"replies":[{"embeddable":true,"href":"https:\/\/www.foxone.de\/index.php?rest_route=%2Fwp%2Fv2%2Fcomments&post=300380"}],"version-history":[{"count":108,"href":"https:\/\/www.foxone.de\/index.php?rest_route=\/wp\/v2\/pages\/300380\/revisions"}],"predecessor-version":[{"id":301210,"href":"https:\/\/www.foxone.de\/index.php?rest_route=\/wp\/v2\/pages\/300380\/revisions\/301210"}],"wp:featuredmedia":[{"embeddable":true,"href":"https:\/\/www.foxone.de\/index.php?rest_route=\/wp\/v2\/media\/297130"}],"wp:attachment":[{"href":"https:\/\/www.foxone.de\/index.php?rest_route=%2Fwp%2Fv2%2Fmedia&parent=300380"}],"curies":[{"name":"wp","href":"https:\/\/api.w.org\/{rel}","templated":true}]}}