{"id":300871,"date":"2026-01-23T17:25:48","date_gmt":"2026-01-23T15:25:48","guid":{"rendered":"https:\/\/www.foxone.de\/?page_id=300871"},"modified":"2026-03-31T20:10:16","modified_gmt":"2026-03-31T18:10:16","slug":"aktuell-bilder-caroline-wurf-2026","status":"publish","type":"page","link":"https:\/\/www.foxone.de\/?page_id=300871","title":{"rendered":"Aktuell: Caroline Kitten Bilder 2026"},"content":{"rendered":"\n<p>Liebe Freunde unserer Bengalen,<br>liebe Foxone-Familie,<\/p>\n\n\n\n<p>am 29. Dezember 2025 hat uns unsere wundervolle Caroline Eastwood ein ganz besonderes Weihnachtsgeschenk gemacht: Acht kleine Leben haben an diesem Tag das Licht der Welt erblickt \u2013 warm eingebettet in weiches Braun, voller Versprechen und Zauber. \ud83d\udc3e\u2728<\/p>\n\n\n\n<p>Noch sind ihre Augen kaum ge\u00f6ffnet, ihre Schritte vorsichtig und unsicher. Und doch sp\u00fcrt man schon jetzt: In diesen winzigen K\u00f6rpern schlummern gro\u00dfe Pers\u00f6nlichkeiten. Jede Bewegung, jedes leise Quietschen ber\u00fchrt das Herz und l\u00e4sst uns staunen, wie viel Magie in so kleinen Pfoten steckt. \ud83d\udc95<\/p>\n\n\n\n<p>Die kommenden Wochen werden erf\u00fcllt sein von erstem Spielen, zaghaften Entdeckungen und vielen kostbaren Momenten, die wir mit gr\u00f6\u00dfter Freude begleiten. Unser Zuhause wird wieder ein Ort voller Leben, Neugier und leiser Abenteuer. \ud83c\udfe1\ud83d\udc3e<\/p>\n\n\n\n<p>Wer diese besondere Zeit miterleben m\u00f6chte, ist von Herzen eingeladen, uns zu besuchen.<br>Meldet euch gerne bei Alexandra unter 01729789924 \u2013 auch per WhatsApp. \ud83d\udcf2\ud83d\udc9e<\/p>\n\n\n\n<p>Ein kleines Update zu Carolines Nachwuchs m\u00f6chten wir euch nat\u00fcrlich nicht vorenthalten:<br>Die Kleinen entwickeln sich pr\u00e4chtig, wachsen schneller als jede Tabelle vorhersagt und zeigen bereits jetzt ihr traumhaftes, rosettenreiches Braun. F\u00fcnf M\u00e4dchen und drei Kater halten uns auf Trab \u2013 und schenken uns jeden Tag neue Gr\u00fcnde zum L\u00e4cheln. \ud83d\ude0c\ud83d\udc06<\/p>\n\n\n\n<p>Heute teilen wir mit euch die neuesten Eindr\u00fccke und laden euch ein, einen ersten, ganz pers\u00f6nlichen Blick auf unsere kleinen Herzensdiebe zu werfen.<\/p>\n\n\n\n<p>Wir blicken voller Spannung und Vorfreude auf die n\u00e4chsten Wochen \u2013 und freuen uns, euch auf dieser Reise weiterhin mitzunehmen.<\/p>\n\n\n\n<p>Die ersten Bilder findet ihr unten.<br>Viel Freude beim Anschauen! \ud83d\udcab<br><br><a href=\"https:\/\/www.amazon.de\/photos\/share\/fN8xMj8PRILRLLKbTMGaHvkOoZH9P5QjgOF56yb0syx\"><strong>Unter diesem Link findet Ihr die Bilder der 3. Woche<\/strong><\/a><\/p>\n\n\n\n<p><a href=\"https:\/\/www.amazon.de\/photos\/share\/WExbCUUEIxpDae7KLZMd4PTTQLHVRhi5z6PPkDEHv1n\"><strong>Unter diesem Link findet Ihr die Bilder der 5-6. Woche<\/strong><\/a><br><br>Die Bilder aus der&nbsp;<strong>8\/9.Woche<\/strong>&nbsp;k\u00f6nnt ihr hier einsehen.<\/p>\n\n\n\n<p>Atlantis Eastwood<br><a href=\"https:\/\/www.amazon.de\/photos\/share\/DUCTbl8WsxrN3iNV350XcjYOkQES2FfIAqKEBg3qOkc\">https:\/\/www.amazon.de\/photos\/share\/DUCTbl8WsxrN3iNV350XcjYOkQES2FfIAqKEBg3qOkc<\/a><\/p>\n\n\n\n<p>Scott Eastwood<br><a href=\"https:\/\/www.amazon.de\/photos\/share\/oUBn4zqB4ZWwEl2gvGEgT8KjmIrB4iQ0i5za0t9AP3m\">https:\/\/www.amazon.de\/photos\/share\/oUBn4zqB4ZWwEl2gvGEgT8KjmIrB4iQ0i5za0t9AP3m<\/a><\/p>\n\n\n\n<p>Sari Eastwood<br><a href=\"https:\/\/www.amazon.de\/photos\/share\/y138QLVL8pgx2neehXob4fz4fEsPrfcZJLv2Cyt3kYx\">https:\/\/www.amazon.de\/photos\/share\/y138QLVL8pgx2neehXob4fz4fEsPrfcZJLv2Cyt3kYx<\/a><\/p>\n\n\n\n<p>Moy\u00e0 Aurora Eastwood<br><a href=\"https:\/\/www.amazon.de\/photos\/share\/KmnHMFNnuTR6Dw2EASQOxsSZy6ztuEQ1eFaDYFdqbeT\">https:\/\/www.amazon.de\/photos\/share\/KmnHMFNnuTR6Dw2EASQOxsSZy6ztuEQ1eFaDYFdqbeT<\/a><\/p>\n\n\n\n<p>Mia Eastwood<br><a href=\"https:\/\/www.amazon.de\/photos\/share\/RlzlL896mpMfFUpNiRHPk3FxMLcaENLXWKrCZjw7eHd\">https:\/\/www.amazon.de\/photos\/share\/RlzlL896mpMfFUpNiRHPk3FxMLcaENLXWKrCZjw7eHd<\/a><\/p>\n\n\n\n<p>Lucie Eastwood<br><a href=\"https:\/\/www.amazon.de\/photos\/share\/qUc0zUXQAK8qApCym4d8wKOXwMWjstTMhDhrskXJBMQ\">https:\/\/www.amazon.de\/photos\/share\/qUc0zUXQAK8qApCym4d8wKOXwMWjstTMhDhrskXJBMQ<\/a><\/p>\n\n\n\n<p>Don Salvador Eastwood<br><a href=\"https:\/\/www.amazon.de\/photos\/share\/8DuQ4dwER8cf0V2wynXJsvHdUYAmrLCmeTLpKmDWZAs\">https:\/\/www.amazon.de\/photos\/share\/8DuQ4dwER8cf0V2wynXJsvHdUYAmrLCmeTLpKmDWZAs<\/a><\/p>\n\n\n\n<p><strong>Caroline Kitten 13\/14. Woche vor dem Auszug<\/strong><\/p>\n\n\n\n<p>Duke Tayo Knox Eastwood<br><a href=\"https:\/\/www.amazon.de\/photos\/share\/zwsBj9ACjPqVe8oui32xu17XvBvBjPaOjGC0f7Y8gMr\">https:\/\/www.amazon.de\/photos\/share\/zwsBj9ACjPqVe8oui32xu17XvBvBjPaOjGC0f7Y8gMr<\/a><\/p>\n\n\n\n<p>Atlantis Eastwood<br><a href=\"https:\/\/www.amazon.de\/photos\/share\/yZzQ3kg6kigHQUZbhStQTLroRgLsXK4wqjodwicrNSS\">https:\/\/www.amazon.de\/photos\/share\/yZzQ3kg6kigHQUZbhStQTLroRgLsXK4wqjodwicrNSS<\/a><\/p>\n\n\n\n<p>Scott Eastwood<br><a href=\"https:\/\/www.amazon.de\/photos\/share\/47dvldp9AX64LqQtYCpYN9MBd6T4JRSLL6pZlQqX2YU\">https:\/\/www.amazon.de\/photos\/share\/47dvldp9AX64LqQtYCpYN9MBd6T4JRSLL6pZlQqX2YU<\/a><\/p>\n\n\n\n<p>Sari Eastwood<br><a href=\"https:\/\/www.amazon.de\/photos\/share\/1WKH41ACPBnSI5TIl4q4OUxZAoDDAGwLHS6mLSDI39V\">https:\/\/www.amazon.de\/photos\/share\/1WKH41ACPBnSI5TIl4q4OUxZAoDDAGwLHS6mLSDI39V<\/a><\/p>\n\n\n\n<p>Moy\u00e0 Aurora Eastwood<br><a href=\"https:\/\/www.amazon.de\/photos\/share\/hK4OSZ8tJp4JjcH1HNkyTroTu4phvmmVpfpHQfAW4Lf\">https:\/\/www.amazon.de\/photos\/share\/hK4OSZ8tJp4JjcH1HNkyTroTu4phvmmVpfpHQfAW4Lf<\/a><\/p>\n\n\n\n<p>King Milo Wayne<br><a href=\"https:\/\/www.amazon.de\/photos\/share\/5hEljcM6Xg3VePgygiT2tswFW4KEH61L4kH84mdTkiE\">https:\/\/www.amazon.de\/photos\/share\/5hEljcM6Xg3VePgygiT2tswFW4KEH61L4kH84mdTkiE<\/a><\/p>\n\n\n\n<p>Lucie Eastwood<br><a href=\"https:\/\/www.amazon.de\/photos\/share\/rlOGL2dpxRSH4M2yj5alX1A39PE9UwjlX2wi47HJURS\">https:\/\/www.amazon.de\/photos\/share\/rlOGL2dpxRSH4M2yj5alX1A39PE9UwjlX2wi47HJURS<\/a><\/p>\n\n\n\n<p>Don Salvador Eastwood<br><a href=\"https:\/\/www.amazon.de\/photos\/share\/dkLM9vHNAh0NlEuZ1BmPX25SH9NO0epTpVKyitgA7cZ\">https:\/\/www.amazon.de\/photos\/share\/dkLM9vHNAh0NlEuZ1BmPX25SH9NO0epTpVKyitgA7cZ<\/a><\/p>\n\n\n\n<figure class=\"wp-block-image size-large\"><a href=\"https:\/\/i0.wp.com\/www.foxone.de\/wp-content\/uploads\/carolinesKitten.jpeg?ssl=1\"><img data-recalc-dims=\"1\" loading=\"lazy\" decoding=\"async\" width=\"1000\" height=\"750\" src=\"https:\/\/i0.wp.com\/www.foxone.de\/wp-content\/uploads\/carolinesKitten.jpeg?resize=1000%2C750&#038;ssl=1\" alt=\"\" class=\"wp-image-300866\" srcset=\"https:\/\/i0.wp.com\/www.foxone.de\/wp-content\/uploads\/carolinesKitten.jpeg?resize=1020%2C765&amp;ssl=1 1020w, https:\/\/i0.wp.com\/www.foxone.de\/wp-content\/uploads\/carolinesKitten.jpeg?resize=632%2C474&amp;ssl=1 632w, https:\/\/i0.wp.com\/www.foxone.de\/wp-content\/uploads\/carolinesKitten.jpeg?resize=768%2C576&amp;ssl=1 768w, https:\/\/i0.wp.com\/www.foxone.de\/wp-content\/uploads\/carolinesKitten.jpeg?resize=1536%2C1152&amp;ssl=1 1536w, https:\/\/i0.wp.com\/www.foxone.de\/wp-content\/uploads\/carolinesKitten.jpeg?w=1600&amp;ssl=1 1600w\" sizes=\"auto, (max-width: 1000px) 100vw, 1000px\" \/><\/a><\/figure>\n\n\n\n<figure class=\"wp-block-image size-large\"><a href=\"https:\/\/i0.wp.com\/www.foxone.de\/wp-content\/uploads\/gruppe.png?ssl=1\"><img data-recalc-dims=\"1\" loading=\"lazy\" decoding=\"async\" width=\"1000\" height=\"671\" src=\"https:\/\/i0.wp.com\/www.foxone.de\/wp-content\/uploads\/gruppe.png?resize=1000%2C671&#038;ssl=1\" alt=\"\" class=\"wp-image-301342\" srcset=\"https:\/\/i0.wp.com\/www.foxone.de\/wp-content\/uploads\/gruppe.png?resize=1020%2C684&amp;ssl=1 1020w, https:\/\/i0.wp.com\/www.foxone.de\/wp-content\/uploads\/gruppe.png?resize=632%2C424&amp;ssl=1 632w, https:\/\/i0.wp.com\/www.foxone.de\/wp-content\/uploads\/gruppe.png?resize=768%2C515&amp;ssl=1 768w, https:\/\/i0.wp.com\/www.foxone.de\/wp-content\/uploads\/gruppe.png?w=1264&amp;ssl=1 1264w\" sizes=\"auto, (max-width: 1000px) 100vw, 1000px\" \/><\/a><\/figure>\n","protected":false},"excerpt":{"rendered":"<p>Liebe Freunde unserer Bengalen,liebe Foxone-Familie, am 29. Dezember 2025 hat uns unsere wundervolle Caroline Eastwood ein ganz besonderes Weihnachtsgeschenk gemacht: Acht kleine Leben haben an diesem Tag das Licht der&#8230; <span class=\"more-link\"><a href=\"https:\/\/www.foxone.de\/?page_id=300871\">Read More<\/a><\/span><\/p>\n","protected":false},"author":1,"featured_media":300826,"parent":300874,"menu_order":1000,"comment_status":"closed","ping_status":"closed","template":"","meta":{"footnotes":""},"class_list":["post-300871","page","type-page","status-publish","has-post-thumbnail","hentry"],"_links":{"self":[{"href":"https:\/\/www.foxone.de\/index.php?rest_route=\/wp\/v2\/pages\/300871","targetHints":{"allow":["GET"]}}],"collection":[{"href":"https:\/\/www.foxone.de\/index.php?rest_route=\/wp\/v2\/pages"}],"about":[{"href":"https:\/\/www.foxone.de\/index.php?rest_route=\/wp\/v2\/types\/page"}],"author":[{"embeddable":true,"href":"https:\/\/www.foxone.de\/index.php?rest_route=\/wp\/v2\/users\/1"}],"replies":[{"embeddable":true,"href":"https:\/\/www.foxone.de\/index.php?rest_route=%2Fwp%2Fv2%2Fcomments&post=300871"}],"version-history":[{"count":12,"href":"https:\/\/www.foxone.de\/index.php?rest_route=\/wp\/v2\/pages\/300871\/revisions"}],"predecessor-version":[{"id":301378,"href":"https:\/\/www.foxone.de\/index.php?rest_route=\/wp\/v2\/pages\/300871\/revisions\/301378"}],"up":[{"embeddable":true,"href":"https:\/\/www.foxone.de\/index.php?rest_route=\/wp\/v2\/pages\/300874"}],"wp:featuredmedia":[{"embeddable":true,"href":"https:\/\/www.foxone.de\/index.php?rest_route=\/wp\/v2\/media\/300826"}],"wp:attachment":[{"href":"https:\/\/www.foxone.de\/index.php?rest_route=%2Fwp%2Fv2%2Fmedia&parent=300871"}],"curies":[{"name":"wp","href":"https:\/\/api.w.org\/{rel}","templated":true}]}}