{"id":300883,"date":"2026-01-23T17:42:16","date_gmt":"2026-01-23T15:42:16","guid":{"rendered":"https:\/\/www.foxone.de\/?page_id=300883"},"modified":"2026-03-31T20:11:36","modified_gmt":"2026-03-31T18:11:36","slug":"aktuell-harley-kitten-bilder-2026","status":"publish","type":"page","link":"https:\/\/www.foxone.de\/?page_id=300883","title":{"rendered":"Aktuell: Harley Kitten Bilder 2026"},"content":{"rendered":"\n<p>Am&nbsp;<strong>21.12.2025<\/strong>, kurz vor Weihnachten, hat unsere bezaubernde&nbsp;<strong>Queen Harley Rose Quinn Wayne<\/strong>&nbsp;ihr ganz pers\u00f6nliches Wunder vollbracht, acht (8)&nbsp;<strong>foxtastische<\/strong>&nbsp;Kitten ,&nbsp;<strong>5 Kater &amp; 3 M\u00e4dchen.<\/strong><br><br>Perfekt. Stark. Atemberaubend.<\/p>\n\n\n\n<p>Es war ihr erstes Mal und sie hat es nicht gut gemacht. Sie hat es&nbsp;<strong>SENSATIONELL<\/strong>&nbsp;gemacht.<br>Mit einer Ruhe, einer Instinktsicherheit und einer Hingabe, die uns sprachlos zur\u00fcckgelassen hat.<\/p>\n\n\n\n<p>Und dann kam der Moment, der uns endg\u00fcltig den Atem geraubt hat: Bereits&nbsp;<strong>nach nur einer Woche<\/strong>&nbsp;begann das Fell dieser kleinen Wunder, sich in ein&nbsp;<strong>tiefes, warmes, luxuri\u00f6ses Braun<\/strong>&nbsp;zu verwandeln, schimmernd, lebendig, einfach WOW.<\/p>\n\n\n\n<p>Diese Kitten sind kein Zufall, sondern eine Kreation der DNA die sorgf\u00e4ltig ausgew\u00e4hlt wurde.<br><br>Sie sind&nbsp;<strong>ph\u00e4nomenal<\/strong>, der&nbsp;<strong>pure Wahnsinn<\/strong>, kleine Meisterwerke mit Glanz im Fell und Feuer in den Augen. Wir sind unfassbar stolz auf unsere kleine Queen, sie ist eine Mama mit&nbsp;<strong>ganz viel Sternenstaub!<\/strong>&nbsp;<br><br>Wer diese besondere Zeit hautnah miterleben m\u00f6chte, ist herzlich eingeladen, uns zu besuchen.<br>Meldet euch gerne bei Alexandra unter 0172 9789924 \u2013 auch unkompliziert per WhatsApp. \ud83d\udcf2\ud83d\udc9e<\/p>\n\n\n\n<p>Ein kleines Update zu Harleys Nachwuchs m\u00f6chten wir euch nat\u00fcrlich nicht vorenthalten:<br>Die Kleinen entwickeln sich wunderbar, wachsen schneller als jede Tabelle es vorhersagen k\u00f6nnte und zeigen schon jetzt ihr traumhaftes, rosettenreiches Braun. drei M\u00e4dchen und f\u00fcnf Kater halten uns ordentlich auf Trab \u2013 und schenken uns jeden Tag neue, gl\u00fcckliche Momente. \ud83d\ude0c\ud83d\udc06<\/p>\n\n\n\n<p>Heute m\u00f6chten wir mit euch die neuesten Eindr\u00fccke teilen und euch einladen, einen ersten, ganz pers\u00f6nlichen Blick auf unsere kleinen Herzensdiebe zu werfen.<\/p>\n\n\n\n<p>Mit gro\u00dfer Spannung und Vorfreude blicken wir auf die kommenden Wochen \u2013 und freuen uns, euch auf dieser Reise weiterhin an unserer Seite zu wissen.<br><br><strong><a href=\"https:\/\/www.amazon.de\/photos\/share\/zwtYDPq0fYzHd45vmPRLOWxCVfVTF0F3VM3Dpvrx0ZI\">Die Bilder der 3. Woche k\u00f6nnt ihr hier auf dem Link einsehen.<\/a> <\/strong><\/p>\n\n\n\n<p><strong><a href=\"https:\/\/www.amazon.de\/photos\/share\/cvVQ0vwrbFpN6JvvVXjDIb6X8ubxwxmh50QDUpE6Xia\">Die Bilder der 6-7. Woche k\u00f6nnt ihr hier auf dem Link einsehen.<\/a> <br><\/strong><br>Die Bilder aus der <strong>9\/10.Woche<\/strong> k\u00f6nnt ihr hier einsehen.<\/p>\n\n\n\n<p>Tiwaz Ozzy Wayne<br><a href=\"https:\/\/www.amazon.de\/photos\/share\/rxwsa1NEjFakgGSEBUcf5zDawOfDvXGFzwlDnG3UJKc\">https:\/\/www.amazon.de\/photos\/share\/rxwsa1NEjFakgGSEBUcf5zDawOfDvXGFzwlDnG3UJKc<\/a><br><br>Sam Stanley Hodgins Wayne<br><a href=\"https:\/\/www.amazon.de\/photos\/share\/2ZorbCfS2CiJpR84WTwaEmE579I9pvYXmByQnFxi2DP\">https:\/\/www.amazon.de\/photos\/share\/2ZorbCfS2CiJpR84WTwaEmE579I9pvYXmByQnFxi2DP<\/a><br><br>Queen Annie Rose Wayne<br><a href=\"https:\/\/www.amazon.de\/photos\/share\/mqWuPDEu0nL1cxMHKTK0KF9zy27UXSeIQnImQuPfUAP\">https:\/\/www.amazon.de\/photos\/share\/mqWuPDEu0nL1cxMHKTK0KF9zy27UXSeIQnImQuPfUAP<\/a><\/p>\n\n\n\n<p>King Milo Wayne<br><a href=\"https:\/\/www.amazon.de\/photos\/share\/IrhukdtBcLNeCDoweCD0u48dw7QRChRQimKF5i6Tlbv\">https:\/\/www.amazon.de\/photos\/share\/IrhukdtBcLNeCDoweCD0u48dw7QRChRQimKF5i6Tlbv<\/a><\/p>\n\n\n\n<p>Loki Blue Wayne<br><a href=\"https:\/\/www.amazon.de\/photos\/share\/h2VAGxRbveTtxgrnmC3WYYc7ZSPDuoOR7LMRSNzsuZB\">https:\/\/www.amazon.de\/photos\/share\/h2VAGxRbveTtxgrnmC3WYYc7ZSPDuoOR7LMRSNzsuZB<\/a><\/p>\n\n\n\n<p>Queen Josephine Claire Wayne<br><a href=\"https:\/\/www.amazon.de\/photos\/share\/O65BPgVyVbHgN27dQuLaQEHa7meLwPFTSSbNOYtLf93\">https:\/\/www.amazon.de\/photos\/share\/O65BPgVyVbHgN27dQuLaQEHa7meLwPFTSSbNOYtLf93<\/a><\/p>\n\n\n\n<p>Sweet Loki Wayne<br><a href=\"https:\/\/www.amazon.de\/photos\/share\/UYsZ0VHkmWYqjCRKR7V81e8pVPCBTZwoCAHi4bip1aP\">https:\/\/www.amazon.de\/photos\/share\/UYsZ0VHkmWYqjCRKR7V81e8pVPCBTZwoCAHi4bip1aP<\/a><\/p>\n\n\n\n<p><strong>Harley Kitten 13\/14. Woche vor dem Auszug<\/strong><\/p>\n\n\n\n<p>Tiwaz Ozzy Wayne<br><a href=\"https:\/\/www.amazon.de\/photos\/share\/sRSBXUJDYniJ4qjFWfirm1X44X7v3p4VVvTxcgiH9JU\">https:\/\/www.amazon.de\/photos\/share\/sRSBXUJDYniJ4qjFWfirm1X44X7v3p4VVvTxcgiH9JU<\/a><\/p>\n\n\n\n<p>Sam Stanley Hodgins Wayne<br><a href=\"https:\/\/www.amazon.de\/photos\/share\/O9ZIjgkvijXONxc6nui02dfRsTJJ06xnuoEH82LqfAd\">https:\/\/www.amazon.de\/photos\/share\/O9ZIjgkvijXONxc6nui02dfRsTJJ06xnuoEH82LqfAd<\/a><\/p>\n\n\n\n<p>Queen Annie Rose Wayne<br><a href=\"https:\/\/www.amazon.de\/photos\/share\/c9tjl56NSecQlmpduMF2iiKJm4GR1FC8syJHw8BnL8C\">https:\/\/www.amazon.de\/photos\/share\/c9tjl56NSecQlmpduMF2iiKJm4GR1FC8syJHw8BnL8C<\/a><\/p>\n\n\n\n<p>Sweet Loki Wayne<br><a href=\"https:\/\/www.amazon.de\/photos\/share\/6XlhEZweWe28ik3v1nGuRMqDZ26NCLjian6aYMgnNQ6\">https:\/\/www.amazon.de\/photos\/share\/6XlhEZweWe28ik3v1nGuRMqDZ26NCLjian6aYMgnNQ6<\/a><\/p>\n\n\n\n<p>King Milo Wayne<br><a href=\"https:\/\/www.amazon.de\/photos\/share\/5hEljcM6Xg3VePgygiT2tswFW4KEH61L4kH84mdTkiE\">https:\/\/www.amazon.de\/photos\/share\/5hEljcM6Xg3VePgygiT2tswFW4KEH61L4kH84mdTkiE<\/a><\/p>\n\n\n\n<p>Loki Blue Wayne<br><a href=\"https:\/\/www.amazon.de\/photos\/share\/OQ4aRApczdHP1yeVajhNWdKTzPbpQekR2FpVGwPqjhd\">https:\/\/www.amazon.de\/photos\/share\/OQ4aRApczdHP1yeVajhNWdKTzPbpQekR2FpVGwPqjhd<\/a><\/p>\n\n\n\n<p>Queen Josephine Claire Wayne<br><a href=\"https:\/\/www.amazon.de\/photos\/share\/fKSbyqz3p73SWuBHaqtTwCdOM8VTjwERjeYABG8P9tC\">https:\/\/www.amazon.de\/photos\/share\/fKSbyqz3p73SWuBHaqtTwCdOM8VTjwERjeYABG8P9tC<\/a><\/p>\n\n\n\n<p>Queen Jill Grace Wayne<br><a href=\"https:\/\/www.amazon.de\/photos\/share\/kxvk5YVaBNnJOd2leXtdYx042m8fkouMleD7nD6BeHn\">https:\/\/www.amazon.de\/photos\/share\/kxvk5YVaBNnJOd2leXtdYx042m8fkouMleD7nD6BeHn<\/a><\/p>\n\n\n\n<figure class=\"wp-block-image size-large\"><a href=\"https:\/\/i0.wp.com\/www.foxone.de\/wp-content\/uploads\/WhatsApp-Image-2026-01-12-at-17.25.51.jpeg?ssl=1\"><img data-recalc-dims=\"1\" loading=\"lazy\" decoding=\"async\" width=\"1000\" height=\"750\" src=\"https:\/\/i0.wp.com\/www.foxone.de\/wp-content\/uploads\/WhatsApp-Image-2026-01-12-at-17.25.51.jpeg?resize=1000%2C750&#038;ssl=1\" alt=\"\" class=\"wp-image-300852\" srcset=\"https:\/\/i0.wp.com\/www.foxone.de\/wp-content\/uploads\/WhatsApp-Image-2026-01-12-at-17.25.51.jpeg?resize=1020%2C765&amp;ssl=1 1020w, https:\/\/i0.wp.com\/www.foxone.de\/wp-content\/uploads\/WhatsApp-Image-2026-01-12-at-17.25.51.jpeg?resize=632%2C474&amp;ssl=1 632w, https:\/\/i0.wp.com\/www.foxone.de\/wp-content\/uploads\/WhatsApp-Image-2026-01-12-at-17.25.51.jpeg?resize=768%2C576&amp;ssl=1 768w, https:\/\/i0.wp.com\/www.foxone.de\/wp-content\/uploads\/WhatsApp-Image-2026-01-12-at-17.25.51.jpeg?resize=1536%2C1152&amp;ssl=1 1536w, https:\/\/i0.wp.com\/www.foxone.de\/wp-content\/uploads\/WhatsApp-Image-2026-01-12-at-17.25.51.jpeg?w=2048&amp;ssl=1 2048w\" sizes=\"auto, (max-width: 1000px) 100vw, 1000px\" \/><\/a><\/figure>\n\n\n\n<p><\/p>\n\n\n\n<figure class=\"wp-block-image size-large\"><a href=\"https:\/\/i0.wp.com\/www.foxone.de\/wp-content\/uploads\/gruppe1.png?ssl=1\"><img data-recalc-dims=\"1\" loading=\"lazy\" decoding=\"async\" width=\"1000\" height=\"666\" src=\"https:\/\/i0.wp.com\/www.foxone.de\/wp-content\/uploads\/gruppe1.png?resize=1000%2C666&#038;ssl=1\" alt=\"\" class=\"wp-image-301349\" srcset=\"https:\/\/i0.wp.com\/www.foxone.de\/wp-content\/uploads\/gruppe1.png?resize=1020%2C679&amp;ssl=1 1020w, https:\/\/i0.wp.com\/www.foxone.de\/wp-content\/uploads\/gruppe1.png?resize=632%2C421&amp;ssl=1 632w, https:\/\/i0.wp.com\/www.foxone.de\/wp-content\/uploads\/gruppe1.png?resize=768%2C512&amp;ssl=1 768w, https:\/\/i0.wp.com\/www.foxone.de\/wp-content\/uploads\/gruppe1.png?w=1264&amp;ssl=1 1264w\" sizes=\"auto, (max-width: 1000px) 100vw, 1000px\" \/><\/a><\/figure>\n\n\n\n<p><\/p>\n","protected":false},"excerpt":{"rendered":"<p>Am&nbsp;21.12.2025, kurz vor Weihnachten, hat unsere bezaubernde&nbsp;Queen Harley Rose Quinn Wayne&nbsp;ihr ganz pers\u00f6nliches Wunder vollbracht, acht (8)&nbsp;foxtastische&nbsp;Kitten ,&nbsp;5 Kater &amp; 3 M\u00e4dchen. Perfekt. Stark. Atemberaubend. Es war ihr erstes Mal&#8230; <span class=\"more-link\"><a href=\"https:\/\/www.foxone.de\/?page_id=300883\">Read More<\/a><\/span><\/p>\n","protected":false},"author":1,"featured_media":300852,"parent":300874,"menu_order":0,"comment_status":"closed","ping_status":"closed","template":"","meta":{"footnotes":""},"class_list":["post-300883","page","type-page","status-publish","has-post-thumbnail","hentry"],"_links":{"self":[{"href":"https:\/\/www.foxone.de\/index.php?rest_route=\/wp\/v2\/pages\/300883","targetHints":{"allow":["GET"]}}],"collection":[{"href":"https:\/\/www.foxone.de\/index.php?rest_route=\/wp\/v2\/pages"}],"about":[{"href":"https:\/\/www.foxone.de\/index.php?rest_route=\/wp\/v2\/types\/page"}],"author":[{"embeddable":true,"href":"https:\/\/www.foxone.de\/index.php?rest_route=\/wp\/v2\/users\/1"}],"replies":[{"embeddable":true,"href":"https:\/\/www.foxone.de\/index.php?rest_route=%2Fwp%2Fv2%2Fcomments&post=300883"}],"version-history":[{"count":12,"href":"https:\/\/www.foxone.de\/index.php?rest_route=\/wp\/v2\/pages\/300883\/revisions"}],"predecessor-version":[{"id":301379,"href":"https:\/\/www.foxone.de\/index.php?rest_route=\/wp\/v2\/pages\/300883\/revisions\/301379"}],"up":[{"embeddable":true,"href":"https:\/\/www.foxone.de\/index.php?rest_route=\/wp\/v2\/pages\/300874"}],"wp:featuredmedia":[{"embeddable":true,"href":"https:\/\/www.foxone.de\/index.php?rest_route=\/wp\/v2\/media\/300852"}],"wp:attachment":[{"href":"https:\/\/www.foxone.de\/index.php?rest_route=%2Fwp%2Fv2%2Fmedia&parent=300883"}],"curies":[{"name":"wp","href":"https:\/\/api.w.org\/{rel}","templated":true}]}}