{"id":300903,"date":"2026-02-07T14:12:32","date_gmt":"2026-02-07T12:12:32","guid":{"rendered":"https:\/\/www.foxone.de\/?page_id=300903"},"modified":"2026-05-07T18:01:51","modified_gmt":"2026-05-07T16:01:51","slug":"spartacus-duke-wayne","status":"publish","type":"page","link":"https:\/\/www.foxone.de\/?page_id=300903","title":{"rendered":"Spartacus Duke Wayne"},"content":{"rendered":"\n<p><strong>Spartacus Duke Wayne<\/strong> ein Name, der Gewicht tr\u00e4gt. Ein Name, der Geschichte atmet. Und ein junger Kater, der gekommen ist, um sein eigenes Kapitel zu schreiben.<br><br><strong>Spartacus Duke Wayne<\/strong> ist geboren am 26.05.2025 und damit gerade erst 8 Monaten alt. <br><br>Hier zeigt Spartacus bereits eine Pr\u00e4senz, die den Raum ver\u00e4ndert. Kraftvoll im Ausdruck, klar im Blick seine <strong>bernsteinfarbenen<\/strong> Augen leuchten warm und aufmerksam und verleihen ihm diesen besonderen, fast majest\u00e4tischen Ausdruck. Seine Bewegungen sind geschmeidig und kontrolliert, sein Auftreten selbstbewusst und ruhig zugleich ein junger Bengal mit au\u00dfergew\u00f6hnlicher Ausstrahlung.<\/p>\n\n\n\n<p>Sein Fell zeigt ein wundersch\u00f6nes, sattes Rotbraun, durchzogen von einem au\u00dfergew\u00f6hnlichen Glitter, der im Licht wie feiner Goldstaub schimmert. Der sehr helle Bauch setzt dazu einen eindrucksvollen Kontrast und unterstreicht seine Qualit\u00e4t und seinen Typ auf beeindruckende Weise. Optisch wie haptisch ein Erlebnis kraftvoll, edel und lebendig.<\/p>\n\n\n\n<p>Doch nicht nur sein Erscheinungsbild \u00fcberzeugt: Spartacus tr\u00e4gt ein offenes, neugieriges und menschenbezogenes Wesen in sich. Verspielt, aufmerksam und charakterstark verbindet er Energie mit Sanftmut eine Kombination, die gro\u00dfe Zuchtkater auszeichnet.<\/p>\n\n\n\n<p>Sein Name ist zugleich eine Verneigung vor der <strong>Legende John Wayne &amp; Clint Eastwood <\/strong>die beiden Kater, die Bengalenwelt ma\u00dfgeblich gepr\u00e4gt hat und dessen Einfluss bis heute nachwirkt. Linien, Qualit\u00e4t und Zuchtideale wurden durch ihn entscheidend geformt. In diese \u00fcbergro\u00dfen Fu\u00dfstapfen tritt nun Spartacus Duke Wayne nicht als blo\u00dfer Nachfolger, sondern als Hoffnungstr\u00e4ger einer neuen Generation.<\/p>\n\n\n\n<p>Ob er diese legend\u00e4re Spur fortf\u00fchren wird, entscheidet die Zukunft. Doch das Versprechen ist sichtbar in seinem Blick, seiner Qualit\u00e4t und seiner Ausstrahlung.<\/p>\n\n\n\n<p>Willkommen, <strong>Spartacus Duke Wayne<\/strong> in der Foxone Familie.<br>Deine Geschichte beginnt jetzt!<br><br><strong>Update Mai 2026: und was f\u00fcr eines:<\/strong><br><br>Vorweg er konnte sich bereits den Champion Titel sichern und es fehlt l\u00e4uft gerade auf den Internationalen Champion zu.<\/p>\n\n\n\n<p>Gradios hat seinen ersten <strong>HCM-Schall<\/strong> nach Pawpeds Zertifiziert bei <strong>Dr. Kresken<\/strong> in der Tierklinink nicht Duisburg nicht einfach nur bestanden, er hat ihn mit einer Pr\u00e4zision und St\u00e4rke gemeistert, die selbst erfahrene Z\u00fcchter kurz innehalten l\u00e4sst. Mit einem beeindruckenden <strong>LVSd-Wert von 3,6<\/strong> setzt er ein klares Statement: Hier beginnt etwas Gro\u00dfes. Die Zukunft \u00f6ffnet sich, kraftvoll und vielversprechend und wir k\u00f6nnten stolzer nicht sein.<\/p>\n\n\n\n<p>Doch dieser Moment ist kein Zufall, sondern das Ergebnis konsequenter, internationaler Spitzenuntersuchungen. Gradios wurde umfassend getestet und genetisch durchleuchtet \u2013 bei renommierten Instituten in den USA (UC Davis), \u00d6sterreich (Feragen) sowie in Deutschland (Genoline und Laboklin). Ein Netzwerk aus Expertise, das keine Fragen offenl\u00e4sst.<\/p>\n\n\n\n<p>Seine Ergebnisse sprechen f\u00fcr sich:<br><br><strong>DNA<\/strong>-getestet und eingetragen, <br><strong>PKD<\/strong> keine Zysten vorhanden, <br><br>PKD-Def = <strong>N\/N<\/strong> <br>Pra-B = <strong>N\/N<\/strong><br><br>Blutgruppe <strong>A<\/strong><br><br>In der Farbgenetik zeigt er klare Verh\u00e4ltnisse: <br><br>Genotyp <strong>A\/A<\/strong> &#8211; Full color. Cat does not have the dilute allele<br>Genotyp <strong>B\/B <\/strong>&#8211; Full color. Cat does not have the dilute allelel<br>Genotyp<strong> C\/C<\/strong> &#8211; Full color. Cat does not have the dilute allele<br>Genotyp <strong>D\/d<\/strong> &#8211; One copy of dilute allele, Cat is a carrier of dilute<br><strong>Genotyp E\/E<\/strong> &#8211; No copies of the mutation for Amber<br><br>Dar\u00fcber hinaus wurden s\u00e4mtliche relevanten Erbkrankheiten ebenfalls der bekannte CatCheck sowie m\u00f6gliche Futterunvertr\u00e4glichkeiten untersucht und nichts dem Zufall \u00fcberlassen.<\/p>\n\n\n\n<p>Kurz gesagt: Die Basis ist nicht nur gelegt, sie ist exzellent!<\/p>\n\n\n\n<p>Alles steht bereit, der Weg ist frei.<br>Es kann losgehen, mit dem Erbe und der neuen Generation, die genau hier ihren Anfang nimmt.<\/p>\n\n\n\n<figure class=\"wp-block-image size-large\"><img data-recalc-dims=\"1\" loading=\"lazy\" decoding=\"async\" width=\"1000\" height=\"750\" src=\"https:\/\/i0.wp.com\/www.foxone.de\/wp-content\/uploads\/WhatsApp-Image-2026-02-07-at-13.15.29-1.jpeg?resize=1000%2C750&#038;ssl=1\" alt=\"\" class=\"wp-image-300925\" srcset=\"https:\/\/i0.wp.com\/www.foxone.de\/wp-content\/uploads\/WhatsApp-Image-2026-02-07-at-13.15.29-1.jpeg?resize=1020%2C765&amp;ssl=1 1020w, https:\/\/i0.wp.com\/www.foxone.de\/wp-content\/uploads\/WhatsApp-Image-2026-02-07-at-13.15.29-1.jpeg?resize=632%2C474&amp;ssl=1 632w, https:\/\/i0.wp.com\/www.foxone.de\/wp-content\/uploads\/WhatsApp-Image-2026-02-07-at-13.15.29-1.jpeg?resize=768%2C576&amp;ssl=1 768w, https:\/\/i0.wp.com\/www.foxone.de\/wp-content\/uploads\/WhatsApp-Image-2026-02-07-at-13.15.29-1.jpeg?resize=1536%2C1152&amp;ssl=1 1536w, https:\/\/i0.wp.com\/www.foxone.de\/wp-content\/uploads\/WhatsApp-Image-2026-02-07-at-13.15.29-1.jpeg?w=2048&amp;ssl=1 2048w\" sizes=\"auto, (max-width: 1000px) 100vw, 1000px\" \/><\/figure>\n\n\n\n<p><\/p>\n\n\n\n<figure class=\"wp-block-image size-large\"><img data-recalc-dims=\"1\" loading=\"lazy\" decoding=\"async\" width=\"1000\" height=\"750\" src=\"https:\/\/i0.wp.com\/www.foxone.de\/wp-content\/uploads\/WhatsApp-Image-2026-02-07-at-13.15.29.jpeg?resize=1000%2C750&#038;ssl=1\" alt=\"\" class=\"wp-image-300923\" srcset=\"https:\/\/i0.wp.com\/www.foxone.de\/wp-content\/uploads\/WhatsApp-Image-2026-02-07-at-13.15.29.jpeg?resize=1020%2C765&amp;ssl=1 1020w, https:\/\/i0.wp.com\/www.foxone.de\/wp-content\/uploads\/WhatsApp-Image-2026-02-07-at-13.15.29.jpeg?resize=632%2C474&amp;ssl=1 632w, https:\/\/i0.wp.com\/www.foxone.de\/wp-content\/uploads\/WhatsApp-Image-2026-02-07-at-13.15.29.jpeg?resize=768%2C576&amp;ssl=1 768w, https:\/\/i0.wp.com\/www.foxone.de\/wp-content\/uploads\/WhatsApp-Image-2026-02-07-at-13.15.29.jpeg?resize=1536%2C1152&amp;ssl=1 1536w, https:\/\/i0.wp.com\/www.foxone.de\/wp-content\/uploads\/WhatsApp-Image-2026-02-07-at-13.15.29.jpeg?w=2048&amp;ssl=1 2048w\" sizes=\"auto, (max-width: 1000px) 100vw, 1000px\" \/><\/figure>\n\n\n\n<p><\/p>\n\n\n\n<figure class=\"wp-block-image size-large\"><img data-recalc-dims=\"1\" loading=\"lazy\" decoding=\"async\" width=\"1000\" height=\"1333\" src=\"https:\/\/i0.wp.com\/www.foxone.de\/wp-content\/uploads\/WhatsApp-Image-2026-02-07-at-13.15.30.jpeg?resize=1000%2C1333&#038;ssl=1\" alt=\"\" class=\"wp-image-300922\" srcset=\"https:\/\/i0.wp.com\/www.foxone.de\/wp-content\/uploads\/WhatsApp-Image-2026-02-07-at-13.15.30.jpeg?resize=1020%2C1360&amp;ssl=1 1020w, https:\/\/i0.wp.com\/www.foxone.de\/wp-content\/uploads\/WhatsApp-Image-2026-02-07-at-13.15.30.jpeg?resize=632%2C843&amp;ssl=1 632w, https:\/\/i0.wp.com\/www.foxone.de\/wp-content\/uploads\/WhatsApp-Image-2026-02-07-at-13.15.30.jpeg?resize=768%2C1024&amp;ssl=1 768w, https:\/\/i0.wp.com\/www.foxone.de\/wp-content\/uploads\/WhatsApp-Image-2026-02-07-at-13.15.30.jpeg?resize=1152%2C1536&amp;ssl=1 1152w, https:\/\/i0.wp.com\/www.foxone.de\/wp-content\/uploads\/WhatsApp-Image-2026-02-07-at-13.15.30.jpeg?w=1536&amp;ssl=1 1536w\" sizes=\"auto, (max-width: 1000px) 100vw, 1000px\" \/><\/figure>\n\n\n\n<p><\/p>\n\n\n\n<figure class=\"wp-block-image size-large\"><img data-recalc-dims=\"1\" loading=\"lazy\" decoding=\"async\" width=\"1000\" height=\"750\" src=\"https:\/\/i0.wp.com\/www.foxone.de\/wp-content\/uploads\/IMG_5832.jpeg?resize=1000%2C750&#038;ssl=1\" alt=\"\" class=\"wp-image-300914\" srcset=\"https:\/\/i0.wp.com\/www.foxone.de\/wp-content\/uploads\/IMG_5832-scaled.jpeg?resize=1020%2C765&amp;ssl=1 1020w, https:\/\/i0.wp.com\/www.foxone.de\/wp-content\/uploads\/IMG_5832-scaled.jpeg?resize=632%2C474&amp;ssl=1 632w, https:\/\/i0.wp.com\/www.foxone.de\/wp-content\/uploads\/IMG_5832-scaled.jpeg?resize=768%2C576&amp;ssl=1 768w, https:\/\/i0.wp.com\/www.foxone.de\/wp-content\/uploads\/IMG_5832-scaled.jpeg?resize=1536%2C1152&amp;ssl=1 1536w, https:\/\/i0.wp.com\/www.foxone.de\/wp-content\/uploads\/IMG_5832-scaled.jpeg?resize=2048%2C1536&amp;ssl=1 2048w\" sizes=\"auto, (max-width: 1000px) 100vw, 1000px\" \/><\/figure>\n\n\n\n<p><\/p>\n\n\n\n<figure class=\"wp-block-image size-large\"><img data-recalc-dims=\"1\" loading=\"lazy\" decoding=\"async\" width=\"1000\" height=\"1333\" src=\"https:\/\/i0.wp.com\/www.foxone.de\/wp-content\/uploads\/IMG_5801.jpeg?resize=1000%2C1333&#038;ssl=1\" alt=\"\" class=\"wp-image-300910\" srcset=\"https:\/\/i0.wp.com\/www.foxone.de\/wp-content\/uploads\/IMG_5801-scaled.jpeg?resize=1020%2C1360&amp;ssl=1 1020w, https:\/\/i0.wp.com\/www.foxone.de\/wp-content\/uploads\/IMG_5801-scaled.jpeg?resize=632%2C843&amp;ssl=1 632w, https:\/\/i0.wp.com\/www.foxone.de\/wp-content\/uploads\/IMG_5801-scaled.jpeg?resize=768%2C1024&amp;ssl=1 768w, https:\/\/i0.wp.com\/www.foxone.de\/wp-content\/uploads\/IMG_5801-scaled.jpeg?resize=1152%2C1536&amp;ssl=1 1152w, https:\/\/i0.wp.com\/www.foxone.de\/wp-content\/uploads\/IMG_5801-scaled.jpeg?resize=1536%2C2048&amp;ssl=1 1536w, https:\/\/i0.wp.com\/www.foxone.de\/wp-content\/uploads\/IMG_5801-scaled.jpeg?w=1920&amp;ssl=1 1920w\" sizes=\"auto, (max-width: 1000px) 100vw, 1000px\" \/><\/figure>\n\n\n\n<p><\/p>\n\n\n\n<figure class=\"wp-block-image size-large\"><img data-recalc-dims=\"1\" loading=\"lazy\" decoding=\"async\" width=\"1000\" height=\"1333\" src=\"https:\/\/i0.wp.com\/www.foxone.de\/wp-content\/uploads\/IMG_5806.jpeg?resize=1000%2C1333&#038;ssl=1\" alt=\"\" class=\"wp-image-300911\" srcset=\"https:\/\/i0.wp.com\/www.foxone.de\/wp-content\/uploads\/IMG_5806-scaled.jpeg?resize=1020%2C1360&amp;ssl=1 1020w, https:\/\/i0.wp.com\/www.foxone.de\/wp-content\/uploads\/IMG_5806-scaled.jpeg?resize=632%2C843&amp;ssl=1 632w, https:\/\/i0.wp.com\/www.foxone.de\/wp-content\/uploads\/IMG_5806-scaled.jpeg?resize=768%2C1024&amp;ssl=1 768w, https:\/\/i0.wp.com\/www.foxone.de\/wp-content\/uploads\/IMG_5806-scaled.jpeg?resize=1152%2C1536&amp;ssl=1 1152w, https:\/\/i0.wp.com\/www.foxone.de\/wp-content\/uploads\/IMG_5806-scaled.jpeg?resize=1536%2C2048&amp;ssl=1 1536w, https:\/\/i0.wp.com\/www.foxone.de\/wp-content\/uploads\/IMG_5806-scaled.jpeg?w=1920&amp;ssl=1 1920w\" sizes=\"auto, (max-width: 1000px) 100vw, 1000px\" \/><\/figure>\n\n\n\n<p><\/p>\n\n\n\n<figure class=\"wp-block-image size-large\"><img data-recalc-dims=\"1\" loading=\"lazy\" decoding=\"async\" width=\"1000\" height=\"1333\" src=\"https:\/\/i0.wp.com\/www.foxone.de\/wp-content\/uploads\/IMG_5807.jpeg?resize=1000%2C1333&#038;ssl=1\" alt=\"\" class=\"wp-image-300912\" srcset=\"https:\/\/i0.wp.com\/www.foxone.de\/wp-content\/uploads\/IMG_5807-scaled.jpeg?resize=1020%2C1360&amp;ssl=1 1020w, https:\/\/i0.wp.com\/www.foxone.de\/wp-content\/uploads\/IMG_5807-scaled.jpeg?resize=632%2C843&amp;ssl=1 632w, https:\/\/i0.wp.com\/www.foxone.de\/wp-content\/uploads\/IMG_5807-scaled.jpeg?resize=768%2C1024&amp;ssl=1 768w, https:\/\/i0.wp.com\/www.foxone.de\/wp-content\/uploads\/IMG_5807-scaled.jpeg?resize=1152%2C1536&amp;ssl=1 1152w, https:\/\/i0.wp.com\/www.foxone.de\/wp-content\/uploads\/IMG_5807-scaled.jpeg?resize=1536%2C2048&amp;ssl=1 1536w, https:\/\/i0.wp.com\/www.foxone.de\/wp-content\/uploads\/IMG_5807-scaled.jpeg?w=1920&amp;ssl=1 1920w\" sizes=\"auto, (max-width: 1000px) 100vw, 1000px\" \/><\/figure>\n\n\n\n<p><\/p>\n\n\n\n<figure class=\"wp-block-image size-large\"><img data-recalc-dims=\"1\" loading=\"lazy\" decoding=\"async\" width=\"1000\" height=\"1333\" src=\"https:\/\/i0.wp.com\/www.foxone.de\/wp-content\/uploads\/IMG_5828.jpeg?resize=1000%2C1333&#038;ssl=1\" alt=\"\" class=\"wp-image-300913\" srcset=\"https:\/\/i0.wp.com\/www.foxone.de\/wp-content\/uploads\/IMG_5828-scaled.jpeg?resize=1020%2C1360&amp;ssl=1 1020w, https:\/\/i0.wp.com\/www.foxone.de\/wp-content\/uploads\/IMG_5828-scaled.jpeg?resize=632%2C843&amp;ssl=1 632w, https:\/\/i0.wp.com\/www.foxone.de\/wp-content\/uploads\/IMG_5828-scaled.jpeg?resize=768%2C1024&amp;ssl=1 768w, https:\/\/i0.wp.com\/www.foxone.de\/wp-content\/uploads\/IMG_5828-scaled.jpeg?resize=1152%2C1536&amp;ssl=1 1152w, https:\/\/i0.wp.com\/www.foxone.de\/wp-content\/uploads\/IMG_5828-scaled.jpeg?resize=1536%2C2048&amp;ssl=1 1536w, https:\/\/i0.wp.com\/www.foxone.de\/wp-content\/uploads\/IMG_5828-scaled.jpeg?w=1920&amp;ssl=1 1920w\" sizes=\"auto, (max-width: 1000px) 100vw, 1000px\" \/><\/figure>\n\n\n\n<p><\/p>\n\n\n\n<figure class=\"wp-block-image size-large\"><img data-recalc-dims=\"1\" loading=\"lazy\" decoding=\"async\" width=\"1000\" height=\"750\" src=\"https:\/\/i0.wp.com\/www.foxone.de\/wp-content\/uploads\/WhatsApp-Image-2026-02-07-at-13.51.29-2.jpeg?resize=1000%2C750&#038;ssl=1\" alt=\"\" class=\"wp-image-300928\" srcset=\"https:\/\/i0.wp.com\/www.foxone.de\/wp-content\/uploads\/WhatsApp-Image-2026-02-07-at-13.51.29-2.jpeg?resize=1020%2C765&amp;ssl=1 1020w, https:\/\/i0.wp.com\/www.foxone.de\/wp-content\/uploads\/WhatsApp-Image-2026-02-07-at-13.51.29-2.jpeg?resize=632%2C474&amp;ssl=1 632w, https:\/\/i0.wp.com\/www.foxone.de\/wp-content\/uploads\/WhatsApp-Image-2026-02-07-at-13.51.29-2.jpeg?resize=768%2C576&amp;ssl=1 768w, https:\/\/i0.wp.com\/www.foxone.de\/wp-content\/uploads\/WhatsApp-Image-2026-02-07-at-13.51.29-2.jpeg?resize=1536%2C1152&amp;ssl=1 1536w, https:\/\/i0.wp.com\/www.foxone.de\/wp-content\/uploads\/WhatsApp-Image-2026-02-07-at-13.51.29-2.jpeg?w=2048&amp;ssl=1 2048w\" sizes=\"auto, (max-width: 1000px) 100vw, 1000px\" \/><\/figure>\n\n\n\n<p><\/p>\n\n\n\n<figure class=\"wp-block-image size-large\"><img data-recalc-dims=\"1\" loading=\"lazy\" decoding=\"async\" width=\"1000\" height=\"750\" src=\"https:\/\/i0.wp.com\/www.foxone.de\/wp-content\/uploads\/WhatsApp-Image-2026-02-07-at-13.51.30-2.jpeg?resize=1000%2C750&#038;ssl=1\" alt=\"\" class=\"wp-image-300929\" srcset=\"https:\/\/i0.wp.com\/www.foxone.de\/wp-content\/uploads\/WhatsApp-Image-2026-02-07-at-13.51.30-2.jpeg?resize=1020%2C765&amp;ssl=1 1020w, https:\/\/i0.wp.com\/www.foxone.de\/wp-content\/uploads\/WhatsApp-Image-2026-02-07-at-13.51.30-2.jpeg?resize=632%2C474&amp;ssl=1 632w, https:\/\/i0.wp.com\/www.foxone.de\/wp-content\/uploads\/WhatsApp-Image-2026-02-07-at-13.51.30-2.jpeg?resize=768%2C576&amp;ssl=1 768w, https:\/\/i0.wp.com\/www.foxone.de\/wp-content\/uploads\/WhatsApp-Image-2026-02-07-at-13.51.30-2.jpeg?resize=1536%2C1152&amp;ssl=1 1536w, https:\/\/i0.wp.com\/www.foxone.de\/wp-content\/uploads\/WhatsApp-Image-2026-02-07-at-13.51.30-2.jpeg?w=2048&amp;ssl=1 2048w\" sizes=\"auto, (max-width: 1000px) 100vw, 1000px\" \/><\/figure>\n\n\n\n<figure class=\"wp-block-image size-large\"><img data-recalc-dims=\"1\" loading=\"lazy\" decoding=\"async\" width=\"1000\" height=\"667\" src=\"https:\/\/i0.wp.com\/www.foxone.de\/wp-content\/uploads\/ChatGPT-Image-7.-Mai-2026-17_08_46.png?resize=1000%2C667&#038;ssl=1\" alt=\"\" class=\"wp-image-301506\" srcset=\"https:\/\/i0.wp.com\/www.foxone.de\/wp-content\/uploads\/ChatGPT-Image-7.-Mai-2026-17_08_46.png?resize=1020%2C680&amp;ssl=1 1020w, https:\/\/i0.wp.com\/www.foxone.de\/wp-content\/uploads\/ChatGPT-Image-7.-Mai-2026-17_08_46.png?resize=632%2C421&amp;ssl=1 632w, https:\/\/i0.wp.com\/www.foxone.de\/wp-content\/uploads\/ChatGPT-Image-7.-Mai-2026-17_08_46.png?resize=768%2C512&amp;ssl=1 768w, https:\/\/i0.wp.com\/www.foxone.de\/wp-content\/uploads\/ChatGPT-Image-7.-Mai-2026-17_08_46.png?w=1536&amp;ssl=1 1536w\" sizes=\"auto, (max-width: 1000px) 100vw, 1000px\" \/><\/figure>\n","protected":false},"excerpt":{"rendered":"<p>Spartacus Duke Wayne ein Name, der Gewicht tr\u00e4gt. Ein Name, der Geschichte atmet. Und ein junger Kater, der gekommen ist, um sein eigenes Kapitel zu schreiben. Spartacus Duke Wayne ist&#8230; <span class=\"more-link\"><a href=\"https:\/\/www.foxone.de\/?page_id=300903\">Read More<\/a><\/span><\/p>\n","protected":false},"author":1,"featured_media":0,"parent":0,"menu_order":4,"comment_status":"closed","ping_status":"closed","template":"","meta":{"footnotes":""},"class_list":["post-300903","page","type-page","status-publish","hentry"],"_links":{"self":[{"href":"https:\/\/www.foxone.de\/index.php?rest_route=\/wp\/v2\/pages\/300903","targetHints":{"allow":["GET"]}}],"collection":[{"href":"https:\/\/www.foxone.de\/index.php?rest_route=\/wp\/v2\/pages"}],"about":[{"href":"https:\/\/www.foxone.de\/index.php?rest_route=\/wp\/v2\/types\/page"}],"author":[{"embeddable":true,"href":"https:\/\/www.foxone.de\/index.php?rest_route=\/wp\/v2\/users\/1"}],"replies":[{"embeddable":true,"href":"https:\/\/www.foxone.de\/index.php?rest_route=%2Fwp%2Fv2%2Fcomments&post=300903"}],"version-history":[{"count":28,"href":"https:\/\/www.foxone.de\/index.php?rest_route=\/wp\/v2\/pages\/300903\/revisions"}],"predecessor-version":[{"id":301526,"href":"https:\/\/www.foxone.de\/index.php?rest_route=\/wp\/v2\/pages\/300903\/revisions\/301526"}],"wp:attachment":[{"href":"https:\/\/www.foxone.de\/index.php?rest_route=%2Fwp%2Fv2%2Fmedia&parent=300903"}],"curies":[{"name":"wp","href":"https:\/\/api.w.org\/{rel}","templated":true}]}}