{"id":301032,"date":"2026-02-10T12:32:48","date_gmt":"2026-02-10T10:32:48","guid":{"rendered":"https:\/\/www.foxone.de\/?page_id=301032"},"modified":"2026-05-07T18:05:46","modified_gmt":"2026-05-07T16:05:46","slug":"queen-harley-rose-quinn-wayne","status":"publish","type":"page","link":"https:\/\/www.foxone.de\/?page_id=301032","title":{"rendered":"Queen Harley Rose Quinn Wayne"},"content":{"rendered":"\n<p><strong>Queen Harley Rose Quinn Wayne<\/strong> Legenden werden geboren&#8230;<br><br>war von Anfang an etwas Besonderes Geboren am <strong>16.08.2024<\/strong>, tr\u00e4gt sie die Welt in ihren Augen und ein kleines Feuer in ihrem Herzen. Schon als K\u00e4tzchen hatte sie diesen Moment, in dem man sp\u00fcrt: Sie wird niemals einfach nur folgen. Sie wird ihren eigenen Weg gehen, mit Eleganz, Intelligenz und einem Hauch von Unberechenbarkeit. Sie ist die Tochter von der lengend\u00e4ren <a href=\"https:\/\/www.foxone.de\/?page_id=291278\" data-type=\"page\" data-id=\"291278\">Paige Josephine<\/a> die ebenfalls bei uns geboren ist.<\/p>\n\n\n\n<p><strong>Harley<\/strong> bewegt sich wie eine Melodie, leicht und sicher, mit Anmut in jeder Bewegung. Ihre Augen funkeln, neugierig, aufmerksam, und manchmal scheint es, als verstehe sie mehr, als wir Menschen begreifen k\u00f6nnen. Sie beobachtet, sie lernt, sie bezaubert \u2013 und niemand kann sich ihrem Charme entziehen.<\/p>\n\n\n\n<p>Ihr Fell ist wie ein fl\u00fcssiger Traum. Sanft, gl\u00e4nzend, lebendig, es schimmert im Licht wie fl\u00fcssiges Gold und unterstreicht ihre einzigartige Sch\u00f6nheit. Jede Ber\u00fchrung ist ein Erlebnis, jede Bewegung ein Statement. Sie ist die perfekte Mischung aus Eleganz und Lebendigkeit, St\u00e4rke und Sanftmut.<\/p>\n\n\n\n<p><strong>Harley Rose Quinn Wayne<\/strong> ist neugierig und mutig, verspielt und klug, sanft und bestimmt zugleich. Sie schenkt Zuneigung auf ihre ganz eigene Weise, zieht Menschen in ihren Bann und hinterl\u00e4sst einen bleibenden Eindruck, der noch lange nachklingt.<\/p>\n\n\n\n<p>Sie ist nicht nur ein Teil unserer Familie. Sie ist ein Herzst\u00fcck, ein Funke, der alles um sich herum heller macht. Ihre Zukunft ist voller M\u00f6glichkeiten, ihre Geschichte beginnt gerade erst \u2013 und wir d\u00fcrfen gespannt sein, wie sie diese Welt mit ihrer Pers\u00f6nlichkeit verzaubern wird.<\/p>\n\n\n\n<p>Willkommen, Queen Harley Rose Quinn Wayne in deinem Kapitel der Legenden.<br><br><strong>Update:<\/strong> Harley hat Ihren ersten Wurf bekommen am <strong>21.12.2025<\/strong> und wir freuen uns auf die wundersch\u00f6nen kleinen Nachwuchs mit dem Sie uns beschenkt hat.<br><br><strong>Update Mai 2026: und was f\u00fcr eines:<\/strong><br><br>Vorweg er konnte sich bereits den Champion Titel sichern und es fehlt l\u00e4uft gerade auf den Internationalen Champion zu.<\/p>\n\n\n\n<p>Gradios hat Sie Ihren&nbsp;<strong>HCM-Schall<\/strong>&nbsp;nach Pawpeds Zertifiziert bei&nbsp;<strong>Dr. Kresken<\/strong>&nbsp;in der Tierklinink in Duisburg nicht einfach nur bestanden, er hat ihn mit einer Pr\u00e4zision und St\u00e4rke gemeistert, die selbst erfahrene Z\u00fcchter kurz innehalten l\u00e4sst. Mit einem beeindruckenden&nbsp;<strong>LVSd-Wert von 3,2<\/strong>&nbsp;setzt er ein klares Statement: Hier beginnt etwas Gro\u00dfes. Die Zukunft \u00f6ffnet sich, kraftvoll und vielversprechend und wir k\u00f6nnten stolzer nicht sein.<br><br>Ihre Ergebnisse sprechen f\u00fcr sich:<\/p>\n\n\n\n<p><strong>DNA<\/strong>-getestet und eingetragen,<br><strong>PKD<\/strong>&nbsp;keine Zysten vorhanden,<\/p>\n\n\n\n<p>PKD-Def =&nbsp;<strong>N\/N<\/strong><br>Pra-B =&nbsp;<strong>N\/N<\/strong><\/p>\n\n\n\n<p>Blutgruppe&nbsp;<strong>A<\/strong><\/p>\n\n\n\n<p>Die Farbgenetik von Harley.<\/p>\n\n\n\n<p>Genotyp&nbsp;<strong>A\/A<\/strong>&nbsp;\u2013 Full color. Cat does not have the Carrier allele<br>Genotyp&nbsp;<strong>B\/B&nbsp;<\/strong>\u2013 Full color. Cat does not have the dilute allele<br>Genotyp&nbsp;<strong>C\/C<\/strong>&nbsp;\u2013 Full color. Cat does not have the Carrier allele<br>Genotyp&nbsp;<strong>D\/D&nbsp;<\/strong>\u2013 Full color. Cat does not have the dilute allele<br>Genotyp <strong>E\/E<\/strong>&nbsp;\u2013 No copies of the mutation for Amber.<\/p>\n\n\n\n<p>Doch dieser Moment ist kein Zufall, sondern das Ergebnis konsequenter, internationaler Spitzenuntersuchungen. Gradios wurde umfassend getestet und genetisch durchleuchtet \u2013 bei renommierten Instituten in den USA (UC Davis), \u00d6sterreich (Feragen) sowie in Deutschland (Genoline und Laboklin). Ein Netzwerk aus Expertise, das keine Fragen offenl\u00e4sst.<\/p>\n\n\n\n<p>Wir sind so stolz auf dich \ud83d\ude42<\/p>\n\n\n\n<figure class=\"wp-block-image size-large\"><img data-recalc-dims=\"1\" loading=\"lazy\" decoding=\"async\" width=\"1000\" height=\"667\" src=\"https:\/\/i0.wp.com\/www.foxone.de\/wp-content\/uploads\/453A5463-1.jpg?resize=1000%2C667&#038;ssl=1\" alt=\"\" class=\"wp-image-301036\" srcset=\"https:\/\/i0.wp.com\/www.foxone.de\/wp-content\/uploads\/453A5463-1.jpg?resize=1020%2C680&amp;ssl=1 1020w, https:\/\/i0.wp.com\/www.foxone.de\/wp-content\/uploads\/453A5463-1.jpg?resize=632%2C421&amp;ssl=1 632w, https:\/\/i0.wp.com\/www.foxone.de\/wp-content\/uploads\/453A5463-1.jpg?resize=768%2C512&amp;ssl=1 768w, https:\/\/i0.wp.com\/www.foxone.de\/wp-content\/uploads\/453A5463-1.jpg?resize=1536%2C1024&amp;ssl=1 1536w, https:\/\/i0.wp.com\/www.foxone.de\/wp-content\/uploads\/453A5463-1.jpg?resize=2048%2C1365&amp;ssl=1 2048w\" sizes=\"auto, (max-width: 1000px) 100vw, 1000px\" \/><\/figure>\n\n\n\n<p><\/p>\n\n\n\n<figure class=\"wp-block-image size-large\"><img data-recalc-dims=\"1\" loading=\"lazy\" decoding=\"async\" width=\"1000\" height=\"750\" src=\"https:\/\/i0.wp.com\/www.foxone.de\/wp-content\/uploads\/wurf.jpg?resize=1000%2C750&#038;ssl=1\" alt=\"\" class=\"wp-image-301039\" srcset=\"https:\/\/i0.wp.com\/www.foxone.de\/wp-content\/uploads\/wurf.jpg?resize=1020%2C765&amp;ssl=1 1020w, https:\/\/i0.wp.com\/www.foxone.de\/wp-content\/uploads\/wurf.jpg?resize=632%2C474&amp;ssl=1 632w, https:\/\/i0.wp.com\/www.foxone.de\/wp-content\/uploads\/wurf.jpg?resize=768%2C576&amp;ssl=1 768w, https:\/\/i0.wp.com\/www.foxone.de\/wp-content\/uploads\/wurf.jpg?resize=1536%2C1152&amp;ssl=1 1536w, https:\/\/i0.wp.com\/www.foxone.de\/wp-content\/uploads\/wurf.jpg?w=2048&amp;ssl=1 2048w\" sizes=\"auto, (max-width: 1000px) 100vw, 1000px\" \/><\/figure>\n\n\n\n<p><\/p>\n\n\n\n<figure class=\"wp-block-image size-large\"><img data-recalc-dims=\"1\" loading=\"lazy\" decoding=\"async\" width=\"1000\" height=\"667\" src=\"https:\/\/i0.wp.com\/www.foxone.de\/wp-content\/uploads\/453A5507.jpg?resize=1000%2C667&#038;ssl=1\" alt=\"\" class=\"wp-image-301037\" srcset=\"https:\/\/i0.wp.com\/www.foxone.de\/wp-content\/uploads\/453A5507.jpg?resize=1020%2C680&amp;ssl=1 1020w, https:\/\/i0.wp.com\/www.foxone.de\/wp-content\/uploads\/453A5507.jpg?resize=632%2C421&amp;ssl=1 632w, https:\/\/i0.wp.com\/www.foxone.de\/wp-content\/uploads\/453A5507.jpg?resize=768%2C512&amp;ssl=1 768w, https:\/\/i0.wp.com\/www.foxone.de\/wp-content\/uploads\/453A5507.jpg?resize=1536%2C1024&amp;ssl=1 1536w, https:\/\/i0.wp.com\/www.foxone.de\/wp-content\/uploads\/453A5507.jpg?resize=2048%2C1365&amp;ssl=1 2048w\" sizes=\"auto, (max-width: 1000px) 100vw, 1000px\" \/><\/figure>\n\n\n\n<p><\/p>\n\n\n\n<figure class=\"wp-block-image size-large\"><img data-recalc-dims=\"1\" loading=\"lazy\" decoding=\"async\" width=\"1000\" height=\"667\" src=\"https:\/\/i0.wp.com\/www.foxone.de\/wp-content\/uploads\/ChatGPT-Image-7.-Mai-2026-17_08_46.png?resize=1000%2C667&#038;ssl=1\" alt=\"\" class=\"wp-image-301506\" srcset=\"https:\/\/i0.wp.com\/www.foxone.de\/wp-content\/uploads\/ChatGPT-Image-7.-Mai-2026-17_08_46.png?resize=1020%2C680&amp;ssl=1 1020w, https:\/\/i0.wp.com\/www.foxone.de\/wp-content\/uploads\/ChatGPT-Image-7.-Mai-2026-17_08_46.png?resize=632%2C421&amp;ssl=1 632w, https:\/\/i0.wp.com\/www.foxone.de\/wp-content\/uploads\/ChatGPT-Image-7.-Mai-2026-17_08_46.png?resize=768%2C512&amp;ssl=1 768w, https:\/\/i0.wp.com\/www.foxone.de\/wp-content\/uploads\/ChatGPT-Image-7.-Mai-2026-17_08_46.png?w=1536&amp;ssl=1 1536w\" sizes=\"auto, (max-width: 1000px) 100vw, 1000px\" \/><\/figure>\n","protected":false},"excerpt":{"rendered":"<p>Queen Harley Rose Quinn Wayne Legenden werden geboren&#8230; war von Anfang an etwas Besonderes Geboren am 16.08.2024, tr\u00e4gt sie die Welt in ihren Augen und ein kleines Feuer in ihrem&#8230; <span class=\"more-link\"><a href=\"https:\/\/www.foxone.de\/?page_id=301032\">Read More<\/a><\/span><\/p>\n","protected":false},"author":1,"featured_media":301036,"parent":0,"menu_order":6,"comment_status":"closed","ping_status":"closed","template":"","meta":{"footnotes":""},"class_list":["post-301032","page","type-page","status-publish","has-post-thumbnail","hentry"],"_links":{"self":[{"href":"https:\/\/www.foxone.de\/index.php?rest_route=\/wp\/v2\/pages\/301032","targetHints":{"allow":["GET"]}}],"collection":[{"href":"https:\/\/www.foxone.de\/index.php?rest_route=\/wp\/v2\/pages"}],"about":[{"href":"https:\/\/www.foxone.de\/index.php?rest_route=\/wp\/v2\/types\/page"}],"author":[{"embeddable":true,"href":"https:\/\/www.foxone.de\/index.php?rest_route=\/wp\/v2\/users\/1"}],"replies":[{"embeddable":true,"href":"https:\/\/www.foxone.de\/index.php?rest_route=%2Fwp%2Fv2%2Fcomments&post=301032"}],"version-history":[{"count":14,"href":"https:\/\/www.foxone.de\/index.php?rest_route=\/wp\/v2\/pages\/301032\/revisions"}],"predecessor-version":[{"id":301532,"href":"https:\/\/www.foxone.de\/index.php?rest_route=\/wp\/v2\/pages\/301032\/revisions\/301532"}],"wp:featuredmedia":[{"embeddable":true,"href":"https:\/\/www.foxone.de\/index.php?rest_route=\/wp\/v2\/media\/301036"}],"wp:attachment":[{"href":"https:\/\/www.foxone.de\/index.php?rest_route=%2Fwp%2Fv2%2Fmedia&parent=301032"}],"curies":[{"name":"wp","href":"https:\/\/api.w.org\/{rel}","templated":true}]}}