{"id":32,"date":"2014-05-10T18:25:57","date_gmt":"2014-05-10T16:25:57","guid":{"rendered":"http:\/\/www.foxone.de\/?page_id=32"},"modified":"2026-02-11T18:10:05","modified_gmt":"2026-02-11T16:10:05","slug":"josephine-alicia-wayne","status":"publish","type":"page","link":"https:\/\/www.foxone.de\/?page_id=32","title":{"rendered":"Josephine Wayne"},"content":{"rendered":"<p data-start=\"0\" data-end=\"60\"><strong>Josephine Alicia Wayne<\/strong><br data-start=\"22\" data-end=\"25\" \/>Eine Legende unserer Bengal-Zucht<\/p>\n<p data-start=\"62\" data-end=\"327\"><strong>Josephine Alicia Wayne<\/strong> ist eine wundersch\u00f6ne Bengal-Dame in der Farbe \u201e<strong>braun rosetted<\/strong>\u201c, deren Ausstrahlung und Eleganz sofort beeindruckt. Schon von Beginn an verk\u00f6rperte sie alles, wof\u00fcr unsere Zucht steht: Ausdruck, Klasse, Temperament und Charme in Perfektion.<\/p>\n<p data-start=\"329\" data-end=\"845\">Josephine wurde ein besonderer Partner unseres legend\u00e4ren \u201e<strong>John Wayne<\/strong>\u201c. Gemeinsam bildeten sie ein Zuchtpaar, das Qualit\u00e4t, Typ und Charakter perfekt vereinte. Aus dieser Verbindung entstand ein einziger, aber umso bedeutenderer Wurf: zwei au\u00dfergew\u00f6hnliche Kitten, <strong>Shirley McLaine<\/strong> und C<strong>lint Eastwood<\/strong>, die beide unsere Zuchtlinie entscheidend gepr\u00e4gt haben. Clint Eastwood ist nach wie vor aktiv in unserer Zucht und setzt das Erbe der Familie fort ein lebendiger Beweis f\u00fcr die St\u00e4rke und Qualit\u00e4t von Josephine.<\/p>\n<p data-start=\"847\" data-end=\"1240\">Im Jahr 2014, nach fast sechs Jahren intensiver Zucht- und Ausstellungsarbeit, trat J<strong>osephine Alicia Wayne<\/strong> ihren wohlverdienten Ruhestand an. Sie lebt nun in liebevollen H\u00e4nden bei Freunden, die ihr ein beh\u00fctetes Zuhause schenken und sie verw\u00f6hnen. Auch nach ihrem aktiven Zuchtleben bleibt sie ein Herzst\u00fcck unserer Zuchtgeschichte und ein Symbol f\u00fcr Exzellenz, Sch\u00f6nheit und Best\u00e4ndigkeit.<\/p>\n<p data-start=\"1242\" data-end=\"1442\" data-is-last-node=\"\" data-is-only-node=\"\"><strong>Josephine Alicia Wayne<\/strong> ist mehr als nur eine Zuchtkatze \u2013 sie ist ein Teil unserer Familientradition, eine Legende in unserer Bengal-Welt und ein leuchtendes Beispiel f\u00fcr Qualit\u00e4t, Charakter und Herz.<\/p>\n<figure id=\"attachment_455\" aria-describedby=\"caption-attachment-455\" style=\"width: 768px\" class=\"wp-caption aligncenter\"><a href=\"https:\/\/i0.wp.com\/www.foxone.de\/wp-content\/uploads\/2014\/06\/IMG_4288.jpg?ssl=1\"><img data-recalc-dims=\"1\" loading=\"lazy\" decoding=\"async\" class=\"wp-image-455 size-large\" src=\"https:\/\/i0.wp.com\/www.foxone.de\/wp-content\/uploads\/2014\/06\/IMG_4288.jpg?resize=768%2C1024&#038;ssl=1\" alt=\"IMG_4288\" width=\"768\" height=\"1024\" srcset=\"https:\/\/i0.wp.com\/www.foxone.de\/wp-content\/uploads\/2014\/06\/IMG_4288.jpg?resize=768%2C1024&amp;ssl=1 768w, https:\/\/i0.wp.com\/www.foxone.de\/wp-content\/uploads\/2014\/06\/IMG_4288.jpg?resize=225%2C300&amp;ssl=1 225w, https:\/\/i0.wp.com\/www.foxone.de\/wp-content\/uploads\/2014\/06\/IMG_4288.jpg?w=2000&amp;ssl=1 2000w\" sizes=\"auto, (max-width: 768px) 100vw, 768px\" \/><\/a><figcaption id=\"caption-attachment-455\" class=\"wp-caption-text\">Josephine Alica Wayne (Bengal rosetted)<\/figcaption><\/figure>\n<figure id=\"attachment_456\" aria-describedby=\"caption-attachment-456\" style=\"width: 768px\" class=\"wp-caption aligncenter\"><a href=\"https:\/\/i0.wp.com\/www.foxone.de\/wp-content\/uploads\/2014\/06\/IMG_4298.jpg?ssl=1\"><img data-recalc-dims=\"1\" loading=\"lazy\" decoding=\"async\" class=\"wp-image-456 size-large\" src=\"https:\/\/i0.wp.com\/www.foxone.de\/wp-content\/uploads\/2014\/06\/IMG_4298.jpg?resize=768%2C1024&#038;ssl=1\" alt=\"IMG_4298\" width=\"768\" height=\"1024\" srcset=\"https:\/\/i0.wp.com\/www.foxone.de\/wp-content\/uploads\/2014\/06\/IMG_4298.jpg?resize=768%2C1024&amp;ssl=1 768w, https:\/\/i0.wp.com\/www.foxone.de\/wp-content\/uploads\/2014\/06\/IMG_4298.jpg?resize=225%2C300&amp;ssl=1 225w, https:\/\/i0.wp.com\/www.foxone.de\/wp-content\/uploads\/2014\/06\/IMG_4298.jpg?w=2000&amp;ssl=1 2000w\" sizes=\"auto, (max-width: 768px) 100vw, 768px\" \/><\/a><figcaption id=\"caption-attachment-456\" class=\"wp-caption-text\">Josephine Alica Wayne<\/figcaption><\/figure>\n<figure id=\"attachment_457\" aria-describedby=\"caption-attachment-457\" style=\"width: 1000px\" class=\"wp-caption aligncenter\"><a href=\"https:\/\/i0.wp.com\/www.foxone.de\/wp-content\/uploads\/2014\/06\/IMG_4320.jpg?ssl=1\"><img data-recalc-dims=\"1\" loading=\"lazy\" decoding=\"async\" class=\"wp-image-457 size-large\" src=\"https:\/\/i0.wp.com\/www.foxone.de\/wp-content\/uploads\/2014\/06\/IMG_4320.jpg?resize=1000%2C750&#038;ssl=1\" alt=\"IMG_4320\" width=\"1000\" height=\"750\" srcset=\"https:\/\/i0.wp.com\/www.foxone.de\/wp-content\/uploads\/2014\/06\/IMG_4320.jpg?resize=1024%2C768&amp;ssl=1 1024w, https:\/\/i0.wp.com\/www.foxone.de\/wp-content\/uploads\/2014\/06\/IMG_4320.jpg?resize=300%2C225&amp;ssl=1 300w, https:\/\/i0.wp.com\/www.foxone.de\/wp-content\/uploads\/2014\/06\/IMG_4320.jpg?w=2000&amp;ssl=1 2000w, https:\/\/i0.wp.com\/www.foxone.de\/wp-content\/uploads\/2014\/06\/IMG_4320.jpg?w=3000&amp;ssl=1 3000w\" sizes=\"auto, (max-width: 1000px) 100vw, 1000px\" \/><\/a><figcaption id=\"caption-attachment-457\" class=\"wp-caption-text\">Josephine Alica Wayne<\/figcaption><\/figure>\n","protected":false},"excerpt":{"rendered":"<p>Josephine Alicia WayneEine Legende unserer Bengal-Zucht Josephine Alicia Wayne ist eine wundersch\u00f6ne Bengal-Dame in der Farbe \u201ebraun rosetted\u201c, deren Ausstrahlung und Eleganz sofort beeindruckt. Schon von Beginn an verk\u00f6rperte sie&#8230; <span class=\"more-link\"><a href=\"https:\/\/www.foxone.de\/?page_id=32\">Read More<\/a><\/span><\/p>\n","protected":false},"author":1,"featured_media":0,"parent":252690,"menu_order":101,"comment_status":"closed","ping_status":"closed","template":"","meta":{"footnotes":""},"class_list":["post-32","page","type-page","status-publish","hentry"],"_links":{"self":[{"href":"https:\/\/www.foxone.de\/index.php?rest_route=\/wp\/v2\/pages\/32","targetHints":{"allow":["GET"]}}],"collection":[{"href":"https:\/\/www.foxone.de\/index.php?rest_route=\/wp\/v2\/pages"}],"about":[{"href":"https:\/\/www.foxone.de\/index.php?rest_route=\/wp\/v2\/types\/page"}],"author":[{"embeddable":true,"href":"https:\/\/www.foxone.de\/index.php?rest_route=\/wp\/v2\/users\/1"}],"replies":[{"embeddable":true,"href":"https:\/\/www.foxone.de\/index.php?rest_route=%2Fwp%2Fv2%2Fcomments&post=32"}],"version-history":[{"count":26,"href":"https:\/\/www.foxone.de\/index.php?rest_route=\/wp\/v2\/pages\/32\/revisions"}],"predecessor-version":[{"id":301151,"href":"https:\/\/www.foxone.de\/index.php?rest_route=\/wp\/v2\/pages\/32\/revisions\/301151"}],"up":[{"embeddable":true,"href":"https:\/\/www.foxone.de\/index.php?rest_route=\/wp\/v2\/pages\/252690"}],"wp:attachment":[{"href":"https:\/\/www.foxone.de\/index.php?rest_route=%2Fwp%2Fv2%2Fmedia&parent=32"}],"curies":[{"name":"wp","href":"https:\/\/api.w.org\/{rel}","templated":true}]}}